{"id":158,"date":"2017-01-26T22:33:55","date_gmt":"2017-01-26T21:33:55","guid":{"rendered":"http:\/\/chrs.cieq.ca\/?page_id=158"},"modified":"2022-02-04T11:53:58","modified_gmt":"2022-02-04T15:53:58","slug":"peter-gossage","status":"publish","type":"page","link":"https:\/\/chrs.uqam.ca\/index.php\/a-propos\/equipe\/membres-reguliers\/peter-gossage\/","title":{"rendered":"Peter Gossage"},"content":{"rendered":"<div class=\"su-row\"><div class=\"su-column su-column-size-1-5\"><div class=\"su-column-inner su-u-clearfix su-u-trim\"><img loading=\"lazy\" decoding=\"async\" class=\"alignleft size-thumbnail wp-image-161\" src=\"\/wp-content\/uploads\/2017\/01\/1391-150x150.jpeg\" alt=\"\" width=\"150\" height=\"150\" \/><\/div><\/div>\n<div class=\"su-column su-column-size-4-5\"><div class=\"su-column-inner su-u-clearfix su-u-trim\">2016 &#8211; Actuel<\/p>\n<p><strong>Professeur, Universit\u00e9 Concordia<br \/>\nDepartment of History<\/strong><\/div><\/div><\/div>\n<p>Peter Gossage est titulaire de dipl\u00f4mes d&rsquo;\u00e9tudes sup\u00e9rieures en histoire du Qu\u00e9bec de l&rsquo;Universit\u00e9 McGill et de l&rsquo;Universit\u00e9 du Qu\u00e9bec \u00e0 Montr\u00e9al. Il est arriv\u00e9 \u00e0 Concordia en 2009 apr\u00e8s avoir occup\u00e9 le poste de professeur \u00e0 l&rsquo;Universit\u00e9 de Sherbrooke depuis 1993. Il est sp\u00e9cialiste du Qu\u00e9bec des XIXe et XXe si\u00e8cles. Ses principaux domaines de recherche sont famille, le genre et la d\u00e9mographie historique.<\/p>\n<p><strong><a href=\"https:\/\/chrs.uqam.ca\/index.php\/recherche\/realisations\/publications\/?tgid=&amp;yr=&amp;type=&amp;usr=&amp;auth=264#tppubs\" target=\"_blank\" rel=\"noopener\">Liste des publications<\/a><\/strong><\/p>\n<div class=\"su-spoiler su-spoiler-style-default su-spoiler-icon-chevron su-spoiler-closed\" data-scroll-offset=\"0\" data-anchor-in-url=\"no\"><div class=\"su-spoiler-title\" tabindex=\"0\" role=\"button\"><span class=\"su-spoiler-icon\"><\/span>Coordonn\u00e9es<\/div><div class=\"su-spoiler-content su-u-clearfix su-u-trim\">\n<strong>Adresse :<\/strong><br \/>\n<a href=\"https:\/\/www.concordia.ca\/maps\/sgw-campus.html?building=LB\">S-LB 1011-03<\/a><br \/>\nJ.W. McConnell Building,<br \/>\n1400 De Maisonneuve Blvd. W.<\/p>\n<p><strong>T\u00e9l\u00e9phone : <\/strong><br \/>\n(514) 848-2424 ext. 2709<\/p>\n<p><strong>Courriel : <\/strong><br \/>\nPeter.Gossage@concordia.ca <\/div><\/div>\n<div class=\"su-spoiler su-spoiler-style-default su-spoiler-icon-chevron su-spoiler-closed\" data-scroll-offset=\"0\" data-anchor-in-url=\"no\"><div class=\"su-spoiler-title\" tabindex=\"0\" role=\"button\"><span class=\"su-spoiler-icon\"><\/span>Bourses, prix et distinctions<\/div><div class=\"su-spoiler-content su-u-clearfix su-u-trim\">\n<ul>\n<li>Finaliste pour le prix Impact du Conseil de recherches en sciences humaines du Canada, cat\u00e9gorie Connexion, pour le site Web \u00e9ducatif Great Mystery Mysteries in Canadian History, 2016<\/li>\n<li>\u00a0<em>Pierre Berton Award<\/em> for <em>Great Unsolved Mysteries in Canadian History,<\/em> co-directeurs John Lutz, Ruth Sandwell, et Peter Gossage, 2008<\/li>\n<\/ul>\n<\/div><\/div>\n<div class=\"su-spoiler su-spoiler-style-default su-spoiler-icon-chevron su-spoiler-closed\" data-scroll-offset=\"0\" data-anchor-in-url=\"no\"><div class=\"su-spoiler-title\" tabindex=\"0\" role=\"button\"><span class=\"su-spoiler-icon\"><\/span>Liens<\/div><div class=\"su-spoiler-content su-u-clearfix su-u-trim\">\n<a href=\"https:\/\/www.concordia.ca\/artsci\/history\/faculty.html?fpid=peter-gossage\" target=\"_blank\" rel=\"noopener\">Page personnelle de Peter Gossage sur le site du d\u00e9partement d&rsquo;histoire de l&rsquo;Universit\u00e9 Concordia<\/a><br \/>\n<a href=\"https:\/\/chrs.uqam.ca\/index.php\/recherche\/realisations\/publications\/?tgid=&amp;yr=&amp;type=&amp;usr=&amp;auth=264#tppubs\" target=\"_blank\" rel=\"noopener\">Liste des publications de Peter Gossage<\/a><br \/>\n<\/div><\/div>\n<div class=\"su-spoiler su-spoiler-style-default su-spoiler-icon-chevron\" data-scroll-offset=\"0\" data-anchor-in-url=\"no\"><div class=\"su-spoiler-title\" tabindex=\"0\" role=\"button\"><span class=\"su-spoiler-icon\"><\/span>Nouvelles<\/div><div class=\"su-spoiler-content su-u-clearfix su-u-trim\">\n<a href=\"https:\/\/chrs.uqam.ca\/index.php\/2025\/10\/02\/plusieurs-membres-du-chrs-au-congres-annuel-de-lihaf\/\">Plusieurs membres du CHRS au congr\u00e8s annuel de l&rsquo;IHAF<\/a><br><a href=\"https:\/\/chrs.uqam.ca\/index.php\/2024\/09\/26\/lancement-de-louvrage-collectif-family-and-justice-in-the-archives\/\">Lancement de l&rsquo;ouvrage collectif <i>Family and Justice in the Archives<\/i><\/a><br><a href=\"https:\/\/chrs.uqam.ca\/index.php\/2024\/06\/05\/les-derniers-ouvrages-de-janice-harvey-et-peter-gossage-dans-un-lancement-commun\/\">Les derniers ouvrages de Janice Harvey et Peter Gossage dans des lancements communs lors de la r\u00e9union annuelle de la SHC<\/a><br><a href=\"https:\/\/chrs.uqam.ca\/index.php\/2024\/05\/29\/publication-de-emfamily-and-justice-in-the-archives-em-de-peter-gossage\/\">Publication de <i>Family and Justice in the Archives<\/i> de Peter Gossage<\/a><br><a href=\"https:\/\/chrs.uqam.ca\/index.php\/2024\/05\/15\/plusieurs-membres-du-chrs-au-colloque-lhistoire-des-familles-quebecoises\/\">Plusieurs membres du CHRS au colloque L&rsquo;histoire des familles qu\u00e9b\u00e9coises<\/a><br><a href=\"https:\/\/chrs.uqam.ca\/index.php\/2022\/09\/06\/discussion-avec-magda-fahrni\/\">Discussion avec Magda Fahrni dans le cadre du lancement de l\u2019ouvrage <em>Of Kith and Kin : A History of Families in Canada\ufeff<\/em><\/a><br><a href=\"https:\/\/chrs.uqam.ca\/index.php\/2022\/05\/19\/lancement-de-louvrage-of-kith-and-kin-a-history-of-families-in-canada-de-magda-fahrni\/\">Lancement de l\u2019ouvrage <em>Of Kith and Kin : A History of Families in Canada<\/em> de Magda Fahrni<\/a><br><a href=\"https:\/\/chrs.uqam.ca\/index.php\/2022\/03\/08\/conference-midi-de-peter-gossage-au-groupe-dhistoire-de-montreal\/\">Conf\u00e9rence-midi de Peter Gossage au Groupe d&rsquo;histoire de Montr\u00e9al<\/a><br><a href=\"https:\/\/chrs.uqam.ca\/index.php\/2021\/09\/22\/nos-membres-au-73e-congres-de-lihaf\/\">Nos membres au 73e congr\u00e8s de l&rsquo;IHAF<\/a><br><a href=\"https:\/\/chrs.uqam.ca\/index.php\/2019\/10\/28\/entrevue-avec-peter-gossage\/\">Entrevue avec Peter Gossage<\/a><br><a href=\"https:\/\/chrs.uqam.ca\/index.php\/2019\/04\/26\/colloque-famille-et-justice-dans-les-archives-programmation-et-informations-generales\/\">Colloque <em>Famille et justice dans les archives <\/em>: programmation et informations g\u00e9n\u00e9rales<\/a><br><a href=\"https:\/\/chrs.uqam.ca\/index.php\/2019\/02\/11\/peter-gossage-recoit-une-subvention-du-crsh-pour-lorganisation-du-colloque-famille-et-justice-dans-les-archives-perspectives-transnationales-sur-les-histoires-de-lintimite\/\">Peter Gossage obtient une subvention pour l&rsquo;organisation du colloque  \u00ab Famille et justice dans les archives \u00bb<\/a><br><a href=\"https:\/\/chrs.uqam.ca\/index.php\/2018\/11\/05\/seminaire-du-chrs\/\">S\u00e9minaire du CHRS : Familles, droit et justice au Qu\u00e9bec, 1840-1920<\/a><br><a href=\"https:\/\/chrs.uqam.ca\/index.php\/2018\/05\/09\/publication-de-making-men-making-history-canadian-masculinities-across-time-and-place\/\">Publication de <em>Making Men, Making History: Canadian Masculinities across Time and Place<\/em><\/a><br><a href=\"https:\/\/chrs.uqam.ca\/index.php\/2018\/04\/17\/appel-a-communications-famille-et-justice-dans-les-archives\/\">Appel \u00e0 communications : Famille et justice dans les archives<\/a><br><a href=\"https:\/\/chrs.uqam.ca\/index.php\/2018\/01\/09\/paul-dambroise-est-recipiendaire-de-la-bourse-detude-du-chrs-pour-son-concours-2017-2018\/\">Paul D\u2019Amboise est r\u00e9cipiendaire de la bourse d\u2019\u00e9tude du CHRS 2017-2018<\/a><br><a href=\"https:\/\/chrs.uqam.ca\/index.php\/2017\/05\/29\/compte-rendu-du-colloque-vices-et-criminalite-dans-lhistoire-du-quebec-et-du-canada\/\">Compte rendu du colloque \u00ab\u00a0Vices et criminalit\u00e9 dans l\u2019histoire du Qu\u00e9bec et du Canada\u00a0\u00bb<\/a><br><a href=\"https:\/\/chrs.uqam.ca\/index.php\/2017\/05\/02\/invitation-au-colloque-vices-et-criminalite-dans-lhistoire-du-quebec-et-du-canada\/\">Invitation au Colloque Vices et criminalit\u00e9 dans l\u2019histoire du Qu\u00e9bec et du Canada<\/a><br><a href=\"https:\/\/chrs.uqam.ca\/index.php\/2017\/02\/08\/louise-bienvenue-peter-gossage-et-martin-robert-signent-des-articles-dans-le-dernier-numero-dhistoire-sociale\/\">Louise Bienvenue, Peter Gossage et Martin Robert signent des articles dans le dernier num\u00e9ro d&rsquo;Histoire sociale<\/a><br><a href=\"https:\/\/chrs.uqam.ca\/index.php\/2013\/05\/09\/donald-fyson-et-thierry-nootens-obtiennent-financement-du-crsh-pour-leur-projet-familles-droit-et-justice-au-quebec\/\">Donald Fyson et Thierry Nootens obtiennent financement du CRSH pour leur projet Familles, droit et justice au Qu\u00e9bec<\/a><br>\n<\/div><\/div>\n","protected":false},"excerpt":{"rendered":"<p>Peter Gossage est titulaire de dipl\u00f4mes d&rsquo;\u00e9tudes sup\u00e9rieures en histoire du Qu\u00e9bec de l&rsquo;Universit\u00e9 McGill et de l&rsquo;Universit\u00e9 du Qu\u00e9bec \u00e0 Montr\u00e9al. Il est arriv\u00e9 \u00e0 Concordia en 2009 apr\u00e8s&#8230;<\/p>\n","protected":false},"author":2,"featured_media":0,"parent":65,"menu_order":6,"comment_status":"closed","ping_status":"closed","template":"","meta":{"_monsterinsights_skip_tracking":false,"_monsterinsights_sitenote_active":false,"_monsterinsights_sitenote_note":"","_monsterinsights_sitenote_category":0,"footnotes":""},"class_list":["post-158","page","type-page","status-publish","hentry"],"_links":{"self":[{"href":"https:\/\/chrs.uqam.ca\/index.php\/wp-json\/wp\/v2\/pages\/158","targetHints":{"allow":["GET"]}}],"collection":[{"href":"https:\/\/chrs.uqam.ca\/index.php\/wp-json\/wp\/v2\/pages"}],"about":[{"href":"https:\/\/chrs.uqam.ca\/index.php\/wp-json\/wp\/v2\/types\/page"}],"author":[{"embeddable":true,"href":"https:\/\/chrs.uqam.ca\/index.php\/wp-json\/wp\/v2\/users\/2"}],"replies":[{"embeddable":true,"href":"https:\/\/chrs.uqam.ca\/index.php\/wp-json\/wp\/v2\/comments?post=158"}],"version-history":[{"count":0,"href":"https:\/\/chrs.uqam.ca\/index.php\/wp-json\/wp\/v2\/pages\/158\/revisions"}],"up":[{"embeddable":true,"href":"https:\/\/chrs.uqam.ca\/index.php\/wp-json\/wp\/v2\/pages\/65"}],"wp:attachment":[{"href":"https:\/\/chrs.uqam.ca\/index.php\/wp-json\/wp\/v2\/media?parent=158"}],"curies":[{"name":"wp","href":"https:\/\/api.w.org\/{rel}","templated":true}]}}