{"id":152,"date":"2017-01-26T22:21:55","date_gmt":"2017-01-26T21:21:55","guid":{"rendered":"http:\/\/chrs.cieq.ca\/?page_id=152"},"modified":"2022-02-04T11:52:09","modified_gmt":"2022-02-04T15:52:09","slug":"francois-fenchel","status":"publish","type":"page","link":"https:\/\/chrs.uqam.ca\/index.php\/a-propos\/equipe\/membres-reguliers\/francois-fenchel\/","title":{"rendered":"Fran\u00e7ois Fenchel"},"content":{"rendered":"<div class=\"su-row\"><div class=\"su-column su-column-size-1-5\"><div class=\"su-column-inner su-u-clearfix su-u-trim\"><img loading=\"lazy\" decoding=\"async\" class=\"alignleft size-thumbnail wp-image-153\" src=\"\/wp-content\/uploads\/2017\/01\/FENCHEL_site-125x150.jpeg\" alt=\"\" width=\"125\" height=\"150\" \/><\/div><\/div>\n<div class=\"su-column su-column-size-4-5\"><div class=\"su-column-inner su-u-clearfix su-u-trim\">2012 &#8211;<\/p>\n<p><strong>Professeur adjoint, Universit\u00e9 Laval<br \/>\n\u00c9cole de travail social et de criminologie<\/strong><\/div><\/div><\/div>\n<p>Fran\u00e7ois Fenchel est professeur de criminologie \u00e0 l&rsquo;\u00c9cole de service social de l&rsquo;Universit\u00e9 Laval et a joint l&rsquo;\u00e9quipe du CHRS en mai 2012. Il a obtenu son Ph.D. en criminologie de l&rsquo;Universit\u00e9 de Montr\u00e9al en 2008. Sa th\u00e8se, intitul\u00e9e \u00abEntre petite criminalit\u00e9 et grande mis\u00e8re: la prison des hommes \u00e0 Montr\u00e9al et sa population (1836-1912)\u00bb, propose une analyse de la population masculine de la prison pour d\u00e9gager la nature du recours \u00e0 cette institution \u00e0 Montr\u00e9al au XIXe si\u00e8cle. Ses travaux en histoire p\u00e9nale concernent notamment l&rsquo;\u00e9volution des populations carc\u00e9rales du milieu du XIXe aux premi\u00e8res d\u00e9cennies du XXe si\u00e8cle, et sur le cadre et les pratiques de Cour des jeunes d\u00e9linquants \u00e0 Montr\u00e9al (1912-1949), en collaboration avec Jean Tr\u00e9panier.<\/p>\n<p><strong><a href=\"https:\/\/chrs.uqam.ca\/index.php\/recherche\/realisations\/publications\/?tgid=&amp;yr=&amp;type=&amp;usr=&amp;auth=308#tppubs\" target=\"_blank\" rel=\"noopener\">Liste des publications<\/a><\/strong><\/p>\n<div class=\"su-spoiler su-spoiler-style-default su-spoiler-icon-chevron su-spoiler-closed\" data-scroll-offset=\"0\" data-anchor-in-url=\"no\"><div class=\"su-spoiler-title\" tabindex=\"0\" role=\"button\"><span class=\"su-spoiler-icon\"><\/span>Coordonn\u00e9es<\/div><div class=\"su-spoiler-content su-u-clearfix su-u-trim\">\n<p><strong>Courriel : <\/strong><br \/>\nFrancois.Fenchel@svs.ulaval.ca<\/p>\n<p>\u00c9cole de service social<br \/>\nPavillon Charles-De Koninck<br \/>\nUniversit\u00e9 Laval, Qu\u00e9bec (Qu\u00e9bec) G1V 0A6<br \/>\n418-656-2131 poste 5980<\/div><\/div>\n<div class=\"su-spoiler su-spoiler-style-default su-spoiler-icon-chevron su-spoiler-closed\" data-scroll-offset=\"0\" data-anchor-in-url=\"no\"><div class=\"su-spoiler-title\" tabindex=\"0\" role=\"button\"><span class=\"su-spoiler-icon\"><\/span>Liens<\/div><div class=\"su-spoiler-content su-u-clearfix su-u-trim\">\n<a href=\"https:\/\/chrs.uqam.ca\/index.php\/recherche\/realisations\/publications\/?tgid=&amp;yr=&amp;type=&amp;usr=&amp;auth=308#tppubs\" target=\"_blank\" rel=\"noopener\">Liste des publications de Fran\u00e7ois Fenchel<\/a><\/div><\/div>\n<div class=\"su-spoiler su-spoiler-style-default su-spoiler-icon-chevron su-spoiler-closed\" data-scroll-offset=\"0\" data-anchor-in-url=\"no\"><div class=\"su-spoiler-title\" tabindex=\"0\" role=\"button\"><span class=\"su-spoiler-icon\"><\/span>Projets de recherche<\/div><div class=\"su-spoiler-content su-u-clearfix su-u-trim\">\n<ul>\n<li><a href=\"https:\/\/chrs.uqam.ca\/index.php\/regulations-sociales-et-familiales-dans-lhistoire-des-problemes-sociaux-au-quebec\/\">R\u00e9gulations sociales et familiales dans l&rsquo;histoire des probl\u00e8mes sociaux au Qu\u00e9bec<\/a><\/li>\n<li>Le placement intensif en lieu de s\u00fbret\u00e9 : une composante n\u00e9cessaire du placement en centre de r\u00e9adaptation en protection de l&rsquo;enfance?, CRSH-Savoir<\/li>\n<li>Portrait des conf\u00e9rences de r\u00e8glement \u00e0 l\u2019amiable en mati\u00e8re de protection de la jeunesse dans le district judiciaire de Qu\u00e9bec, FRQSC<\/li>\n<li>Le recours \u00e0 l&rsquo;h\u00e9bergement en unit\u00e9 d&rsquo;encadrement intensif : contextes et conditions d&rsquo;utilisation. Programme de d\u00e9veloppement de projets de recherche, CJQ-IU<\/li>\n<li><a href=\"\/index.php\/recherche\/realisations\/projets-de-recherche-en-cours\/le-gouvernement-de-la-misere\/\" target=\"_blank\" rel=\"noopener\">Le gouvernement de la mis\u00e8re et la citoyennet\u00e9 : pauvret\u00e9, maladie et crime dans l&rsquo;histoire du Qu\u00e9bec<\/a><\/li>\n<\/ul>\n<div class=\"su-spoiler su-spoiler-style-default su-spoiler-icon-chevron su-spoiler-closed\" data-scroll-offset=\"0\" data-anchor-in-url=\"no\"><div class=\"su-spoiler-title\" tabindex=\"0\" role=\"button\"><span class=\"su-spoiler-icon\"><\/span>Bourses<\/div><div class=\"su-spoiler-content su-u-clearfix su-u-trim\"><\/div><\/div>\n<p>Bourse postdoctorale du Centre de recherche sur les innovations sociales (CRISES), UQAM (mars 2008 \u2013 juin 2008)<\/p>\n<\/div><\/div>\n<div class=\"su-spoiler su-spoiler-style-default su-spoiler-icon-chevron\" data-scroll-offset=\"0\" data-anchor-in-url=\"no\"><div class=\"su-spoiler-title\" tabindex=\"0\" role=\"button\"><span class=\"su-spoiler-icon\"><\/span>Nouvelles<\/div><div class=\"su-spoiler-content su-u-clearfix su-u-trim\">\n<a href=\"https:\/\/chrs.uqam.ca\/index.php\/2019\/04\/26\/colloque-famille-et-justice-dans-les-archives-programmation-et-informations-generales\/\">Colloque <em>Famille et justice dans les archives <\/em>: programmation et informations g\u00e9n\u00e9rales<\/a><br><a href=\"https:\/\/chrs.uqam.ca\/index.php\/2018\/09\/18\/appel-a-communications-perspectives-historiques-sur-les-prisons-les-personnes-incarcerees-et-les-archives-des-prisons\/\">Appel \u00e0 communications : Perspectives historiques sur les prisons, les personnes incarc\u00e9r\u00e9es et les archives des prisons<\/a><br><a href=\"https:\/\/chrs.uqam.ca\/index.php\/2018\/04\/26\/publication-de-louvrage-youth-and-justice-in-western-states-1815-1950-from-punishment-to-welfare\/\">Publication de l&rsquo;ouvrage <i>Youth and Justice in Western States, 1815-1950. From Punishment to Welfare<\/i><\/a><br><a href=\"https:\/\/chrs.uqam.ca\/index.php\/2017\/05\/29\/compte-rendu-du-colloque-vices-et-criminalite-dans-lhistoire-du-quebec-et-du-canada\/\">Compte rendu du colloque \u00ab\u00a0Vices et criminalit\u00e9 dans l\u2019histoire du Qu\u00e9bec et du Canada\u00a0\u00bb<\/a><br><a href=\"https:\/\/chrs.uqam.ca\/index.php\/2017\/05\/02\/invitation-au-colloque-vices-et-criminalite-dans-lhistoire-du-quebec-et-du-canada\/\">Invitation au Colloque Vices et criminalit\u00e9 dans l\u2019histoire du Qu\u00e9bec et du Canada<\/a><br><a href=\"https:\/\/chrs.uqam.ca\/index.php\/2016\/10\/18\/le-chrs-au-congres-de-lihaf\/\">Le CHRS au congr\u00e8s de l\u2019IHAF<\/a><br><a href=\"https:\/\/chrs.uqam.ca\/index.php\/2015\/01\/27\/quelques-publications-recentes\/\">Quelques publications r\u00e9centes<\/a><br><a href=\"https:\/\/chrs.uqam.ca\/index.php\/2014\/06\/02\/lequipe-du-chrs-recoit-une-subvention-du-fonds-de-recherche-quebecois-sur-la-societe-et-la-culture\/\">L&rsquo;\u00e9quipe du CHRS re\u00e7oit une subvention du Fonds de recherche qu\u00e9b\u00e9cois sur la soci\u00e9t\u00e9 et la culture<\/a><br><a href=\"https:\/\/chrs.uqam.ca\/index.php\/2014\/04\/17\/francois-fenchel-jean-trepanier-et-donald-fyson-participeront-a-leuropean-social-science-history-conference-a-vienne\/\">Fran\u00e7ois Fenchel, Jean Tr\u00e9panier et Donald Fyson participeront \u00e0 l&rsquo;European Social Science History Conference \u00e0 Vienne<\/a><br>\n<\/div><\/div>\n","protected":false},"excerpt":{"rendered":"<p>Fran\u00e7ois Fenchel est professeur de criminologie \u00e0 l&rsquo;\u00c9cole de service social de l&rsquo;Universit\u00e9 Laval et a joint l&rsquo;\u00e9quipe du CHRS en mai 2012. Il a obtenu son Ph.D. en criminologie&#8230;<\/p>\n","protected":false},"author":2,"featured_media":0,"parent":65,"menu_order":4,"comment_status":"closed","ping_status":"closed","template":"","meta":{"_monsterinsights_skip_tracking":false,"_monsterinsights_sitenote_active":false,"_monsterinsights_sitenote_note":"","_monsterinsights_sitenote_category":0,"footnotes":""},"class_list":["post-152","page","type-page","status-publish","hentry"],"_links":{"self":[{"href":"https:\/\/chrs.uqam.ca\/index.php\/wp-json\/wp\/v2\/pages\/152","targetHints":{"allow":["GET"]}}],"collection":[{"href":"https:\/\/chrs.uqam.ca\/index.php\/wp-json\/wp\/v2\/pages"}],"about":[{"href":"https:\/\/chrs.uqam.ca\/index.php\/wp-json\/wp\/v2\/types\/page"}],"author":[{"embeddable":true,"href":"https:\/\/chrs.uqam.ca\/index.php\/wp-json\/wp\/v2\/users\/2"}],"replies":[{"embeddable":true,"href":"https:\/\/chrs.uqam.ca\/index.php\/wp-json\/wp\/v2\/comments?post=152"}],"version-history":[{"count":0,"href":"https:\/\/chrs.uqam.ca\/index.php\/wp-json\/wp\/v2\/pages\/152\/revisions"}],"up":[{"embeddable":true,"href":"https:\/\/chrs.uqam.ca\/index.php\/wp-json\/wp\/v2\/pages\/65"}],"wp:attachment":[{"href":"https:\/\/chrs.uqam.ca\/index.php\/wp-json\/wp\/v2\/media?parent=152"}],"curies":[{"name":"wp","href":"https:\/\/api.w.org\/{rel}","templated":true}]}}