{"id":1513,"date":"2017-02-21T04:37:49","date_gmt":"2017-02-21T03:37:49","guid":{"rendered":"http:\/\/chrs.cieq.ca\/?page_id=1513"},"modified":"2017-05-03T14:28:57","modified_gmt":"2017-05-03T18:28:57","slug":"prix-guy-fregault","status":"publish","type":"page","link":"https:\/\/chrs.uqam.ca\/index.php\/prix-guy-fregault\/","title":{"rendered":"Prix Guy Fr\u00e9gault"},"content":{"rendered":"<p>Histoire<\/p>\n<p>R\u00e9cipiendaire : <a href=\"\/index.php\/a-propos\/equipe\/membres-reguliers\/jean-marie-fecteau\/\">Jean-Marie Fecteau\u2020<\/a><br \/>\nOrganisation : Institut d\u2019histoire de l\u2019Am\u00e9rique fran\u00e7aise<br \/>\nMontr\u00e9al<br \/>\nAnn\u00e9e : 1985<\/p>\n","protected":false},"excerpt":{"rendered":"<p>Histoire R\u00e9cipiendaire : Jean-Marie Fecteau\u2020 Organisation : Institut d\u2019histoire de l\u2019Am\u00e9rique fran\u00e7aise Montr\u00e9al Ann\u00e9e : 1985<\/p>\n","protected":false},"author":2,"featured_media":0,"parent":0,"menu_order":0,"comment_status":"closed","ping_status":"closed","template":"","meta":{"_monsterinsights_skip_tracking":false,"_monsterinsights_sitenote_active":false,"_monsterinsights_sitenote_note":"","_monsterinsights_sitenote_category":0,"footnotes":""},"class_list":["post-1513","page","type-page","status-publish","hentry"],"_links":{"self":[{"href":"https:\/\/chrs.uqam.ca\/index.php\/wp-json\/wp\/v2\/pages\/1513","targetHints":{"allow":["GET"]}}],"collection":[{"href":"https:\/\/chrs.uqam.ca\/index.php\/wp-json\/wp\/v2\/pages"}],"about":[{"href":"https:\/\/chrs.uqam.ca\/index.php\/wp-json\/wp\/v2\/types\/page"}],"author":[{"embeddable":true,"href":"https:\/\/chrs.uqam.ca\/index.php\/wp-json\/wp\/v2\/users\/2"}],"replies":[{"embeddable":true,"href":"https:\/\/chrs.uqam.ca\/index.php\/wp-json\/wp\/v2\/comments?post=1513"}],"version-history":[{"count":0,"href":"https:\/\/chrs.uqam.ca\/index.php\/wp-json\/wp\/v2\/pages\/1513\/revisions"}],"wp:attachment":[{"href":"https:\/\/chrs.uqam.ca\/index.php\/wp-json\/wp\/v2\/media?parent=1513"}],"curies":[{"name":"wp","href":"https:\/\/api.w.org\/{rel}","templated":true}]}}