{"id":1511,"date":"2017-02-21T04:36:31","date_gmt":"2017-02-21T03:36:31","guid":{"rendered":"http:\/\/chrs.cieq.ca\/?page_id=1511"},"modified":"2017-05-03T14:28:22","modified_gmt":"2017-05-03T18:28:22","slug":"prix-gabriel-tarde","status":"publish","type":"page","link":"https:\/\/chrs.uqam.ca\/index.php\/prix-gabriel-tarde\/","title":{"rendered":"Prix Gabriel Tarde"},"content":{"rendered":"<p>Histoire du contr\u00f4le social<\/p>\n<p>R\u00e9cipiendaire : <a href=\"https:\/\/chrs.uqam.ca\/index.php\/a-propos\/jean-marie-fecteau\/\">Jean-Marie Fecteau\u2020<\/a><br \/>\nOrganisation : Minist\u00e8re fran\u00e7ais de la Justice<br \/>\nParis<br \/>\nAnn\u00e9e : 1983<\/p>\n","protected":false},"excerpt":{"rendered":"<p>Histoire du contr\u00f4le social R\u00e9cipiendaire : Jean-Marie Fecteau\u2020 Organisation : Minist\u00e8re fran\u00e7ais de la Justice Paris Ann\u00e9e : 1983<\/p>\n","protected":false},"author":2,"featured_media":0,"parent":0,"menu_order":0,"comment_status":"closed","ping_status":"closed","template":"","meta":{"_monsterinsights_skip_tracking":false,"_monsterinsights_sitenote_active":false,"_monsterinsights_sitenote_note":"","_monsterinsights_sitenote_category":0,"footnotes":""},"class_list":["post-1511","page","type-page","status-publish","hentry"],"_links":{"self":[{"href":"https:\/\/chrs.uqam.ca\/index.php\/wp-json\/wp\/v2\/pages\/1511","targetHints":{"allow":["GET"]}}],"collection":[{"href":"https:\/\/chrs.uqam.ca\/index.php\/wp-json\/wp\/v2\/pages"}],"about":[{"href":"https:\/\/chrs.uqam.ca\/index.php\/wp-json\/wp\/v2\/types\/page"}],"author":[{"embeddable":true,"href":"https:\/\/chrs.uqam.ca\/index.php\/wp-json\/wp\/v2\/users\/2"}],"replies":[{"embeddable":true,"href":"https:\/\/chrs.uqam.ca\/index.php\/wp-json\/wp\/v2\/comments?post=1511"}],"version-history":[{"count":0,"href":"https:\/\/chrs.uqam.ca\/index.php\/wp-json\/wp\/v2\/pages\/1511\/revisions"}],"wp:attachment":[{"href":"https:\/\/chrs.uqam.ca\/index.php\/wp-json\/wp\/v2\/media?parent=1511"}],"curies":[{"name":"wp","href":"https:\/\/api.w.org\/{rel}","templated":true}]}}