{"id":1502,"date":"2017-02-21T03:51:48","date_gmt":"2017-02-21T02:51:48","guid":{"rendered":"http:\/\/chrs.cieq.ca\/?page_id=1502"},"modified":"2017-05-03T14:30:58","modified_gmt":"2017-05-03T18:30:58","slug":"prix-myosotis","status":"publish","type":"page","link":"https:\/\/chrs.uqam.ca\/index.php\/prix-myosotis\/","title":{"rendered":"Prix Myosotis"},"content":{"rendered":"<p>Comptabilit\u00e9 de management<\/p>\n<p>R\u00e9cipiendaire : <a href=\"https:\/\/chrs.uqam.ca\/index.php\/a-propos\/equipe\/membres-reguliers\/guy-cucumel\/\">Guy Cucumel<\/a><br \/>\nOrganisation : Ordre des CMA du Qu\u00e9bec<br \/>\nCanada<br \/>\nAnn\u00e9e : 2004<\/p>\n","protected":false},"excerpt":{"rendered":"<p>Comptabilit\u00e9 de management R\u00e9cipiendaire : Guy Cucumel Organisation : Ordre des CMA du Qu\u00e9bec Canada Ann\u00e9e : 2004<\/p>\n","protected":false},"author":2,"featured_media":0,"parent":0,"menu_order":0,"comment_status":"closed","ping_status":"closed","template":"","meta":{"_monsterinsights_skip_tracking":false,"_monsterinsights_sitenote_active":false,"_monsterinsights_sitenote_note":"","_monsterinsights_sitenote_category":0,"footnotes":""},"class_list":["post-1502","page","type-page","status-publish","hentry"],"_links":{"self":[{"href":"https:\/\/chrs.uqam.ca\/index.php\/wp-json\/wp\/v2\/pages\/1502","targetHints":{"allow":["GET"]}}],"collection":[{"href":"https:\/\/chrs.uqam.ca\/index.php\/wp-json\/wp\/v2\/pages"}],"about":[{"href":"https:\/\/chrs.uqam.ca\/index.php\/wp-json\/wp\/v2\/types\/page"}],"author":[{"embeddable":true,"href":"https:\/\/chrs.uqam.ca\/index.php\/wp-json\/wp\/v2\/users\/2"}],"replies":[{"embeddable":true,"href":"https:\/\/chrs.uqam.ca\/index.php\/wp-json\/wp\/v2\/comments?post=1502"}],"version-history":[{"count":0,"href":"https:\/\/chrs.uqam.ca\/index.php\/wp-json\/wp\/v2\/pages\/1502\/revisions"}],"wp:attachment":[{"href":"https:\/\/chrs.uqam.ca\/index.php\/wp-json\/wp\/v2\/media?parent=1502"}],"curies":[{"name":"wp","href":"https:\/\/api.w.org\/{rel}","templated":true}]}}