{"id":1496,"date":"2017-02-21T03:38:56","date_gmt":"2017-02-21T02:38:56","guid":{"rendered":"http:\/\/chrs.cieq.ca\/?page_id=1496"},"modified":"2017-05-03T14:30:11","modified_gmt":"2017-05-03T18:30:11","slug":"prix-michel-brunet-2003-meilleur-ouvrage-publie-en-histoire-moins-35-ans","status":"publish","type":"page","link":"https:\/\/chrs.uqam.ca\/index.php\/prix-michel-brunet-2003-meilleur-ouvrage-publie-en-histoire-moins-35-ans\/","title":{"rendered":"Prix Michel-Brunet 2003 Meilleur ouvrage publi\u00e9 en histoire, moins 35 ans"},"content":{"rendered":"<p>R\u00e9cipiendaire : <a href=\"https:\/\/chrs.uqam.ca\/index.php\/a-propos\/equipe\/membres-reguliers\/louise-bienvenue\/\">Louise Bienvenue<\/a><br \/>\nOrganisation : Institut d&rsquo;histoire de l&rsquo;Am\u00e9rique fran\u00e7aise<br \/>\nCanada<br \/>\nAnn\u00e9e : 2003<\/p>\n","protected":false},"excerpt":{"rendered":"<p>R\u00e9cipiendaire : Louise Bienvenue Organisation : Institut d&rsquo;histoire de l&rsquo;Am\u00e9rique fran\u00e7aise Canada Ann\u00e9e : 2003<\/p>\n","protected":false},"author":2,"featured_media":0,"parent":0,"menu_order":0,"comment_status":"closed","ping_status":"closed","template":"","meta":{"_monsterinsights_skip_tracking":false,"_monsterinsights_sitenote_active":false,"_monsterinsights_sitenote_note":"","_monsterinsights_sitenote_category":0,"footnotes":""},"class_list":["post-1496","page","type-page","status-publish","hentry"],"_links":{"self":[{"href":"https:\/\/chrs.uqam.ca\/index.php\/wp-json\/wp\/v2\/pages\/1496","targetHints":{"allow":["GET"]}}],"collection":[{"href":"https:\/\/chrs.uqam.ca\/index.php\/wp-json\/wp\/v2\/pages"}],"about":[{"href":"https:\/\/chrs.uqam.ca\/index.php\/wp-json\/wp\/v2\/types\/page"}],"author":[{"embeddable":true,"href":"https:\/\/chrs.uqam.ca\/index.php\/wp-json\/wp\/v2\/users\/2"}],"replies":[{"embeddable":true,"href":"https:\/\/chrs.uqam.ca\/index.php\/wp-json\/wp\/v2\/comments?post=1496"}],"version-history":[{"count":0,"href":"https:\/\/chrs.uqam.ca\/index.php\/wp-json\/wp\/v2\/pages\/1496\/revisions"}],"wp:attachment":[{"href":"https:\/\/chrs.uqam.ca\/index.php\/wp-json\/wp\/v2\/media?parent=1496"}],"curies":[{"name":"wp","href":"https:\/\/api.w.org\/{rel}","templated":true}]}}