{"id":1492,"date":"2017-02-21T03:28:02","date_gmt":"2017-02-21T02:28:02","guid":{"rendered":"http:\/\/chrs.cieq.ca\/?page_id=1492"},"modified":"2017-05-03T14:21:47","modified_gmt":"2017-05-03T18:21:47","slug":"bourse-postdoctorale-la-jeunesse-quebecoise-entre-les-mains-de-ses-nouveaux-experts-1945-1975","status":"publish","type":"page","link":"https:\/\/chrs.uqam.ca\/index.php\/bourse-postdoctorale-la-jeunesse-quebecoise-entre-les-mains-de-ses-nouveaux-experts-1945-1975\/","title":{"rendered":"Bourse postdoctorale &#8211; La jeunesse qu\u00e9b\u00e9coise entre les mains de ses nouveaux experts 1945-1975"},"content":{"rendered":"<p>Histoire<\/p>\n<p>R\u00e9cipiendaire : <a href=\"\/index.php\/a-propos\/equipe\/membres-reguliers\/louise-bienvenue\/\">Louise Bienvenue<\/a><br \/>\nOrganisation : Fondation du Pr\u00eat d&rsquo;Honneur (Mtl, QC)<br \/>\nAnn\u00e9e : 2000-2003<\/p>\n","protected":false},"excerpt":{"rendered":"<p>Histoire R\u00e9cipiendaire : Louise Bienvenue Organisation : Fondation du Pr\u00eat d&rsquo;Honneur (Mtl, QC) Ann\u00e9e : 2000-2003<\/p>\n","protected":false},"author":2,"featured_media":0,"parent":0,"menu_order":0,"comment_status":"closed","ping_status":"closed","template":"","meta":{"_monsterinsights_skip_tracking":false,"_monsterinsights_sitenote_active":false,"_monsterinsights_sitenote_note":"","_monsterinsights_sitenote_category":0,"footnotes":""},"class_list":["post-1492","page","type-page","status-publish","hentry"],"_links":{"self":[{"href":"https:\/\/chrs.uqam.ca\/index.php\/wp-json\/wp\/v2\/pages\/1492","targetHints":{"allow":["GET"]}}],"collection":[{"href":"https:\/\/chrs.uqam.ca\/index.php\/wp-json\/wp\/v2\/pages"}],"about":[{"href":"https:\/\/chrs.uqam.ca\/index.php\/wp-json\/wp\/v2\/types\/page"}],"author":[{"embeddable":true,"href":"https:\/\/chrs.uqam.ca\/index.php\/wp-json\/wp\/v2\/users\/2"}],"replies":[{"embeddable":true,"href":"https:\/\/chrs.uqam.ca\/index.php\/wp-json\/wp\/v2\/comments?post=1492"}],"version-history":[{"count":0,"href":"https:\/\/chrs.uqam.ca\/index.php\/wp-json\/wp\/v2\/pages\/1492\/revisions"}],"wp:attachment":[{"href":"https:\/\/chrs.uqam.ca\/index.php\/wp-json\/wp\/v2\/media?parent=1492"}],"curies":[{"name":"wp","href":"https:\/\/api.w.org\/{rel}","templated":true}]}}