{"id":1459,"date":"2017-02-21T00:29:02","date_gmt":"2017-02-20T23:29:02","guid":{"rendered":"http:\/\/chrs.cieq.ca\/?page_id=1459"},"modified":"2017-02-21T00:29:41","modified_gmt":"2017-02-20T23:29:41","slug":"prix-etudiant-de-la-shc","status":"publish","type":"page","link":"https:\/\/chrs.uqam.ca\/index.php\/a-propos\/prix-jean-marie-fecteau\/prix-etudiant-de-la-shc\/","title":{"rendered":"Prix \u00e9tudiant de la SHC"},"content":{"rendered":"<p><strong>Donateur <\/strong>: Soci\u00e9t\u00e9 historique du Canada<\/p>\n<p>Un montant de 250 $ sera d\u00e9cern\u00e9 pour le meilleur article publi\u00e9 par un \u00e9tudiant au niveau de la maitrise ou du doctorat.<\/p>\n<p>&nbsp;<\/p>\n<p><strong>Les laur\u00e9ats<\/strong><\/p>\n<p>2016<\/p>\n<ul>\n<li>Daniel Ross, \u00ab \u00ab\u00a0Vive la v\u00e9lorution !\u00a0\u00bb : Le Monde \u00e0 bicyclette et les origines du mouvement cycliste \u00e0 Montr\u00e9al, 1975-1980 \u00bb. <em>Bulletin d&rsquo;histoire politique<\/em>, vol. 23, no 2, 2015.<\/li>\n<\/ul>\n<p>2015<\/p>\n<ul>\n<li>Sarah Shropshire, \u00ab\u00a0What\u2019s a guy to do?: Contraceptive responsibility, confronting masculinity and the history of vasectomy in Canada\u00a0\u00bb.\u00a0<em>CBMH\/BCHM<\/em>, vol. 31, no 2, 2014, pp. 161-182.<\/li>\n<\/ul>\n<p>2014<\/p>\n<ul>\n<li>Alexandre Turgeon, \u00ab \u201cTo\u00e9, tais-to\u00e9!\u201d et la Grande Noirceur duplessiste. Gen\u00e8se d\u2019un mythistoire \u00bb. <em>Histoire sociale\/Social History<\/em>,<em>\u00a0<\/em>vol. XLVI, no 92, novembre 2013.<\/li>\n<\/ul>\n<p>&nbsp;<\/p>\n<p><a title=\"Prix Jean-Marie Fecteau de SHC\" href=\"http:\/\/www.cha-shc.ca\/?lid=XFXB3-QNJTB-XKD7W#sthash.ZdZUy8gt.dpbs\"> Pour en savoir plus<\/a><\/p>\n<\/div>\n","protected":false},"excerpt":{"rendered":"<p>Donateur : Soci\u00e9t\u00e9 historique du Canada Un montant de 250 $ sera d\u00e9cern\u00e9 pour le meilleur article publi\u00e9 par un \u00e9tudiant au niveau de la maitrise ou du doctorat. &nbsp;&#8230;<\/p>\n","protected":false},"author":2,"featured_media":0,"parent":9,"menu_order":3,"comment_status":"closed","ping_status":"closed","template":"","meta":{"_monsterinsights_skip_tracking":false,"_monsterinsights_sitenote_active":false,"_monsterinsights_sitenote_note":"","_monsterinsights_sitenote_category":0,"footnotes":""},"class_list":["post-1459","page","type-page","status-publish","hentry"],"_links":{"self":[{"href":"https:\/\/chrs.uqam.ca\/index.php\/wp-json\/wp\/v2\/pages\/1459","targetHints":{"allow":["GET"]}}],"collection":[{"href":"https:\/\/chrs.uqam.ca\/index.php\/wp-json\/wp\/v2\/pages"}],"about":[{"href":"https:\/\/chrs.uqam.ca\/index.php\/wp-json\/wp\/v2\/types\/page"}],"author":[{"embeddable":true,"href":"https:\/\/chrs.uqam.ca\/index.php\/wp-json\/wp\/v2\/users\/2"}],"replies":[{"embeddable":true,"href":"https:\/\/chrs.uqam.ca\/index.php\/wp-json\/wp\/v2\/comments?post=1459"}],"version-history":[{"count":0,"href":"https:\/\/chrs.uqam.ca\/index.php\/wp-json\/wp\/v2\/pages\/1459\/revisions"}],"up":[{"embeddable":true,"href":"https:\/\/chrs.uqam.ca\/index.php\/wp-json\/wp\/v2\/pages\/9"}],"wp:attachment":[{"href":"https:\/\/chrs.uqam.ca\/index.php\/wp-json\/wp\/v2\/media?parent=1459"}],"curies":[{"name":"wp","href":"https:\/\/api.w.org\/{rel}","templated":true}]}}