{"id":1454,"date":"2017-02-21T00:09:32","date_gmt":"2017-02-20T23:09:32","guid":{"rendered":"http:\/\/chrs.cieq.ca\/?page_id=1454"},"modified":"2017-02-21T00:09:32","modified_gmt":"2017-02-20T23:09:32","slug":"bourse-jean-marie-fecteau-de-luniversite-laval","status":"publish","type":"page","link":"https:\/\/chrs.uqam.ca\/index.php\/a-propos\/prix-jean-marie-fecteau\/bourse-jean-marie-fecteau-de-luniversite-laval\/","title":{"rendered":"Bourse Jean-Marie-Fecteau de l&rsquo;Universit\u00e9 Laval"},"content":{"rendered":"<p><strong>Donateurs<\/strong> : Andr\u00e9e Courtemanche, Martin P\u00e2quet<\/p>\n<p>Pour la deuxi\u00e8me ann\u00e9e cons\u00e9cutive, la <a href=\"http:\/\/www.flsh.ulaval.ca\/bourses-et-aide-financiere\/deuxieme-cycle\/bourse-jean-marie-fecteau\/\">bourse Jean-Marie-Fecteau<\/a> soutiendra unE \u00e9tudiantE inscritE dans un programme de ma\u00eetrise de l&rsquo;Universit\u00e9 Laval\u00a0en histoire m\u00e9di\u00e9vale ou en histoire du Canada et du Qu\u00e9bec contemporain.\u00a0Cette bourse d&rsquo;un montant de 1000$ \u00e0 \u00e9t\u00e9\u00a0cr\u00e9\u00e9e en m\u00e9moire de <span class=\"field-content\"><a href=\"https:\/\/chrs.uqam.ca\/jean-marie-fecteau\">Jean-Marie Fecteau\u2020<\/a><\/span>, dipl\u00f4m\u00e9 de l&rsquo;Universit\u00e9 Laval, professeur d&rsquo;histoire \u00e0 l&rsquo;UQAM et ancien directeur du CHRS.<\/p>\n<p>La date limite pour le d\u00e9p\u00f4t du dossier de mise en\u00a0candidature est fix\u00e9e au vendredi 13 novembre 2015.<\/p>\n<p>Pour acc\u00e9der au formulaire, <a href=\"https:\/\/chrs.uqam.ca\/sites\/default\/files\/bourse-jean-marie-fecteau_formulaire.pdf\">cliquez ici<\/a>.<\/p>\n","protected":false},"excerpt":{"rendered":"<p>Donateurs : Andr\u00e9e Courtemanche, Martin P\u00e2quet Pour la deuxi\u00e8me ann\u00e9e cons\u00e9cutive, la bourse Jean-Marie-Fecteau soutiendra unE \u00e9tudiantE inscritE dans un programme de ma\u00eetrise de l&rsquo;Universit\u00e9 Laval\u00a0en histoire m\u00e9di\u00e9vale ou en&#8230;<\/p>\n","protected":false},"author":2,"featured_media":0,"parent":9,"menu_order":1,"comment_status":"closed","ping_status":"closed","template":"","meta":{"_monsterinsights_skip_tracking":false,"_monsterinsights_sitenote_active":false,"_monsterinsights_sitenote_note":"","_monsterinsights_sitenote_category":0,"footnotes":""},"class_list":["post-1454","page","type-page","status-publish","hentry"],"_links":{"self":[{"href":"https:\/\/chrs.uqam.ca\/index.php\/wp-json\/wp\/v2\/pages\/1454","targetHints":{"allow":["GET"]}}],"collection":[{"href":"https:\/\/chrs.uqam.ca\/index.php\/wp-json\/wp\/v2\/pages"}],"about":[{"href":"https:\/\/chrs.uqam.ca\/index.php\/wp-json\/wp\/v2\/types\/page"}],"author":[{"embeddable":true,"href":"https:\/\/chrs.uqam.ca\/index.php\/wp-json\/wp\/v2\/users\/2"}],"replies":[{"embeddable":true,"href":"https:\/\/chrs.uqam.ca\/index.php\/wp-json\/wp\/v2\/comments?post=1454"}],"version-history":[{"count":0,"href":"https:\/\/chrs.uqam.ca\/index.php\/wp-json\/wp\/v2\/pages\/1454\/revisions"}],"up":[{"embeddable":true,"href":"https:\/\/chrs.uqam.ca\/index.php\/wp-json\/wp\/v2\/pages\/9"}],"wp:attachment":[{"href":"https:\/\/chrs.uqam.ca\/index.php\/wp-json\/wp\/v2\/media?parent=1454"}],"curies":[{"name":"wp","href":"https:\/\/api.w.org\/{rel}","templated":true}]}}