{"id":145,"date":"2017-01-26T22:03:28","date_gmt":"2017-01-26T21:03:28","guid":{"rendered":"http:\/\/chrs.cieq.ca\/?page_id=145"},"modified":"2022-02-04T11:51:17","modified_gmt":"2022-02-04T15:51:17","slug":"guy-cucumel","status":"publish","type":"page","link":"https:\/\/chrs.uqam.ca\/index.php\/a-propos\/equipe\/membres-reguliers\/guy-cucumel\/","title":{"rendered":"Guy Cucumel"},"content":{"rendered":"<div class=\"su-row\"><div class=\"su-column su-column-size-1-5\"><div class=\"su-column-inner su-u-clearfix su-u-trim\"><img loading=\"lazy\" decoding=\"async\" class=\"alignleft size-full wp-image-2700\" src=\"https:\/\/chrs.uqam.ca\/wp-content\/uploads\/2017\/01\/gcucumel.jpeg\" alt=\"\" width=\"120\" height=\"151\" \/><\/div><\/div>\n<div class=\"su-column su-column-size-4-5\"><div class=\"su-column-inner su-u-clearfix su-u-trim\">2003 &#8211; Actuel<\/p>\n<p><strong>Professeur titulaire, Universit\u00e9 du Qu\u00e9bec \u00e0 Montr\u00e9al<br \/>\n\u00c9cole des sciences de la gestion<\/strong><\/div><\/div><\/div>\n<p>Guy Cucumel est directeur du programme de doctorat en administration de l&rsquo;\u00c9cole des sciences de la gestion de l\u2019UQAM. Il d\u00e9tient un doctorat en math\u00e9matiques appliqu\u00e9es de l&rsquo;Universit\u00e9 Paris-Dauphine (1989). Statisticien sp\u00e9cialis\u00e9 en sciences sociales, il est chercheur au CHRS depuis 2003 et \u00e9galement au Centre de recherche sur les innovations sociales (CRISES). Il a compl\u00e9t\u00e9 son post-doctorat en sociologie \u00e0 l&rsquo;UQAM au sein du Groupe de recherche et d&rsquo;analyse sur les pratiques et les politiques p\u00e9nales. Son expertise est reconnue en mati\u00e8re d&rsquo;analyse statistique de banques de donn\u00e9es appliqu\u00e9es aux sciences sociales.<\/p>\n<p><strong><a href=\"https:\/\/chrs.uqam.ca\/index.php\/recherche\/realisations\/publications\/?tgid=&amp;yr=&amp;type=&amp;usr=&amp;auth=330#tppubs\" target=\"_blank\" rel=\"noopener\">Liste des publications<\/a><\/strong><\/p>\n<div class=\"su-spoiler su-spoiler-style-default su-spoiler-icon-chevron su-spoiler-closed\" data-scroll-offset=\"0\" data-anchor-in-url=\"no\"><div class=\"su-spoiler-title\" tabindex=\"0\" role=\"button\"><span class=\"su-spoiler-icon\"><\/span>Coordonn\u00e9es<\/div><div class=\"su-spoiler-content su-u-clearfix su-u-trim\">\n<strong>Adresse :<\/strong><br \/>\nUniversit\u00e9 du Qu\u00e9bec \u00e0 Montr\u00e9al<br \/>\n\u00c9cole des sciences de la gestion<br \/>\nD\u00e9partement des sciences comptables<br \/>\nC.P. 8888, Succursale Centre Ville<br \/>\nMontr\u00e9al, Qu\u00e9bec<br \/>\nH3C 3P8<\/p>\n<p><strong>T\u00e9l\u00e9phone : <\/strong><br \/>\n(514) 987-3000 poste 4701<br \/>\n<strong><br \/>\nT\u00e9l\u00e9copieur : <\/strong><br \/>\n(514) 987-6629<\/p>\n<p><strong>Courriel : <\/strong><br \/>\ncucumel.guy@uqam.ca<\/div><\/div>\n<div class=\"su-spoiler su-spoiler-style-default su-spoiler-icon-chevron su-spoiler-closed\" data-scroll-offset=\"0\" data-anchor-in-url=\"no\"><div class=\"su-spoiler-title\" tabindex=\"0\" role=\"button\"><span class=\"su-spoiler-icon\"><\/span>Liens<\/div><div class=\"su-spoiler-content su-u-clearfix su-u-trim\">\n<a href=\"\/index.php\/recherche\/realisations\/publications\/?tgid=&amp;yr=&amp;type=&amp;usr=&amp;auth=54#tppubs\">Liste de publications choisies de Guy Cucumel<\/a><br \/>\n<\/div><\/div>\n<div class=\"su-spoiler su-spoiler-style-default su-spoiler-icon-chevron su-spoiler-closed\" data-scroll-offset=\"0\" data-anchor-in-url=\"no\"><div class=\"su-spoiler-title\" tabindex=\"0\" role=\"button\"><span class=\"su-spoiler-icon\"><\/span>Projets de recherche<\/div><div class=\"su-spoiler-content su-u-clearfix su-u-trim\">\n<a href=\"\/index.php\/recherche\/realisations\/projets-de-recherche-en-cours\/le-gouvernement-de-la-misere\/\" target=\"_blank\" rel=\"noopener\">Le gouvernement de la mis\u00e8re et la citoyennet\u00e9 : pauvret\u00e9, maladie et crime dans l&rsquo;histoire du Qu\u00e9bec<\/a><br \/>\n<a href=\"\/index.php\/recherche\/realisations\/projets-de-recherche-termines\/trajectoires-historiques-de-la-misere-a-montreal\/\" target=\"_blank\" rel=\"noopener\">Trajectoires historiques de la mis\u00e8re \u00e0 Montr\u00e9al, 1840-1921 : une radioscopie<\/a><br \/>\n<a href=\"\/index.php\/recherche\/realisations\/projets-de-recherche-termines\/la-mise-en-place-et-les-mutations-du-reseau-montrealais-de-regulation-sociale\/\" target=\"_blank\" rel=\"noopener\">La mise en place et les mutations du r\u00e9seau montr\u00e9alais de r\u00e9gulation sociale, de l\u2019\u00e8re lib\u00e9rale \u00e0 l\u2019\u00c9tat providence<\/a><br \/>\n<a href=\"\/index.php\/recherche\/realisations\/projets-de-recherche-termines\/regulation-sociale-et-institutions-a-montreal\/\" target=\"_blank\" rel=\"noopener\">R\u00e9gulation sociale et institutions \u00e0 Montr\u00e9al, 1840-1921<\/a><br \/>\n<a href=\"\/index.php\/recherche\/realisations\/projets-de-recherche-termines\/gestion-des-risques-sociaux-et-reponses-aux-vulnerabilites\/\" target=\"_blank\" rel=\"noopener\">Gestion des risques sociaux et r\u00e9ponses aux vuln\u00e9rabilit\u00e9s et probl\u00e8mes sociaux au Qu\u00e9bec, 19e et 20e si\u00e8cles<\/a><br \/>\n<\/div><\/div>\n<div class=\"su-spoiler su-spoiler-style-default su-spoiler-icon-chevron su-spoiler-closed\" data-scroll-offset=\"0\" data-anchor-in-url=\"no\"><div class=\"su-spoiler-title\" tabindex=\"0\" role=\"button\"><span class=\"su-spoiler-icon\"><\/span>Bourses, prix et distinctions<\/div><div class=\"su-spoiler-content su-u-clearfix su-u-trim\">\n<a href=\"\/index.php\/prix-myosotis\/\" target=\"_blank\" rel=\"noopener\">Prix Myosotis<\/a><br \/>\n<\/div><\/div>\n","protected":false},"excerpt":{"rendered":"<p>Guy Cucumel est directeur du programme de doctorat en administration de l&rsquo;\u00c9cole des sciences de la gestion de l\u2019UQAM. Il d\u00e9tient un doctorat en math\u00e9matiques appliqu\u00e9es de l&rsquo;Universit\u00e9 Paris-Dauphine (1989)&#8230;.<\/p>\n","protected":false},"author":2,"featured_media":0,"parent":65,"menu_order":2,"comment_status":"closed","ping_status":"closed","template":"","meta":{"_monsterinsights_skip_tracking":false,"_monsterinsights_sitenote_active":false,"_monsterinsights_sitenote_note":"","_monsterinsights_sitenote_category":0,"footnotes":""},"class_list":["post-145","page","type-page","status-publish","hentry"],"_links":{"self":[{"href":"https:\/\/chrs.uqam.ca\/index.php\/wp-json\/wp\/v2\/pages\/145","targetHints":{"allow":["GET"]}}],"collection":[{"href":"https:\/\/chrs.uqam.ca\/index.php\/wp-json\/wp\/v2\/pages"}],"about":[{"href":"https:\/\/chrs.uqam.ca\/index.php\/wp-json\/wp\/v2\/types\/page"}],"author":[{"embeddable":true,"href":"https:\/\/chrs.uqam.ca\/index.php\/wp-json\/wp\/v2\/users\/2"}],"replies":[{"embeddable":true,"href":"https:\/\/chrs.uqam.ca\/index.php\/wp-json\/wp\/v2\/comments?post=145"}],"version-history":[{"count":0,"href":"https:\/\/chrs.uqam.ca\/index.php\/wp-json\/wp\/v2\/pages\/145\/revisions"}],"up":[{"embeddable":true,"href":"https:\/\/chrs.uqam.ca\/index.php\/wp-json\/wp\/v2\/pages\/65"}],"wp:attachment":[{"href":"https:\/\/chrs.uqam.ca\/index.php\/wp-json\/wp\/v2\/media?parent=145"}],"curies":[{"name":"wp","href":"https:\/\/api.w.org\/{rel}","templated":true}]}}