{"id":1278,"date":"2017-02-19T04:10:05","date_gmt":"2017-02-19T03:10:05","guid":{"rendered":"http:\/\/chrs.cieq.ca\/?page_id=1278"},"modified":"2017-05-03T14:14:35","modified_gmt":"2017-05-03T18:14:35","slug":"la-naissance-de-lideal-cooperatif-et-son-inscription-juridique-au-quebec","status":"publish","type":"page","link":"https:\/\/chrs.uqam.ca\/index.php\/recherche\/realisations\/projets-de-recherche-termines\/la-naissance-de-lideal-cooperatif-et-son-inscription-juridique-au-quebec\/","title":{"rendered":"La naissance de l&rsquo;id\u00e9al coop\u00e9ratif et son inscription juridique au Qu\u00e9bec, 1850-1914"},"content":{"rendered":"<p>&nbsp;<\/p>\n<h4>Organisme(s) subventionnaire(s)<\/h4>\n<p>Chaire de coop\u00e9ration de l&rsquo;UQAM<\/p>\n<h4>Ann\u00e9es<\/h4>\n<p>1987-1988<\/p>\n<h4>Chercheur(s) CHRS<\/h4>\n<div class=\"su-row\"><div class=\"su-column su-column-size-1-3\"><div class=\"su-column-inner su-u-clearfix su-u-trim\">\n<a href=\"\/index.php\/a-propos\/equipe\/membres-reguliers\/jean-marie-fecteau\/\" target=\"_blank\">Jean-Marie Fecteau\u2020<\/a><br \/>\n<\/div><\/div>\n<div class=\"su-column su-column-size-1-3\"><div class=\"su-column-inner su-u-clearfix su-u-trim\">\n<\/div><\/div>\n<div class=\"su-column su-column-size-1-3\"><div class=\"su-column-inner su-u-clearfix su-u-trim\"><\/div><\/div>\n<\/div>\n<p>&nbsp;<\/p>\n<p>D\u00e8s 1983, la commission Arthurs soulignait l'urgence de d\u00e9velopper la r\u00e9flexion scientifique et la recherche fondamentale en mati\u00e8re de droit. \u00c0 ce titre, l'histoire du droit, longtemps parente pauvre de la recherche, a connu un essor remarquable au Canada anglais. On ne peut, h\u00e9las!, pas en dire autant du Qu\u00e9bec. Ce projet de recherche s'inscrivait donc dans un effort pour combler cette lacune, en interrogeant l'un des domaines les plus m\u00e9connus de notre histoire juridique, soit l'\u00e9mergence d'un droit moderne d'association.<\/p>\n","protected":false},"excerpt":{"rendered":"<p>&nbsp; Organisme(s) subventionnaire(s) Chaire de coop\u00e9ration de l&rsquo;UQAM Ann\u00e9es 1987-1988 Chercheur(s) CHRS &nbsp; D\u00e8s 1983, la commission Arthurs soulignait l&rsquo;urgence de d\u00e9velopper la r\u00e9flexion scientifique et la recherche fondamentale en&#8230;<\/p>\n","protected":false},"author":2,"featured_media":0,"parent":52,"menu_order":0,"comment_status":"closed","ping_status":"closed","template":"","meta":{"_monsterinsights_skip_tracking":false,"_monsterinsights_sitenote_active":false,"_monsterinsights_sitenote_note":"","_monsterinsights_sitenote_category":0,"footnotes":""},"class_list":["post-1278","page","type-page","status-publish","hentry"],"_links":{"self":[{"href":"https:\/\/chrs.uqam.ca\/index.php\/wp-json\/wp\/v2\/pages\/1278","targetHints":{"allow":["GET"]}}],"collection":[{"href":"https:\/\/chrs.uqam.ca\/index.php\/wp-json\/wp\/v2\/pages"}],"about":[{"href":"https:\/\/chrs.uqam.ca\/index.php\/wp-json\/wp\/v2\/types\/page"}],"author":[{"embeddable":true,"href":"https:\/\/chrs.uqam.ca\/index.php\/wp-json\/wp\/v2\/users\/2"}],"replies":[{"embeddable":true,"href":"https:\/\/chrs.uqam.ca\/index.php\/wp-json\/wp\/v2\/comments?post=1278"}],"version-history":[{"count":0,"href":"https:\/\/chrs.uqam.ca\/index.php\/wp-json\/wp\/v2\/pages\/1278\/revisions"}],"up":[{"embeddable":true,"href":"https:\/\/chrs.uqam.ca\/index.php\/wp-json\/wp\/v2\/pages\/52"}],"wp:attachment":[{"href":"https:\/\/chrs.uqam.ca\/index.php\/wp-json\/wp\/v2\/media?parent=1278"}],"curies":[{"name":"wp","href":"https:\/\/api.w.org\/{rel}","templated":true}]}}