{"id":1274,"date":"2017-02-19T03:43:49","date_gmt":"2017-02-19T02:43:49","guid":{"rendered":"http:\/\/chrs.cieq.ca\/?page_id=1274"},"modified":"2017-05-03T14:11:26","modified_gmt":"2017-05-03T18:11:26","slug":"mutualite-et-cooperatisme","status":"publish","type":"page","link":"https:\/\/chrs.uqam.ca\/index.php\/recherche\/realisations\/projets-de-recherche-termines\/mutualite-et-cooperatisme\/","title":{"rendered":"Mutualit\u00e9 et coop\u00e9ratisme : les conditions politiques de d\u00e9veloppement d&rsquo;une communaut\u00e9 coop\u00e9rative au Qu\u00e9bec, 1789-1914"},"content":{"rendered":"<p>&nbsp;<\/p>\n<h4>Organisme(s) subventionnaire(s)<\/h4>\n<p>Chaire en coop\u00e9ration de l&rsquo;UQAM<\/p>\n<h4>Ann\u00e9es<\/h4>\n<p>1989<\/p>\n<h4>Chercheur(s) CHRS<\/h4>\n<div class=\"su-row\"><div class=\"su-column su-column-size-1-3\"><div class=\"su-column-inner su-u-clearfix su-u-trim\">\n<a href=\"\/index.php\/a-propos\/equipe\/membres-reguliers\/jean-marie-fecteau\/\" target=\"_blank\">Jean-Marie Fecteau\u2020<\/a><br \/>\n<\/div><\/div>\n<div class=\"su-column su-column-size-1-3\"><div class=\"su-column-inner su-u-clearfix su-u-trim\">\n<\/div><\/div>\n<div class=\"su-column su-column-size-1-3\"><div class=\"su-column-inner su-u-clearfix su-u-trim\"><\/div><\/div>\n<\/div>\n<h4>Autre(s) chercheur(s)<\/h4>\n<div class=\"su-row\"><div class=\"su-column su-column-size-1-3\"><div class=\"su-column-inner su-u-clearfix su-u-trim\">\nFr\u00e9d\u00e9ric Vanasse<br \/>\n<\/div><\/div>\n<div class=\"su-column su-column-size-1-3\"><div class=\"su-column-inner su-u-clearfix su-u-trim\">\nIsabelle Dupuis<br \/>\n<\/div><\/div>\n<div class=\"su-column su-column-size-1-3\"><div class=\"su-column-inner su-u-clearfix su-u-trim\"><\/div><\/div>\n<\/div>\n<p>&nbsp;<\/p>\n<p>Ce projet se voulait une contribution \u00e0 la compr\u00e9hension approfondie des origines de la coop\u00e9ration qu\u00e9b\u00e9coise et des rapports qu'elle entretient avec la sph\u00e8re politique. Dans le m\u00eame ordre d'id\u00e9e, il permettait de saisir dans quel contexte socio-politique Alphonse Desjardins a amorc\u00e9 son oeuvre, et quels rapports entretiennent les premi\u00e8res caisses populaires avec le vaste monde de la mutualit\u00e9.<\/p>\n","protected":false},"excerpt":{"rendered":"<p>&nbsp; Organisme(s) subventionnaire(s) Chaire en coop\u00e9ration de l&rsquo;UQAM Ann\u00e9es 1989 Chercheur(s) CHRS Autre(s) chercheur(s) &nbsp; Ce projet se voulait une contribution \u00e0 la compr\u00e9hension approfondie des origines de la coop\u00e9ration&#8230;<\/p>\n","protected":false},"author":2,"featured_media":0,"parent":52,"menu_order":0,"comment_status":"closed","ping_status":"closed","template":"","meta":{"_monsterinsights_skip_tracking":false,"_monsterinsights_sitenote_active":false,"_monsterinsights_sitenote_note":"","_monsterinsights_sitenote_category":0,"footnotes":""},"class_list":["post-1274","page","type-page","status-publish","hentry"],"_links":{"self":[{"href":"https:\/\/chrs.uqam.ca\/index.php\/wp-json\/wp\/v2\/pages\/1274","targetHints":{"allow":["GET"]}}],"collection":[{"href":"https:\/\/chrs.uqam.ca\/index.php\/wp-json\/wp\/v2\/pages"}],"about":[{"href":"https:\/\/chrs.uqam.ca\/index.php\/wp-json\/wp\/v2\/types\/page"}],"author":[{"embeddable":true,"href":"https:\/\/chrs.uqam.ca\/index.php\/wp-json\/wp\/v2\/users\/2"}],"replies":[{"embeddable":true,"href":"https:\/\/chrs.uqam.ca\/index.php\/wp-json\/wp\/v2\/comments?post=1274"}],"version-history":[{"count":0,"href":"https:\/\/chrs.uqam.ca\/index.php\/wp-json\/wp\/v2\/pages\/1274\/revisions"}],"up":[{"embeddable":true,"href":"https:\/\/chrs.uqam.ca\/index.php\/wp-json\/wp\/v2\/pages\/52"}],"wp:attachment":[{"href":"https:\/\/chrs.uqam.ca\/index.php\/wp-json\/wp\/v2\/media?parent=1274"}],"curies":[{"name":"wp","href":"https:\/\/api.w.org\/{rel}","templated":true}]}}