{"id":1270,"date":"2017-02-19T03:31:26","date_gmt":"2017-02-19T02:31:26","guid":{"rendered":"http:\/\/chrs.cieq.ca\/?page_id=1270"},"modified":"2017-05-03T14:29:29","modified_gmt":"2017-05-03T18:29:29","slug":"lindividu-lassociation-le-droit","status":"publish","type":"page","link":"https:\/\/chrs.uqam.ca\/index.php\/recherche\/realisations\/projets-de-recherche-termines\/lindividu-lassociation-le-droit\/","title":{"rendered":"L&rsquo;individu, l&rsquo;association, le droit. Dimension historique de la l\u00e9galisation des formes de regroupement dans la soci\u00e9t\u00e9 moderne"},"content":{"rendered":"<p>&nbsp;<\/p>\n<h4>Organisme(s) subventionnaire(s)<\/h4>\n<p>Conseil de recherche en sciences humaines du Canada &#8211; CRSH<\/p>\n<h4>Ann\u00e9es<\/h4>\n<p>1990<\/p>\n<h4>Chercheur(s) CHRS<\/h4>\n<div class=\"su-row\"><div class=\"su-column su-column-size-1-3\"><div class=\"su-column-inner su-u-clearfix su-u-trim\">\n<a href=\"\/index.php\/a-propos\/equipe\/membres-reguliers\/jean-marie-fecteau\/\" target=\"_blank\">Jean-Marie Fecteau\u2020<\/a><br \/>\n<\/div><\/div>\n<div class=\"su-column su-column-size-1-3\"><div class=\"su-column-inner su-u-clearfix su-u-trim\">\n<\/div><\/div>\n<div class=\"su-column su-column-size-1-3\"><div class=\"su-column-inner su-u-clearfix su-u-trim\"><\/div><\/div>\n<\/div>\n<p>&nbsp;<\/p>\n<p>Ce projet de recherche voulait analyser la dimension historique de l'association et du droit comme ph\u00e9nom\u00e8nes sociaux, et notamment l'\u00e9mergence d'une probl\u00e9matique de l'association qui a oblig\u00e9 \u00e0 reposer dans des termes neufs les rapports entre l'\u00c9tat et l'individu. Cette probl\u00e9matique, aux sources de l'alternative entre le corporatisme et l'\u00c9tat providence, se d\u00e9veloppe surtout du milieu du 19e si\u00e8cle \u00e0 l'aube de la grande crise des ann\u00e9es 1930. Son analyse permettait d'\u00e9tudier le contexte th\u00e9orique et l\u00e9gal d'apparition de cat\u00e9gories juridiques multiples visant \u00e0 prendre en compte les multiples facettes de ce ph\u00e9nom\u00e8ne social global qu'est l'association.<\/p>\n","protected":false},"excerpt":{"rendered":"<p>&nbsp; Organisme(s) subventionnaire(s) Conseil de recherche en sciences humaines du Canada &#8211; CRSH Ann\u00e9es 1990 Chercheur(s) CHRS &nbsp; Ce projet de recherche voulait analyser la dimension historique de l&rsquo;association et&#8230;<\/p>\n","protected":false},"author":2,"featured_media":0,"parent":52,"menu_order":0,"comment_status":"closed","ping_status":"closed","template":"","meta":{"_monsterinsights_skip_tracking":false,"_monsterinsights_sitenote_active":false,"_monsterinsights_sitenote_note":"","_monsterinsights_sitenote_category":0,"footnotes":""},"class_list":["post-1270","page","type-page","status-publish","hentry"],"_links":{"self":[{"href":"https:\/\/chrs.uqam.ca\/index.php\/wp-json\/wp\/v2\/pages\/1270","targetHints":{"allow":["GET"]}}],"collection":[{"href":"https:\/\/chrs.uqam.ca\/index.php\/wp-json\/wp\/v2\/pages"}],"about":[{"href":"https:\/\/chrs.uqam.ca\/index.php\/wp-json\/wp\/v2\/types\/page"}],"author":[{"embeddable":true,"href":"https:\/\/chrs.uqam.ca\/index.php\/wp-json\/wp\/v2\/users\/2"}],"replies":[{"embeddable":true,"href":"https:\/\/chrs.uqam.ca\/index.php\/wp-json\/wp\/v2\/comments?post=1270"}],"version-history":[{"count":0,"href":"https:\/\/chrs.uqam.ca\/index.php\/wp-json\/wp\/v2\/pages\/1270\/revisions"}],"up":[{"embeddable":true,"href":"https:\/\/chrs.uqam.ca\/index.php\/wp-json\/wp\/v2\/pages\/52"}],"wp:attachment":[{"href":"https:\/\/chrs.uqam.ca\/index.php\/wp-json\/wp\/v2\/media?parent=1270"}],"curies":[{"name":"wp","href":"https:\/\/api.w.org\/{rel}","templated":true}]}}