{"id":1262,"date":"2017-02-19T02:56:26","date_gmt":"2017-02-19T01:56:26","guid":{"rendered":"http:\/\/chrs.cieq.ca\/?page_id=1262"},"modified":"2017-05-03T14:31:25","modified_gmt":"2017-05-03T18:31:25","slug":"emergence-et-evolution-historique-de-lenfermement-a-montreal","status":"publish","type":"page","link":"https:\/\/chrs.uqam.ca\/index.php\/recherche\/realisations\/projets-de-recherche-termines\/emergence-et-evolution-historique-de-lenfermement-a-montreal\/","title":{"rendered":"\u00c9mergence et \u00e9volution historique de l\u2019enfermement \u00e0 Montr\u00e9al, 1840-1921"},"content":{"rendered":"<p>&nbsp;<\/p>\n<h4>Organisme(s) subventionnaire(s)<\/h4>\n<p>Fonds pour la formation de chercheurs et l\u2019aide \u00e0 la recherche (FCAR) (1992-1998)<br \/>\nConseil de recherches en sciences humaines du Canada (CRSH)<br \/>\nProgramme d\u2019aide financi\u00e8re \u00e0 la recherche et \u00e0 la cr\u00e9ation (PAFARC)<br \/>\nFacult\u00e9 des sciences humaines (UQAM)<br \/>\nFIC<\/p>\n<h4>Ann\u00e9es<\/h4>\n<p>1991-1998<\/p>\n<h4>Chercheur(s) CHRS<\/h4>\n<div class=\"su-row\"><div class=\"su-column su-column-size-1-3\"><div class=\"su-column-inner su-u-clearfix su-u-trim\">\n<a href=\"\/index.php\/a-propos\/equipe\/membres-reguliers\/jean-marie-fecteau\/\" target=\"_blank\">Jean-Marie Fecteau\u2020<\/a><br \/>\n<\/div><\/div>\n<div class=\"su-column su-column-size-1-3\"><div class=\"su-column-inner su-u-clearfix su-u-trim\">\n<a href=\"\/index.php\/a-propos\/equipe\/membres-reguliers\/jean-trepanier\/\" target=\"_blank\">Jean Tr\u00e9panier<\/a><br \/>\n<\/div><\/div>\n<div class=\"su-column su-column-size-1-3\"><div class=\"su-column-inner su-u-clearfix su-u-trim\"><\/div><\/div>\n<a href=\"\/index.php\/a-propos\/equipe\/chercheurs-affilies\/andre-cellard\/\" target=\"_blank\">Andr\u00e9 Cellard<\/a><br \/>\n<\/div>\n<p>&nbsp;<\/p>\n<p>Le programme de recherche portait sur l'\u00e9mergence et l'\u00e9volution de l'enfermement \u00e0 Montr\u00e9al. Au cours de la p\u00e9riode allant jusqu'en 1994, l'intention \u00e9tait de couvrir les volets touchant les prisons pour femmes et hommes (de 1850 \u00e0 1912, date d'ouverture de la prison de Bordeaux) et des institutions pour gar\u00e7ons et filles d\u00e9linquants et en danger (de 1850 \u00e0 1910, date de cr\u00e9ation du premier tribunal pour mineurs \u00e0 Montr\u00e9al).<\/p>\n<p>Cette p\u00e9riode correspondait \u00e0 la naissance et au d\u00e9veloppement de ces diverses institutions : les conditions de cette \u00e9mergence et de cette \u00e9volution ont \u00e9t\u00e9 examin\u00e9es. Les politiques et programmes mis de l'avant par le gouvernement, les gestionnaires et autres intervenants \u00e9taient \u00e9tudi\u00e9s et confront\u00e9s aux pratiques. L'analyse de ces derni\u00e8res nous a permis de mieux saisir ce que fut l'enfermement au quotidien et dans quelle mesure il r\u00e9pondit aux politiques propos\u00e9es. Enfin, une analyse des populations de ces institutions faisaient ressortir qui y fut d\u00e9tenu, pour quels motifs et pendant combien de temps.<\/p>\n<p>Bref, ce programme de recherche visait \u00e0 enrichir notre connaissance th\u00e9orique et empirique des conditions de d\u00e9veloppement des proc\u00e9dures d'enfermement au cours de la p\u00e9riode de croissance du capitalisme moderne. \u00c0 long terme, l'intention \u00e9tait d'examiner le d\u00e9veloppement de l'enfermement p\u00e9nal (p\u00e9nitenciers, prisons, institutions pour mineurs) et asilaire pendant la p\u00e9riode 1850-1950, dans la r\u00e9gion de Montr\u00e9al.<\/p>\n","protected":false},"excerpt":{"rendered":"<p>&nbsp; Organisme(s) subventionnaire(s) Fonds pour la formation de chercheurs et l\u2019aide \u00e0 la recherche (FCAR) (1992-1998) Conseil de recherches en sciences humaines du Canada (CRSH) Programme d\u2019aide financi\u00e8re \u00e0 la&#8230;<\/p>\n","protected":false},"author":2,"featured_media":0,"parent":52,"menu_order":0,"comment_status":"closed","ping_status":"closed","template":"","meta":{"_monsterinsights_skip_tracking":false,"_monsterinsights_sitenote_active":false,"_monsterinsights_sitenote_note":"","_monsterinsights_sitenote_category":0,"footnotes":""},"class_list":["post-1262","page","type-page","status-publish","hentry"],"_links":{"self":[{"href":"https:\/\/chrs.uqam.ca\/index.php\/wp-json\/wp\/v2\/pages\/1262","targetHints":{"allow":["GET"]}}],"collection":[{"href":"https:\/\/chrs.uqam.ca\/index.php\/wp-json\/wp\/v2\/pages"}],"about":[{"href":"https:\/\/chrs.uqam.ca\/index.php\/wp-json\/wp\/v2\/types\/page"}],"author":[{"embeddable":true,"href":"https:\/\/chrs.uqam.ca\/index.php\/wp-json\/wp\/v2\/users\/2"}],"replies":[{"embeddable":true,"href":"https:\/\/chrs.uqam.ca\/index.php\/wp-json\/wp\/v2\/comments?post=1262"}],"version-history":[{"count":0,"href":"https:\/\/chrs.uqam.ca\/index.php\/wp-json\/wp\/v2\/pages\/1262\/revisions"}],"up":[{"embeddable":true,"href":"https:\/\/chrs.uqam.ca\/index.php\/wp-json\/wp\/v2\/pages\/52"}],"wp:attachment":[{"href":"https:\/\/chrs.uqam.ca\/index.php\/wp-json\/wp\/v2\/media?parent=1262"}],"curies":[{"name":"wp","href":"https:\/\/api.w.org\/{rel}","templated":true}]}}