{"id":12569,"date":"2025-10-15T13:36:54","date_gmt":"2025-10-15T17:36:54","guid":{"rendered":"https:\/\/chrs.uqam.ca\/?page_id=12569"},"modified":"2025-10-15T13:36:54","modified_gmt":"2025-10-15T17:36:54","slug":"david-vaillant","status":"publish","type":"page","link":"https:\/\/chrs.uqam.ca\/index.php\/a-propos\/equipe\/membres-etudiants\/david-vaillant\/","title":{"rendered":"David Vaillant"},"content":{"rendered":"\n<figure class=\"wp-block-image size-large is-resized\"><img loading=\"lazy\" decoding=\"async\" width=\"647\" height=\"1024\" src=\"https:\/\/chrs.uqam.ca\/wp-content\/uploads\/2025\/10\/david-vaillant-2025-647x1024.jpg\" alt=\"\" class=\"wp-image-12570\" style=\"width:240px;height:auto\" srcset=\"https:\/\/chrs.uqam.ca\/wp-content\/uploads\/2025\/10\/david-vaillant-2025-647x1024.jpg 647w, https:\/\/chrs.uqam.ca\/wp-content\/uploads\/2025\/10\/david-vaillant-2025-190x300.jpg 190w, https:\/\/chrs.uqam.ca\/wp-content\/uploads\/2025\/10\/david-vaillant-2025-768x1215.jpg 768w, https:\/\/chrs.uqam.ca\/wp-content\/uploads\/2025\/10\/david-vaillant-2025-971x1536.jpg 971w, https:\/\/chrs.uqam.ca\/wp-content\/uploads\/2025\/10\/david-vaillant-2025-1294x2048.jpg 1294w, https:\/\/chrs.uqam.ca\/wp-content\/uploads\/2025\/10\/david-vaillant-2025-scaled.jpg 1618w\" sizes=\"auto, (max-width: 647px) 100vw, 647px\" \/><\/figure>\n\n\n\n<p><strong>Universit\u00e9 de Montr\u00e9al<br>D\u00e9partement d&rsquo;histoire<\/strong><\/p>\n\n\n\n<p>David Vaillant est titulaire d&rsquo;un baccalaur\u00e9at en histoire de l&rsquo;Universit\u00e9 de Montr\u00e9al et est pr\u00e9sentement candidat \u00e0 la ma\u00eetrise en histoire \u00e0 l&rsquo;Universit\u00e9 de Montr\u00e9al, sous la direction de Catherine Larochelle. Il s&rsquo;int\u00e9resse \u00e0 l&rsquo;histoire de la sexualit\u00e9 au Qu\u00e9bec, plus particuli\u00e8rement \u00e0 l&rsquo;histoire de l&rsquo;homosexualit\u00e9 et des minorit\u00e9s sexuelles. Ses recherches portent autant sur la r\u00e9pression structurelle de l&rsquo;homosexualit\u00e9 que sur les mouvements sociaux et politiques qui ont permis l&rsquo;apparition d&rsquo;une v\u00e9ritable communaut\u00e9 de minorit\u00e9s sexuelles. Son m\u00e9moire vise \u00e0 pr\u00e9senter les \u00e9tablissements d&rsquo;enseignement postsecondaire (c\u00e9geps et universit\u00e9s) comme des lieux symboliques de la lib\u00e9ration gaie et lesbienne dans les ann\u00e9es 1970 et 1980, en liant le militantisme \u00e9tudiant et le militantisme\u00a0<em>queer<\/em>.<\/p>\n\n\n<div class=\"su-spoiler su-spoiler-style-default su-spoiler-icon-chevron su-spoiler-closed\" data-scroll-offset=\"0\" data-anchor-in-url=\"no\"><div class=\"su-spoiler-title\" tabindex=\"0\" role=\"button\"><span class=\"su-spoiler-icon\"><\/span>Coordonn\u00e9es<\/div><div class=\"su-spoiler-content su-u-clearfix su-u-trim\">\n<p><strong>Courriel :&nbsp;<\/strong><span class=\"marksu3d5ayyy\" data-markjs=\"true\" data-ogac=\"\" data-ogab=\"\" data-ogsc=\"\" data-ogsb=\"\">david.vaillant@umontreal.ca<\/div><\/div>\n\n\n<div class=\"su-spoiler su-spoiler-style-default su-spoiler-icon-chevron su-spoiler-closed\" data-scroll-offset=\"0\" data-anchor-in-url=\"no\"><div class=\"su-spoiler-title\" tabindex=\"0\" role=\"button\"><span class=\"su-spoiler-icon\"><\/span>Liens<\/div><div class=\"su-spoiler-content su-u-clearfix su-u-trim\">\n<p><a href=\"https:\/\/chrs.uqam.ca\/wp-content\/uploads\/2025\/10\/David-Vaillant-CV-2025.pdf\" target=\"_blank\" rel=\"noopener\">Curriculum vitae<\/a><br \/>\n<\/div><\/div>\n\n\n<div class=\"su-spoiler su-spoiler-style-default su-spoiler-icon-chevron su-spoiler-closed\" data-scroll-offset=\"0\" data-anchor-in-url=\"no\"><div class=\"su-spoiler-title\" tabindex=\"0\" role=\"button\"><span class=\"su-spoiler-icon\"><\/span>Bourses, prix et distinctions<\/div><div class=\"su-spoiler-content su-u-clearfix su-u-trim\">\n<p>2025 &#8211; Bourse BESC de niveau ma\u00eetrise &#8211; Conseil de recherche en<br \/>\nsciences humaines<br \/>\n2025 &#8211; Bourse de ma\u00eetrise en recherche B1Z &#8211; Fonds de recherche du<br \/>\nQu\u00e9bec soci\u00e9t\u00e9 et culture<br \/>\n2024 &#8211; Bourse RECI &#8211; Universit\u00e9 de Montr\u00e9al<br \/>\n2024 &#8211; Bourse de mobilit\u00e9 &#8211; Universit\u00e9 de Montr\u00e9al<br \/>\n2022 &#8211; Prix du meilleur \u00e9tudiant en Sciences Humaines Plus &#8211; Coll\u00e8ge<br \/>\nAndr\u00e9-Grasset<br \/>\n2022 &#8211; Prix socioculturel &#8211; Coll\u00e8ge Andr\u00e9-Grasset<br \/>\n2021 &#8211; Bourse de la rel\u00e8ve &#8211; Association des \u00e9tudiant.e.s du Coll\u00e8ge<br \/>\nAndr\u00e9-Grasset<br \/>\n2020 &#8211; Bourse \u00ab D\u2019Archim\u00e8de \u00e0 Zola \u00bb &#8211; Coll\u00e8ge Andr\u00e9-Grasset<br \/>\n2019 &#8211; Prix du m\u00e9rite en histoire &#8211; Soci\u00e9t\u00e9 Saint-Jean-Baptiste<br \/>\n<\/div><\/div>\n\n\n<div class=\"su-spoiler su-spoiler-style-default su-spoiler-icon-chevron\" data-scroll-offset=\"0\" data-anchor-in-url=\"no\"><div class=\"su-spoiler-title\" tabindex=\"0\" role=\"button\"><span class=\"su-spoiler-icon\"><\/span>Nouvelles<\/div><div class=\"su-spoiler-content su-u-clearfix su-u-trim\">\n\n<\/div><\/div>\n","protected":false},"excerpt":{"rendered":"<p>Universit\u00e9 de Montr\u00e9alD\u00e9partement d&rsquo;histoire David Vaillant est titulaire d&rsquo;un baccalaur\u00e9at en histoire de l&rsquo;Universit\u00e9 de Montr\u00e9al et est pr\u00e9sentement candidat \u00e0 la ma\u00eetrise en histoire \u00e0 l&rsquo;Universit\u00e9 de Montr\u00e9al, sous&#8230;<\/p>\n","protected":false},"author":11,"featured_media":0,"parent":455,"menu_order":0,"comment_status":"closed","ping_status":"closed","template":"","meta":{"_monsterinsights_skip_tracking":false,"_monsterinsights_sitenote_active":false,"_monsterinsights_sitenote_note":"","_monsterinsights_sitenote_category":0,"footnotes":""},"class_list":["post-12569","page","type-page","status-publish","hentry"],"_links":{"self":[{"href":"https:\/\/chrs.uqam.ca\/index.php\/wp-json\/wp\/v2\/pages\/12569","targetHints":{"allow":["GET"]}}],"collection":[{"href":"https:\/\/chrs.uqam.ca\/index.php\/wp-json\/wp\/v2\/pages"}],"about":[{"href":"https:\/\/chrs.uqam.ca\/index.php\/wp-json\/wp\/v2\/types\/page"}],"author":[{"embeddable":true,"href":"https:\/\/chrs.uqam.ca\/index.php\/wp-json\/wp\/v2\/users\/11"}],"replies":[{"embeddable":true,"href":"https:\/\/chrs.uqam.ca\/index.php\/wp-json\/wp\/v2\/comments?post=12569"}],"version-history":[{"count":2,"href":"https:\/\/chrs.uqam.ca\/index.php\/wp-json\/wp\/v2\/pages\/12569\/revisions"}],"predecessor-version":[{"id":12573,"href":"https:\/\/chrs.uqam.ca\/index.php\/wp-json\/wp\/v2\/pages\/12569\/revisions\/12573"}],"up":[{"embeddable":true,"href":"https:\/\/chrs.uqam.ca\/index.php\/wp-json\/wp\/v2\/pages\/455"}],"wp:attachment":[{"href":"https:\/\/chrs.uqam.ca\/index.php\/wp-json\/wp\/v2\/media?parent=12569"}],"curies":[{"name":"wp","href":"https:\/\/api.w.org\/{rel}","templated":true}]}}