{"id":1252,"date":"2017-02-19T01:28:47","date_gmt":"2017-02-19T00:28:47","guid":{"rendered":"http:\/\/chrs.cieq.ca\/?page_id=1252"},"modified":"2017-05-03T14:15:46","modified_gmt":"2017-05-03T18:15:46","slug":"la-cour-des-jeunes-delinquants-de-montreal","status":"publish","type":"page","link":"https:\/\/chrs.uqam.ca\/index.php\/recherche\/realisations\/projets-de-recherche-termines\/la-cour-des-jeunes-delinquants-de-montreal\/","title":{"rendered":"La Cour des jeunes d\u00e9linquants de Montr\u00e9al, 1912-1950"},"content":{"rendered":"<p>&nbsp;<\/p>\n<h4>Organisme(s) subventionnaire(s)<\/h4>\n<p>Fonds pour la formation de chercheurs et l\u2019aide \u00e0 la recherche (FCAR)<\/p>\n<h4>Ann\u00e9es<\/h4>\n<p>1996-1999<\/p>\n<h4>Chercheur(s) CHRS<\/h4>\n<div class=\"su-row\"><div class=\"su-column su-column-size-1-3\"><div class=\"su-column-inner su-u-clearfix su-u-trim\">\n<a href=\"\/index.php\/a-propos\/equipe\/membres-reguliers\/jean-trepanier\/\" target=\"_blank\">Jean Tr\u00e9panier<\/a><br \/>\n<\/div><\/div>\n<div class=\"su-column su-column-size-1-3\"><div class=\"su-column-inner su-u-clearfix su-u-trim\">\n<\/div><\/div>\n<div class=\"su-column su-column-size-1-3\"><div class=\"su-column-inner su-u-clearfix su-u-trim\"><\/div><\/div>\n<\/div>\n<p>&nbsp;<\/p>\n<p>Cette \u00e9tude de la Cour des jeunes d\u00e9linquants de Montr\u00e9al vise \u00e0 examiner les pratiques de ce tribunal en tenant compte du cadre socio-juridique et organisationnel particulier dans lequel il \u00e9volue et de la repr\u00e9sentation que l'on s'y fait de la d\u00e9linquance et des d\u00e9linquants. <\/p>\n<p>Plus particuli\u00e8rement, les d\u00e9cisions du tribunal seront \u00e9tudi\u00e9es en vue d'\u00e9valuer : <\/p>\n<ul>1) la concordance entre les pratiques du tribunal et les objectifs \u00e9nonc\u00e9s dans la Loi sur les jeunes d\u00e9linquants;<br \/>\n2) l'importance du recours au placement institutionnel;<br \/>\n3) l'importance du recours \u00e0 l'amende parmi les mesures prises \u00e0 l'encontre des jeunes;<br \/>\n4) la transformation des modalit\u00e9s de contr\u00f4le social \u00e0 l'\u00e9gard des jeunes qui doivent se pr\u00e9senter devant le tribunal;<br \/>\n5) l'impact du sexe des jeunes sur les d\u00e9cisions sentencielles du tribunal;<br \/>\n6) la r\u00e9action du tribunal \u00e0 l'\u00e9gard des jeunes qui connaissent des contacts multiples avec le tribunal.<\/ul>\n<p>La recherche apportera une contribution significative \u00e0 l'analyse des politiques p\u00e9nales pour mineurs. Elle permettra de comprendre la mise en place, et plus encore le fonctionnement de ce tribunal dans les conditions particuli\u00e8res qui le caract\u00e9risent pour saisir le sens des pratiques \u00e0 l'\u00e9gard des jeunes qui y seront amen\u00e9s et, ainsi, cerner les processus d\u00e9cisionnels et sentenciels qu'on y observe.<\/p>\n","protected":false},"excerpt":{"rendered":"<p>&nbsp; Organisme(s) subventionnaire(s) Fonds pour la formation de chercheurs et l\u2019aide \u00e0 la recherche (FCAR) Ann\u00e9es 1996-1999 Chercheur(s) CHRS &nbsp; Cette \u00e9tude de la Cour des jeunes d\u00e9linquants de Montr\u00e9al&#8230;<\/p>\n","protected":false},"author":2,"featured_media":0,"parent":52,"menu_order":0,"comment_status":"closed","ping_status":"closed","template":"","meta":{"_monsterinsights_skip_tracking":false,"_monsterinsights_sitenote_active":false,"_monsterinsights_sitenote_note":"","_monsterinsights_sitenote_category":0,"footnotes":""},"class_list":["post-1252","page","type-page","status-publish","hentry"],"_links":{"self":[{"href":"https:\/\/chrs.uqam.ca\/index.php\/wp-json\/wp\/v2\/pages\/1252","targetHints":{"allow":["GET"]}}],"collection":[{"href":"https:\/\/chrs.uqam.ca\/index.php\/wp-json\/wp\/v2\/pages"}],"about":[{"href":"https:\/\/chrs.uqam.ca\/index.php\/wp-json\/wp\/v2\/types\/page"}],"author":[{"embeddable":true,"href":"https:\/\/chrs.uqam.ca\/index.php\/wp-json\/wp\/v2\/users\/2"}],"replies":[{"embeddable":true,"href":"https:\/\/chrs.uqam.ca\/index.php\/wp-json\/wp\/v2\/comments?post=1252"}],"version-history":[{"count":0,"href":"https:\/\/chrs.uqam.ca\/index.php\/wp-json\/wp\/v2\/pages\/1252\/revisions"}],"up":[{"embeddable":true,"href":"https:\/\/chrs.uqam.ca\/index.php\/wp-json\/wp\/v2\/pages\/52"}],"wp:attachment":[{"href":"https:\/\/chrs.uqam.ca\/index.php\/wp-json\/wp\/v2\/media?parent=1252"}],"curies":[{"name":"wp","href":"https:\/\/api.w.org\/{rel}","templated":true}]}}