{"id":1248,"date":"2017-02-19T01:16:04","date_gmt":"2017-02-19T00:16:04","guid":{"rendered":"http:\/\/chrs.cieq.ca\/?page_id=1248"},"modified":"2017-05-03T14:23:53","modified_gmt":"2017-05-03T18:23:53","slug":"lorganisation-de-lassistance-et-regulation-de-la-pauvrete-a-montreal","status":"publish","type":"page","link":"https:\/\/chrs.uqam.ca\/index.php\/recherche\/realisations\/projets-de-recherche-termines\/lorganisation-de-lassistance-et-regulation-de-la-pauvrete-a-montreal\/","title":{"rendered":"L\u2019organisation de l\u2019assistance et r\u00e9gulation de la pauvret\u00e9 \u00e0 Montr\u00e9al, 1840-1921"},"content":{"rendered":"<p>&nbsp;<\/p>\n<h4>Organisme(s) subventionnaire(s)<\/h4>\n<p>Conseil de recherches en sciences humaines du Canada (CRSH)<\/p>\n<h4>Ann\u00e9es<\/h4>\n<p>1998-2001<\/p>\n<h4>Chercheur(s) CHRS<\/h4>\n<div class=\"su-row\"><div class=\"su-column su-column-size-1-3\"><div class=\"su-column-inner su-u-clearfix su-u-trim\">\n<a href=\"\/index.php\/a-propos\/equipe\/membres-reguliers\/jean-marie-fecteau\/\" target=\"_blank\">Jean-Marie Fecteau\u2020<\/a><br \/>\n<a href=\"\/index.php\/a-propos\/equipe\/membres-reguliers\/janice-harvey\/\" target=\"_blank\">Janice Harvey<\/a><br \/>\n<\/div><\/div>\n<div class=\"su-column su-column-size-1-3\"><div class=\"su-column-inner su-u-clearfix su-u-trim\">\n<\/div><\/div>\n<div class=\"su-column su-column-size-1-3\"><div class=\"su-column-inner su-u-clearfix su-u-trim\"><\/div><\/div>\n<\/div>\n<p>&nbsp;<br \/>\nCette recherche analysait la mise en place et le d\u00e9veloppement du r\u00e9seau institutionnel d'assistance publique et priv\u00e9e, \u00e0 Montr\u00e9al, de l'Acte d'Union \u00e0 la Loi d'assistance publique (1840-1921). Car cette histoire est trop souvent r\u00e9duite \u00e0 une monopolisation graduelle par l'instance \u00e9tatique d'un espace social auparavant occup\u00e9 par le secteur priv\u00e9. Cette recherche portait donc sur un r\u00e9seau d'institutions polymorphe et multifonctionnel, sur un \u00ab espace public \u00bb de l'assistance qui a sa logique propre, m\u00eame subvertie par sa client\u00e8le, et o\u00f9 le politique joue un r\u00f4le fondamental. Il \u00e9tait centr\u00e9 pr\u00e9cis\u00e9ment sur la dynamique institutionnelle de ce domaine de l'activit\u00e9 sociale et sur la place qu'y occupent les autorit\u00e9s publiques. Il entendait caract\u00e9riser la teneur et mesurer les effets de la c\u00e9sure confessionnelle partageant le r\u00e9seau d'assistance de l'\u00e9poque, tout en dressant le portrait et en cernant la strat\u00e9gie des populations qui en sont \u00e0 la fois la cible et la client\u00e8le.<\/p>\n","protected":false},"excerpt":{"rendered":"<p>&nbsp; Organisme(s) subventionnaire(s) Conseil de recherches en sciences humaines du Canada (CRSH) Ann\u00e9es 1998-2001 Chercheur(s) CHRS &nbsp; Cette recherche analysait la mise en place et le d\u00e9veloppement du r\u00e9seau institutionnel&#8230;<\/p>\n","protected":false},"author":2,"featured_media":0,"parent":52,"menu_order":0,"comment_status":"closed","ping_status":"closed","template":"","meta":{"_monsterinsights_skip_tracking":false,"_monsterinsights_sitenote_active":false,"_monsterinsights_sitenote_note":"","_monsterinsights_sitenote_category":0,"footnotes":""},"class_list":["post-1248","page","type-page","status-publish","hentry"],"_links":{"self":[{"href":"https:\/\/chrs.uqam.ca\/index.php\/wp-json\/wp\/v2\/pages\/1248","targetHints":{"allow":["GET"]}}],"collection":[{"href":"https:\/\/chrs.uqam.ca\/index.php\/wp-json\/wp\/v2\/pages"}],"about":[{"href":"https:\/\/chrs.uqam.ca\/index.php\/wp-json\/wp\/v2\/types\/page"}],"author":[{"embeddable":true,"href":"https:\/\/chrs.uqam.ca\/index.php\/wp-json\/wp\/v2\/users\/2"}],"replies":[{"embeddable":true,"href":"https:\/\/chrs.uqam.ca\/index.php\/wp-json\/wp\/v2\/comments?post=1248"}],"version-history":[{"count":0,"href":"https:\/\/chrs.uqam.ca\/index.php\/wp-json\/wp\/v2\/pages\/1248\/revisions"}],"up":[{"embeddable":true,"href":"https:\/\/chrs.uqam.ca\/index.php\/wp-json\/wp\/v2\/pages\/52"}],"wp:attachment":[{"href":"https:\/\/chrs.uqam.ca\/index.php\/wp-json\/wp\/v2\/media?parent=1248"}],"curies":[{"name":"wp","href":"https:\/\/api.w.org\/{rel}","templated":true}]}}