{"id":1246,"date":"2017-02-19T01:10:27","date_gmt":"2017-02-19T00:10:27","guid":{"rendered":"http:\/\/chrs.cieq.ca\/?page_id=1246"},"modified":"2017-05-03T14:06:08","modified_gmt":"2017-05-03T18:06:08","slug":"regulation-sociale-et-institutions-a-montreal","status":"publish","type":"page","link":"https:\/\/chrs.uqam.ca\/index.php\/recherche\/realisations\/projets-de-recherche-termines\/regulation-sociale-et-institutions-a-montreal\/","title":{"rendered":"R\u00e9gulation sociale et institutions \u00e0 Montr\u00e9al, 1840-1921"},"content":{"rendered":"<p>&nbsp;<\/p>\n<h4>Organisme(s) subventionnaire(s)<\/h4>\n<p>Fonds pour la formation de chercheurs et l\u2019aide \u00e0 la recherche (FCAR) (1998-2011; 2001-2004; 2004-2008)<br \/>\nConseil de recherche en sciences humaines du Canada (CRSH) (2003-2006)<\/p>\n<h4>Ann\u00e9es<\/h4>\n<p>1998-2006<\/p>\n<h4>Chercheur(s) CHRS<\/h4>\n<div class=\"su-row\"><div class=\"su-column su-column-size-1-3\"><div class=\"su-column-inner su-u-clearfix su-u-trim\">\n<a href=\"\/index.php\/a-propos\/equipe\/membres-reguliers\/jean-marie-fecteau\/\" target=\"_blank\">Jean-Marie Fecteau\u2020<\/a><br \/>\n<a href=\"\/index.php\/a-propos\/equipe\/membres-reguliers\/jean-trepanier\/\" target=\"_blank\">Jean Tr\u00e9panier<\/a><br \/>\n<a href=\"\/index.php\/a-propos\/equipe\/chercheurs-affilies\/andre-cellard\/\" target=\"_blank\">Andr\u00e9 Cellard<\/a><br \/>\n<\/div><\/div>\n<div class=\"su-column su-column-size-1-3\"><div class=\"su-column-inner su-u-clearfix su-u-trim\">\n<a href=\"\/index.php\/a-propos\/equipe\/membres-reguliers\/janice-harvey\/\" target=\"_blank\">Janice Harvey<\/a><br \/>\n<a href=\"\/index.php\/a-propos\/equipe\/membres-reguliers\/louise-bienvenue\/\" target=\"_blank\">Louise Bienvenue<\/a><br \/>\n<\/div><\/div>\n<div class=\"su-column su-column-size-1-3\"><div class=\"su-column-inner su-u-clearfix su-u-trim\"><\/div><\/div>\n<a href=\"\/index.php\/a-propos\/equipe\/membres-reguliers\/veronique-strimelle\/\" target=\"_blank\">V\u00e9ronique Strimelle<\/a><br \/>\n<a href=\"\/index.php\/a-propos\/equipe\/membres-reguliers\/guy-cucumel\/\" target=\"_blank\">Guy Cucumel<\/a><br \/>\n<\/div>\n<p>&nbsp;<\/p>\n<p>Ces recherches visent \u00e0 d\u00e9velopper notre connaissance th\u00e9orique et empirique de la place et des conditions de d\u00e9veloppement des proc\u00e9dures d'institutionnalisation au cours de la p\u00e9riode de mise en place et de croissance du capitalisme industriel \u00e0 Montr\u00e9al, entre 1840-1921. Initialement ax\u00e9 sur les proc\u00e9dures d'enfermement p\u00e9nal, le programme de recherche a \u00e9t\u00e9 \u00e9tendu \u00e0 l'ensemble des pratiques d'institutionnalisation en mati\u00e8re de r\u00e9gulation sociale, soit en mati\u00e8re p\u00e9nale, asilaire et charitable. Le regard des chercheurs se porte sur ces institutions non seulement dans leur dimension individuelle, mais surtout comme les \u00e9l\u00e9ments d'un r\u00e9seau dont il s'agit d'interroger la constitution et le d\u00e9veloppement. Les chercheurs analysent non seulement les politiques, mais aussi les pratiques d'intervention, sans oublier les populations vis\u00e9es par ces interventions. <\/p>\n<p>Les deux premi\u00e8res phases ont \u00e9t\u00e9 financ\u00e9es par le FCAR et ont permis de construire une \u00e9quipe de recherche interuniversitaire et interdisciplinaire (historiens sociaux, historiens du m\u00e9dico-social, historien du droit) puis d'\u00e9laborer une enqu\u00eate syst\u00e9matique. La troisi\u00e8me volet va plus loin encore en d\u00e9cloisonnant les secteurs pris en charge par chacun des chercheurs : institutions asilaires, institutions charitables, institutions p\u00e9nales. <\/p>\n","protected":false},"excerpt":{"rendered":"<p>&nbsp; Organisme(s) subventionnaire(s) Fonds pour la formation de chercheurs et l\u2019aide \u00e0 la recherche (FCAR) (1998-2011; 2001-2004; 2004-2008) Conseil de recherche en sciences humaines du Canada (CRSH) (2003-2006) Ann\u00e9es 1998-2006&#8230;<\/p>\n","protected":false},"author":2,"featured_media":0,"parent":52,"menu_order":0,"comment_status":"closed","ping_status":"closed","template":"","meta":{"_monsterinsights_skip_tracking":false,"_monsterinsights_sitenote_active":false,"_monsterinsights_sitenote_note":"","_monsterinsights_sitenote_category":0,"footnotes":""},"class_list":["post-1246","page","type-page","status-publish","hentry"],"_links":{"self":[{"href":"https:\/\/chrs.uqam.ca\/index.php\/wp-json\/wp\/v2\/pages\/1246","targetHints":{"allow":["GET"]}}],"collection":[{"href":"https:\/\/chrs.uqam.ca\/index.php\/wp-json\/wp\/v2\/pages"}],"about":[{"href":"https:\/\/chrs.uqam.ca\/index.php\/wp-json\/wp\/v2\/types\/page"}],"author":[{"embeddable":true,"href":"https:\/\/chrs.uqam.ca\/index.php\/wp-json\/wp\/v2\/users\/2"}],"replies":[{"embeddable":true,"href":"https:\/\/chrs.uqam.ca\/index.php\/wp-json\/wp\/v2\/comments?post=1246"}],"version-history":[{"count":0,"href":"https:\/\/chrs.uqam.ca\/index.php\/wp-json\/wp\/v2\/pages\/1246\/revisions"}],"up":[{"embeddable":true,"href":"https:\/\/chrs.uqam.ca\/index.php\/wp-json\/wp\/v2\/pages\/52"}],"wp:attachment":[{"href":"https:\/\/chrs.uqam.ca\/index.php\/wp-json\/wp\/v2\/media?parent=1246"}],"curies":[{"name":"wp","href":"https:\/\/api.w.org\/{rel}","templated":true}]}}