{"id":12458,"date":"2025-02-23T14:51:01","date_gmt":"2025-02-23T18:51:01","guid":{"rendered":"https:\/\/chrs.uqam.ca\/?page_id=12458"},"modified":"2025-02-23T14:51:04","modified_gmt":"2025-02-23T18:51:04","slug":"arianne-lalonde","status":"publish","type":"page","link":"https:\/\/chrs.uqam.ca\/index.php\/a-propos\/equipe\/membres-etudiants\/arianne-lalonde\/","title":{"rendered":"Arianne Lalonde"},"content":{"rendered":"\n<figure class=\"wp-block-image size-full is-resized\"><img loading=\"lazy\" decoding=\"async\" width=\"559\" height=\"608\" src=\"https:\/\/chrs.uqam.ca\/wp-content\/uploads\/2025\/02\/Arianne-Lalonde.jpg\" alt=\"\" class=\"wp-image-12459\" style=\"width:260px;height:auto\" srcset=\"https:\/\/chrs.uqam.ca\/wp-content\/uploads\/2025\/02\/Arianne-Lalonde.jpg 559w, https:\/\/chrs.uqam.ca\/wp-content\/uploads\/2025\/02\/Arianne-Lalonde-276x300.jpg 276w\" sizes=\"auto, (max-width: 559px) 100vw, 559px\" \/><\/figure>\n\n\n\n<p><strong>Universit\u00e9 de Montr\u00e9al<br>D\u00e9partement d&rsquo;histoire<\/strong><\/p>\n\n\n\n<p>Arianne Lalonde est \u00e9tudiante \u00e0 la ma\u00eetrise en histoire \u00e0 l\u2019Universit\u00e9 de Montr\u00e9al sous la direction conjointe d\u2019Ollivier Hubert et de Meagan Wierda. Elle s\u2019int\u00e9resse \u00e0 l\u2019espace urbain de la ville coloniale de Montr\u00e9al.<\/p>\n\n\n\n<p>Son m\u00e9moire de ma\u00eetrise porte sur les normes et les codes qui r\u00e9gissent l\u2019espace urbain de Montr\u00e9al au XVIII<sup>e<\/sup> si\u00e8cle en consid\u00e9rant que la d\u00e9termination des limites est une construction culturelle. Afin d\u2019analyser ces \u00e9l\u00e9ments, elle \u00e9tudie le cas du seuil, qui constitue un marqueur mat\u00e9riel et symbolique de la division de la ville. Cette \u00e9tude s\u2019appuie principalement sur les archives du fonds de la Juridiction royale de Montr\u00e9al (1693-1760).<\/p>\n\n\n\n<div class=\"su-spoiler su-spoiler-style-default su-spoiler-icon-chevron su-spoiler-closed\" data-scroll-offset=\"0\" data-anchor-in-url=\"no\"><div class=\"su-spoiler-title\" tabindex=\"0\" role=\"button\"><span class=\"su-spoiler-icon\"><\/span>Coordonn\u00e9es<\/div><div class=\"su-spoiler-content su-u-clearfix su-u-trim\">\n\n\n\n<p><strong>Courriel : <\/strong>arianne.lalonde@umontreal.ca<\/div><\/div>\n\n\n\n<div class=\"su-spoiler su-spoiler-style-default su-spoiler-icon-chevron su-spoiler-closed\" data-scroll-offset=\"0\" data-anchor-in-url=\"no\"><div class=\"su-spoiler-title\" tabindex=\"0\" role=\"button\"><span class=\"su-spoiler-icon\"><\/span>Liens<\/div><div class=\"su-spoiler-content su-u-clearfix su-u-trim\">\n\n\n\n<p><a href=\"https:\/\/chrs.uqam.ca\/wp-content\/uploads\/2025\/02\/Arianne-Lalonde_CV-2025.pdf\" data-type=\"link\" data-id=\"https:\/\/chrs.uqam.ca\/wp-content\/uploads\/2024\/02\/KimGelinas_CV_2024.pdf\" target=\"_blank\" rel=\"noreferrer noopener\">Curriculum vitae<\/a><br><\/div><\/div>\n\n\n\n<div class=\"su-spoiler su-spoiler-style-default su-spoiler-icon-chevron su-spoiler-closed\" data-scroll-offset=\"0\" data-anchor-in-url=\"no\"><div class=\"su-spoiler-title\" tabindex=\"0\" role=\"button\"><span class=\"su-spoiler-icon\"><\/span>Bourses, prix et distinctions<\/div><div class=\"su-spoiler-content su-u-clearfix su-u-trim\">\n\n\n\n<p>Bourse d\u2019\u00e9tude de l\u2019Alliance de la Fonction publique du Canada \u2013 2024<br><\/div><\/div>\n\n\n\n<div class=\"su-spoiler su-spoiler-style-default su-spoiler-icon-chevron\" data-scroll-offset=\"0\" data-anchor-in-url=\"no\"><div class=\"su-spoiler-title\" tabindex=\"0\" role=\"button\"><span class=\"su-spoiler-icon\"><\/span>Nouvelles<\/div><div class=\"su-spoiler-content su-u-clearfix su-u-trim\"><br><br><\/div><\/div>\n","protected":false},"excerpt":{"rendered":"<p>Universit\u00e9 de Montr\u00e9alD\u00e9partement d&rsquo;histoire Arianne Lalonde est \u00e9tudiante \u00e0 la ma\u00eetrise en histoire \u00e0 l\u2019Universit\u00e9 de Montr\u00e9al sous la direction conjointe d\u2019Ollivier Hubert et de Meagan Wierda. Elle s\u2019int\u00e9resse \u00e0&#8230;<\/p>\n","protected":false},"author":11,"featured_media":0,"parent":455,"menu_order":0,"comment_status":"closed","ping_status":"closed","template":"","meta":{"_monsterinsights_skip_tracking":false,"_monsterinsights_sitenote_active":false,"_monsterinsights_sitenote_note":"","_monsterinsights_sitenote_category":0,"footnotes":""},"class_list":["post-12458","page","type-page","status-publish","hentry"],"_links":{"self":[{"href":"https:\/\/chrs.uqam.ca\/index.php\/wp-json\/wp\/v2\/pages\/12458","targetHints":{"allow":["GET"]}}],"collection":[{"href":"https:\/\/chrs.uqam.ca\/index.php\/wp-json\/wp\/v2\/pages"}],"about":[{"href":"https:\/\/chrs.uqam.ca\/index.php\/wp-json\/wp\/v2\/types\/page"}],"author":[{"embeddable":true,"href":"https:\/\/chrs.uqam.ca\/index.php\/wp-json\/wp\/v2\/users\/11"}],"replies":[{"embeddable":true,"href":"https:\/\/chrs.uqam.ca\/index.php\/wp-json\/wp\/v2\/comments?post=12458"}],"version-history":[{"count":1,"href":"https:\/\/chrs.uqam.ca\/index.php\/wp-json\/wp\/v2\/pages\/12458\/revisions"}],"predecessor-version":[{"id":12461,"href":"https:\/\/chrs.uqam.ca\/index.php\/wp-json\/wp\/v2\/pages\/12458\/revisions\/12461"}],"up":[{"embeddable":true,"href":"https:\/\/chrs.uqam.ca\/index.php\/wp-json\/wp\/v2\/pages\/455"}],"wp:attachment":[{"href":"https:\/\/chrs.uqam.ca\/index.php\/wp-json\/wp\/v2\/media?parent=12458"}],"curies":[{"name":"wp","href":"https:\/\/api.w.org\/{rel}","templated":true}]}}