{"id":1244,"date":"2017-02-19T00:55:37","date_gmt":"2017-02-18T23:55:37","guid":{"rendered":"http:\/\/chrs.cieq.ca\/?page_id=1244"},"modified":"2017-05-03T14:30:52","modified_gmt":"2017-05-03T18:30:52","slug":"evolution-de-la-population-de-la-prison-de-montreal","status":"publish","type":"page","link":"https:\/\/chrs.uqam.ca\/index.php\/recherche\/realisations\/projets-de-recherche-termines\/evolution-de-la-population-de-la-prison-de-montreal\/","title":{"rendered":"\u00c9volution de la population de la prison de Montr\u00e9al"},"content":{"rendered":"<p>&nbsp;<\/p>\n<h4>Organisme(s) subventionnaire(s)<\/h4>\n<p>Minist\u00e8re du d\u00e9veloppement des ressources humaines du Canada (1999)<\/p>\n<h4>Ann\u00e9es<\/h4>\n<p>1999<\/p>\n<h4>Chercheur(s) CHRS<\/h4>\n<div class=\"su-row\"><div class=\"su-column su-column-size-1-3\"><div class=\"su-column-inner su-u-clearfix su-u-trim\">\n<a href=\"\/index.php\/a-propos\/equipe\/membres-reguliers\/jean-trepanier\/\" target=\"_blank\">Jean Tr\u00e9panier<\/a><br \/>\n<\/div><\/div>\n<div class=\"su-column su-column-size-1-3\"><div class=\"su-column-inner su-u-clearfix su-u-trim\">\n<\/div><\/div>\n<div class=\"su-column su-column-size-1-3\"><div class=\"su-column-inner su-u-clearfix su-u-trim\"><\/div><\/div>\n<\/div>\n<p>&nbsp;<\/p>\n<p>Ce projet avait pour but de mesurer le fonctionnement de la prison de Montr\u00e9al, de 1865 \u00e0 1913, soit au coeur du processus d'industrialisation qui laissera une marque si nette sur le paysage montr\u00e9alais. Cette mesure \u00e9tait faite principalement en puisant dans la banque de donn\u00e9es informatis\u00e9es constitu\u00e9e \u00e0 partir des registres de la prison de Montr\u00e9al.<\/p>\n","protected":false},"excerpt":{"rendered":"<p>&nbsp; Organisme(s) subventionnaire(s) Minist\u00e8re du d\u00e9veloppement des ressources humaines du Canada (1999) Ann\u00e9es 1999 Chercheur(s) CHRS &nbsp; Ce projet avait pour but de mesurer le fonctionnement de la prison de&#8230;<\/p>\n","protected":false},"author":2,"featured_media":0,"parent":52,"menu_order":0,"comment_status":"closed","ping_status":"closed","template":"","meta":{"_monsterinsights_skip_tracking":false,"_monsterinsights_sitenote_active":false,"_monsterinsights_sitenote_note":"","_monsterinsights_sitenote_category":0,"footnotes":""},"class_list":["post-1244","page","type-page","status-publish","hentry"],"_links":{"self":[{"href":"https:\/\/chrs.uqam.ca\/index.php\/wp-json\/wp\/v2\/pages\/1244","targetHints":{"allow":["GET"]}}],"collection":[{"href":"https:\/\/chrs.uqam.ca\/index.php\/wp-json\/wp\/v2\/pages"}],"about":[{"href":"https:\/\/chrs.uqam.ca\/index.php\/wp-json\/wp\/v2\/types\/page"}],"author":[{"embeddable":true,"href":"https:\/\/chrs.uqam.ca\/index.php\/wp-json\/wp\/v2\/users\/2"}],"replies":[{"embeddable":true,"href":"https:\/\/chrs.uqam.ca\/index.php\/wp-json\/wp\/v2\/comments?post=1244"}],"version-history":[{"count":0,"href":"https:\/\/chrs.uqam.ca\/index.php\/wp-json\/wp\/v2\/pages\/1244\/revisions"}],"up":[{"embeddable":true,"href":"https:\/\/chrs.uqam.ca\/index.php\/wp-json\/wp\/v2\/pages\/52"}],"wp:attachment":[{"href":"https:\/\/chrs.uqam.ca\/index.php\/wp-json\/wp\/v2\/media?parent=1244"}],"curies":[{"name":"wp","href":"https:\/\/api.w.org\/{rel}","templated":true}]}}