{"id":1234,"date":"2017-02-18T23:38:55","date_gmt":"2017-02-18T22:38:55","guid":{"rendered":"http:\/\/chrs.cieq.ca\/?page_id=1234"},"modified":"2017-05-03T13:58:49","modified_gmt":"2017-05-03T17:58:49","slug":"trajectoires-historiques-de-la-misere-a-montreal","status":"publish","type":"page","link":"https:\/\/chrs.uqam.ca\/index.php\/recherche\/realisations\/projets-de-recherche-termines\/trajectoires-historiques-de-la-misere-a-montreal\/","title":{"rendered":"Trajectoires historiques de la mis\u00e8re \u00e0 Montr\u00e9al, 1840-1921 : une radioscopie"},"content":{"rendered":"<p>&nbsp;<\/p>\n<h4>Organisme(s) subventionnaire(s)<\/h4>\n<p>Fonds de recherche sur la soci\u00e9t\u00e9 et la culture (FQRSC) : appui \u00e0 la recherche innovante<\/p>\n<h4>Ann\u00e9es<\/h4>\n<p>2003-2006<\/p>\n<h4>Chercheur(s) CHRS<\/h4>\n<div class=\"su-row\"><div class=\"su-column su-column-size-1-3\"><div class=\"su-column-inner su-u-clearfix su-u-trim\">\n<a href=\"\/index.php\/a-propos\/equipe\/membres-reguliers\/jean-marie-fecteau\/\" target=\"_blank\">Jean-Marie Fecteau\u2020<\/a><br \/>\n<a href=\"\/index.php\/a-propos\/equipe\/membres-reguliers\/guy-cucumel\/\" target=\"_blank\">Guy Cucumel<\/a><br \/>\n<\/div><\/div>\n<div class=\"su-column su-column-size-1-3\"><div class=\"su-column-inner su-u-clearfix su-u-trim\">\n<a href=\"\/index.php\/a-propos\/equipe\/membres-reguliers\/jean-trepanier\/\" target=\"_blank\">Jean Tr\u00e9panier<\/a><br \/>\n<a href=\"\/index.php\/a-propos\/equipe\/chercheurs-affilies\/andre-cellard\/\" target=\"_blank\">Andr\u00e9 Cellard<\/a><br \/>\n<\/div><\/div>\n<div class=\"su-column su-column-size-1-3\"><div class=\"su-column-inner su-u-clearfix su-u-trim\"><\/div><\/div>\n<a href=\"\/index.php\/a-propos\/equipe\/membres-reguliers\/janice-harvey\/\" target=\"_blank\">Janice Harvey<\/a><br \/>\n<a href=\"\/index.php\/a-propos\/equipe\/membres-reguliers\/veronique-strimelle\/\" target=\"_blank\">V\u00e9ronique Strimelle<\/a><br \/>\n<\/div>\n<p>&nbsp;<\/p>\n<p>Cette \u00e9tude s'est faite par segments couvrant chacun un domaine : la prison, les institutions pour mineurs, l'asile, les institutions charitables, les tribunaux (notamment la cour des jeunes d\u00e9linquants et la cour du recorder). On a pu constater jusqu'\u00e0 quel point les modes de r\u00e9gulation sociale s'\u00e9taient transform\u00e9s dans le temps. Alors que l'enfermement visait au d\u00e9part \u00e0 r\u00e9primer et \u00e0 exclure de la soci\u00e9t\u00e9 les personnes per\u00e7ues comme posant probl\u00e8me, la r\u00e9pression en vint \u00e0 c\u00e9der le pas \u00e0 d'autres types d'intervention - assistancielles, th\u00e9rapeutiques ou autres - visant au contraire \u00e0 pr\u00e9venir la marginalisation et \u00e0 r\u00e9ins\u00e9rer socialement les populations marginalis\u00e9es.<\/p>\n","protected":false},"excerpt":{"rendered":"<p>&nbsp; Organisme(s) subventionnaire(s) Fonds de recherche sur la soci\u00e9t\u00e9 et la culture (FQRSC) : appui \u00e0 la recherche innovante Ann\u00e9es 2003-2006 Chercheur(s) CHRS &nbsp; Cette \u00e9tude s&rsquo;est faite par segments&#8230;<\/p>\n","protected":false},"author":2,"featured_media":0,"parent":52,"menu_order":0,"comment_status":"closed","ping_status":"closed","template":"","meta":{"_monsterinsights_skip_tracking":false,"_monsterinsights_sitenote_active":false,"_monsterinsights_sitenote_note":"","_monsterinsights_sitenote_category":0,"footnotes":""},"class_list":["post-1234","page","type-page","status-publish","hentry"],"_links":{"self":[{"href":"https:\/\/chrs.uqam.ca\/index.php\/wp-json\/wp\/v2\/pages\/1234","targetHints":{"allow":["GET"]}}],"collection":[{"href":"https:\/\/chrs.uqam.ca\/index.php\/wp-json\/wp\/v2\/pages"}],"about":[{"href":"https:\/\/chrs.uqam.ca\/index.php\/wp-json\/wp\/v2\/types\/page"}],"author":[{"embeddable":true,"href":"https:\/\/chrs.uqam.ca\/index.php\/wp-json\/wp\/v2\/users\/2"}],"replies":[{"embeddable":true,"href":"https:\/\/chrs.uqam.ca\/index.php\/wp-json\/wp\/v2\/comments?post=1234"}],"version-history":[{"count":0,"href":"https:\/\/chrs.uqam.ca\/index.php\/wp-json\/wp\/v2\/pages\/1234\/revisions"}],"up":[{"embeddable":true,"href":"https:\/\/chrs.uqam.ca\/index.php\/wp-json\/wp\/v2\/pages\/52"}],"wp:attachment":[{"href":"https:\/\/chrs.uqam.ca\/index.php\/wp-json\/wp\/v2\/media?parent=1234"}],"curies":[{"name":"wp","href":"https:\/\/api.w.org\/{rel}","templated":true}]}}