{"id":12322,"date":"2024-10-02T14:31:39","date_gmt":"2024-10-02T18:31:39","guid":{"rendered":"https:\/\/chrs.uqam.ca\/?page_id=12322"},"modified":"2024-11-13T15:43:25","modified_gmt":"2024-11-13T19:43:25","slug":"emilie-malenfant","status":"publish","type":"page","link":"https:\/\/chrs.uqam.ca\/index.php\/a-propos\/equipe\/chercheurs-affilies\/emilie-malenfant\/","title":{"rendered":"Emilie Malenfant"},"content":{"rendered":"\n<p>\u00c0 venir<\/p>\n\n\n<div class=\"su-spoiler su-spoiler-style-default su-spoiler-icon-chevron\" data-scroll-offset=\"0\" data-anchor-in-url=\"no\"><div class=\"su-spoiler-title\" tabindex=\"0\" role=\"button\"><span class=\"su-spoiler-icon\"><\/span>Nouvelles<\/div><div class=\"su-spoiler-content su-u-clearfix su-u-trim\">\n<a href=\"https:\/\/chrs.uqam.ca\/index.php\/2025\/10\/27\/participation-demilie-malenfant-a-lupop-montreal-leugenisme-dhier-a-aujourdhui\/\">Participation d&rsquo;Emilie Malenfant \u00e0 l&rsquo;UPop Montr\u00e9al : \u00ab\u00a0L&rsquo;eug\u00e9nisme, d&rsquo;hier \u00e0 aujourd&rsquo;hui\u00a0\u00bb<\/a><br><a href=\"https:\/\/chrs.uqam.ca\/index.php\/2025\/10\/21\/colloque-quelle-est-la-valeur-du-travail-passe-present-et-futur-de-la-classe-ouvriere-et-des-etudes-sur-le-travail-13-au-15-novembre-2025\/\">Colloque\u00a0\u00ab\u00a0Quelle est la valeur du travail? Pass\u00e9, pr\u00e9sent et futur de la classe ouvri\u00e8re et des \u00e9tudes sur le travail\u00a0\u00bb, 13 au 15 novembre 2025<\/a><br><a href=\"https:\/\/chrs.uqam.ca\/index.php\/2024\/10\/09\/conference-demilie-malenfant-a-lulaval\/\">Conf\u00e9rence d&rsquo;Emilie Malenfant \u00e0 l&rsquo;ULaval<\/a><br><a href=\"https:\/\/chrs.uqam.ca\/index.php\/2024\/10\/02\/emilie-malenfant-se-joint-au-chrs-en-tant-que-coordonnatrice\/\">Emilie Malenfant se joint au CHRS en tant que coordonnatrice<\/a><br>\n<\/div><\/div>\n","protected":false},"excerpt":{"rendered":"<p>\u00c0 venir<\/p>\n","protected":false},"author":11,"featured_media":0,"parent":67,"menu_order":0,"comment_status":"closed","ping_status":"closed","template":"","meta":{"_monsterinsights_skip_tracking":false,"_monsterinsights_sitenote_active":false,"_monsterinsights_sitenote_note":"","_monsterinsights_sitenote_category":0,"footnotes":""},"class_list":["post-12322","page","type-page","status-publish","hentry"],"_links":{"self":[{"href":"https:\/\/chrs.uqam.ca\/index.php\/wp-json\/wp\/v2\/pages\/12322","targetHints":{"allow":["GET"]}}],"collection":[{"href":"https:\/\/chrs.uqam.ca\/index.php\/wp-json\/wp\/v2\/pages"}],"about":[{"href":"https:\/\/chrs.uqam.ca\/index.php\/wp-json\/wp\/v2\/types\/page"}],"author":[{"embeddable":true,"href":"https:\/\/chrs.uqam.ca\/index.php\/wp-json\/wp\/v2\/users\/11"}],"replies":[{"embeddable":true,"href":"https:\/\/chrs.uqam.ca\/index.php\/wp-json\/wp\/v2\/comments?post=12322"}],"version-history":[{"count":3,"href":"https:\/\/chrs.uqam.ca\/index.php\/wp-json\/wp\/v2\/pages\/12322\/revisions"}],"predecessor-version":[{"id":12350,"href":"https:\/\/chrs.uqam.ca\/index.php\/wp-json\/wp\/v2\/pages\/12322\/revisions\/12350"}],"up":[{"embeddable":true,"href":"https:\/\/chrs.uqam.ca\/index.php\/wp-json\/wp\/v2\/pages\/67"}],"wp:attachment":[{"href":"https:\/\/chrs.uqam.ca\/index.php\/wp-json\/wp\/v2\/media?parent=12322"}],"curies":[{"name":"wp","href":"https:\/\/api.w.org\/{rel}","templated":true}]}}