{"id":1224,"date":"2017-02-18T23:00:52","date_gmt":"2017-02-18T22:00:52","guid":{"rendered":"http:\/\/chrs.cieq.ca\/?page_id=1224"},"modified":"2017-05-03T14:36:47","modified_gmt":"2017-05-03T18:36:47","slug":"de-la-prevoyance-vertueuse-au-pouvoir-du-credit","status":"publish","type":"page","link":"https:\/\/chrs.uqam.ca\/index.php\/recherche\/realisations\/projets-de-recherche-termines\/de-la-prevoyance-vertueuse-au-pouvoir-du-credit\/","title":{"rendered":"De la pr\u00e9voyance vertueuse au pouvoir du cr\u00e9dit. Les origines sociales de la soci\u00e9t\u00e9 de consommation au Qu\u00e9bec, 1880-1960"},"content":{"rendered":"<p>&nbsp;<\/p>\n<h4>Organisme(s) subventionnaire(s)<\/h4>\n<p>Conseil de recherches en sciences humaines du Canada (CRSH)<\/p>\n<h4>Ann\u00e9es<\/h4>\n<p>2006-2009<\/p>\n<h4>Chercheur(s) CHRS<\/h4>\n<div class=\"su-row\"><div class=\"su-column su-column-size-1-3\"><div class=\"su-column-inner su-u-clearfix su-u-trim\">\n<a href=\"\/index.php\/a-propos\/equipe\/membres-reguliers\/martin-petitclerc\/\" target=\"_blank\">Martin Petitclerc<\/a><br \/>\n<\/div><\/div>\n<div class=\"su-column su-column-size-1-3\"><div class=\"su-column-inner su-u-clearfix su-u-trim\">\n<\/div><\/div>\n<div class=\"su-column su-column-size-1-3\"><div class=\"su-column-inner su-u-clearfix su-u-trim\"><\/div><\/div>\n<\/div>\n<h4>Autre(s) chercheur(s)<\/h4>\n<div class=\"su-row\"><div class=\"su-column su-column-size-1-3\"><div class=\"su-column-inner su-u-clearfix su-u-trim\">\nSylvie Taschereau<br \/>\n<\/div><\/div>\n<div class=\"su-column su-column-size-1-3\"><div class=\"su-column-inner su-u-clearfix su-u-trim\">\nYvan Rousseau<br \/>\n<\/div><\/div>\n<div class=\"su-column su-column-size-1-3\"><div class=\"su-column-inner su-u-clearfix su-u-trim\"><\/div><\/div>\n<\/div>\n<p>&nbsp;<\/p>\n<p>Cette recherche visait \u00e0 comprendre les modalit\u00e9s particuli\u00e8res de la transition, entre 1880 et 1960, d'une \u00e9conomie de la pr\u00e9voyance vers une \u00e9conomie du cr\u00e9dit. Au tournant du XXe si\u00e8cle, la pr\u00e9voyance est pr\u00e9sent\u00e9e comme le fondement d'une \u00e9conomie saine, d\u00e9barrass\u00e9e des co\u00fbts \u00e9normes engendr\u00e9s par le paup\u00e9risme, alors que le recours au cr\u00e9dit est moralement et l\u00e9galement condamn\u00e9. Apr\u00e8s 1945, un renversement \u00e0 peu pr\u00e8s complet s'op\u00e8re et l'achat \u00e0 cr\u00e9dit devient une fa\u00e7on courante de consommer. L'endettement personnel, jadis honni, en vient \u00e0 \u00eatre consid\u00e9r\u00e9 comme un facteur essentiel du d\u00e9veloppement \u00e9conomique. La recherche visait plus pr\u00e9cis\u00e9ment \u00e0 \u00e9tudier la transformation des comportements des classes populaires qu\u00e9b\u00e9coises en mati\u00e8re de cr\u00e9dit, d'\u00e9pargne et d'assurance.<\/p>\n","protected":false},"excerpt":{"rendered":"<p>&nbsp; Organisme(s) subventionnaire(s) Conseil de recherches en sciences humaines du Canada (CRSH) Ann\u00e9es 2006-2009 Chercheur(s) CHRS Autre(s) chercheur(s) &nbsp; Cette recherche visait \u00e0 comprendre les modalit\u00e9s particuli\u00e8res de la transition,&#8230;<\/p>\n","protected":false},"author":2,"featured_media":0,"parent":52,"menu_order":0,"comment_status":"closed","ping_status":"closed","template":"","meta":{"_monsterinsights_skip_tracking":false,"_monsterinsights_sitenote_active":false,"_monsterinsights_sitenote_note":"","_monsterinsights_sitenote_category":0,"footnotes":""},"class_list":["post-1224","page","type-page","status-publish","hentry"],"_links":{"self":[{"href":"https:\/\/chrs.uqam.ca\/index.php\/wp-json\/wp\/v2\/pages\/1224","targetHints":{"allow":["GET"]}}],"collection":[{"href":"https:\/\/chrs.uqam.ca\/index.php\/wp-json\/wp\/v2\/pages"}],"about":[{"href":"https:\/\/chrs.uqam.ca\/index.php\/wp-json\/wp\/v2\/types\/page"}],"author":[{"embeddable":true,"href":"https:\/\/chrs.uqam.ca\/index.php\/wp-json\/wp\/v2\/users\/2"}],"replies":[{"embeddable":true,"href":"https:\/\/chrs.uqam.ca\/index.php\/wp-json\/wp\/v2\/comments?post=1224"}],"version-history":[{"count":0,"href":"https:\/\/chrs.uqam.ca\/index.php\/wp-json\/wp\/v2\/pages\/1224\/revisions"}],"up":[{"embeddable":true,"href":"https:\/\/chrs.uqam.ca\/index.php\/wp-json\/wp\/v2\/pages\/52"}],"wp:attachment":[{"href":"https:\/\/chrs.uqam.ca\/index.php\/wp-json\/wp\/v2\/media?parent=1224"}],"curies":[{"name":"wp","href":"https:\/\/api.w.org\/{rel}","templated":true}]}}