{"id":1205,"date":"2017-02-18T05:00:56","date_gmt":"2017-02-18T04:00:56","guid":{"rendered":"http:\/\/chrs.cieq.ca\/?page_id=1205"},"modified":"2017-05-03T14:15:22","modified_gmt":"2017-05-03T18:15:22","slug":"la-loi-sur-le-systeme-de-justice-penale","status":"publish","type":"page","link":"https:\/\/chrs.uqam.ca\/index.php\/recherche\/realisations\/projets-de-recherche-termines\/la-loi-sur-le-systeme-de-justice-penale\/","title":{"rendered":"La loi sur le syst\u00e8me de justice p\u00e9nale pour les adolescents, sept ans plus tard : portrait des jeunes, des trajectoires et des pratiques"},"content":{"rendered":"<p>&nbsp;<\/p>\n<h4>Organisme(s) subventionnaire(s)<\/h4>\n<p>Gouvernement du Qu\u00e9bec : Fonds de recherche sur la soci\u00e9t\u00e9 et la culture (FQRSC-Action concert\u00e9e)<br \/>\nMinist\u00e8re de la Sant\u00e9 et des Services sociaux (MSSS) <\/p>\n<h4>Ann\u00e9es<\/h4>\n<p>2010-2013<\/p>\n<h4>Chercheur(s) CHRS<\/h4>\n<div class=\"su-row\"><div class=\"su-column su-column-size-1-3\"><div class=\"su-column-inner su-u-clearfix su-u-trim\">\n<a href=\"\/index.php\/a-propos\/equipe\/membres-reguliers\/jean-trepanier\/\">Jean Tr\u00e9panier<\/a><\/div><\/div>\n<div class=\"su-column su-column-size-1-3\"><div class=\"su-column-inner su-u-clearfix su-u-trim\">\n<\/div><\/div>\n<div class=\"su-column su-column-size-1-3\"><div class=\"su-column-inner su-u-clearfix su-u-trim\"><\/div><\/div><\/div>\n<h4>Autre(s) chercheur(s)<\/h4>\n<div class=\"su-row\"><div class=\"su-column su-column-size-1-3\"><div class=\"su-column-inner su-u-clearfix su-u-trim\">\nLouis-Georges Cournoyer<br \/>\nMarie-Marthe Cousineau<\/div><\/div>\n<div class=\"su-column su-column-size-1-3\"><div class=\"su-column-inner su-u-clearfix su-u-trim\">\nJacques Dionne<br \/>\nSylvie Drapeau<br \/>\n<\/div><\/div>\n<div class=\"su-column su-column-size-1-3\"><div class=\"su-column-inner su-u-clearfix su-u-trim\"><\/div><\/div>\nJean-Pierre Guay<br \/>\nCatherine Laurier<br \/>\n<\/div>\n<p>&nbsp;<\/p>\n<p>L'objectif g\u00e9n\u00e9ral de l'\u00e9tude propos\u00e9e est de mieux conna\u00eetre la situation des jeunes contrevenants suivis en vertu de la Loi sur le syst\u00e8me de justice p\u00e9nale pour les adolescents (LSJPA). Il s'agit de tracer le portrait de ces adolescents, ainsi que les profils qui peuvent \u00eatre d\u00e9gag\u00e9s lorsqu'on prend en consid\u00e9ration leur type de pr\u00e9sence dans le syst\u00e8me p\u00e9nal, leur exposition \u00e0 des mesures ou sanctions extrajudiciaires et leur condamnation \u00e0 des peines sp\u00e9cifiques. Il est aussi pr\u00e9vu d'\u00e9tudier le cheminement de ces jeunes \u00e0 l'int\u00e9rieur du syst\u00e8me. Finalement, nous pr\u00e9voyons obtenir le point de vue des adolescents contrevenants et des autres acteurs impliqu\u00e9s, quant aux dimensions \u00e0 l'\u00e9tude.<\/p>\n","protected":false},"excerpt":{"rendered":"<p>&nbsp; Organisme(s) subventionnaire(s) Gouvernement du Qu\u00e9bec : Fonds de recherche sur la soci\u00e9t\u00e9 et la culture (FQRSC-Action concert\u00e9e) Minist\u00e8re de la Sant\u00e9 et des Services sociaux (MSSS) Ann\u00e9es 2010-2013 Chercheur(s)&#8230;<\/p>\n","protected":false},"author":2,"featured_media":0,"parent":52,"menu_order":0,"comment_status":"closed","ping_status":"closed","template":"","meta":{"_monsterinsights_skip_tracking":false,"_monsterinsights_sitenote_active":false,"_monsterinsights_sitenote_note":"","_monsterinsights_sitenote_category":0,"footnotes":""},"class_list":["post-1205","page","type-page","status-publish","hentry"],"_links":{"self":[{"href":"https:\/\/chrs.uqam.ca\/index.php\/wp-json\/wp\/v2\/pages\/1205","targetHints":{"allow":["GET"]}}],"collection":[{"href":"https:\/\/chrs.uqam.ca\/index.php\/wp-json\/wp\/v2\/pages"}],"about":[{"href":"https:\/\/chrs.uqam.ca\/index.php\/wp-json\/wp\/v2\/types\/page"}],"author":[{"embeddable":true,"href":"https:\/\/chrs.uqam.ca\/index.php\/wp-json\/wp\/v2\/users\/2"}],"replies":[{"embeddable":true,"href":"https:\/\/chrs.uqam.ca\/index.php\/wp-json\/wp\/v2\/comments?post=1205"}],"version-history":[{"count":0,"href":"https:\/\/chrs.uqam.ca\/index.php\/wp-json\/wp\/v2\/pages\/1205\/revisions"}],"up":[{"embeddable":true,"href":"https:\/\/chrs.uqam.ca\/index.php\/wp-json\/wp\/v2\/pages\/52"}],"wp:attachment":[{"href":"https:\/\/chrs.uqam.ca\/index.php\/wp-json\/wp\/v2\/media?parent=1205"}],"curies":[{"name":"wp","href":"https:\/\/api.w.org\/{rel}","templated":true}]}}