{"id":12044,"date":"2023-02-28T13:06:00","date_gmt":"2023-02-28T17:06:00","guid":{"rendered":"https:\/\/chrs.uqam.ca\/?page_id=12044"},"modified":"2024-04-03T13:12:51","modified_gmt":"2024-04-03T17:12:51","slug":"ariana-marcheterre-pina","status":"publish","type":"page","link":"https:\/\/chrs.uqam.ca\/index.php\/a-propos\/equipe\/membres-etudiants\/ariana-marcheterre-pina\/","title":{"rendered":"Ariana Marcheterre-Pina"},"content":{"rendered":"\n<figure class=\"wp-block-image size-large is-resized\"><img loading=\"lazy\" decoding=\"async\" width=\"1024\" height=\"754\" src=\"https:\/\/chrs.uqam.ca\/wp-content\/uploads\/2024\/02\/ArianaMarcheterrePina-1024x754.jpeg\" alt=\"\" class=\"wp-image-12043\" style=\"width:413px;height:auto\" srcset=\"https:\/\/chrs.uqam.ca\/wp-content\/uploads\/2024\/02\/ArianaMarcheterrePina-1024x754.jpeg 1024w, https:\/\/chrs.uqam.ca\/wp-content\/uploads\/2024\/02\/ArianaMarcheterrePina-300x221.jpeg 300w, https:\/\/chrs.uqam.ca\/wp-content\/uploads\/2024\/02\/ArianaMarcheterrePina-768x566.jpeg 768w, https:\/\/chrs.uqam.ca\/wp-content\/uploads\/2024\/02\/ArianaMarcheterrePina.jpeg 1033w\" sizes=\"auto, (max-width: 1024px) 100vw, 1024px\" \/><\/figure>\n\n\n\n<p><strong>Universit\u00e9 de Montr\u00e9al<\/strong><br><strong>D\u00e9partement d&rsquo;histoire<\/strong><\/p>\n\n\n\n<p>Ariana Marcheterre-Pina est candidate \u00e0 la ma\u00eetrise en histoire, sous la co-direction de Catherine Larochelle et Meagan Wierda. Ses recherches se concentrent sur l&rsquo;histoire des r\u00e9sistances des femmes afro-canadiennes \u00e0 la fin du 19e et au d\u00e9but du 20e si\u00e8cle. Elle s&rsquo;int\u00e9resse notamment aux r\u00e9sistances qui \u0153uvrent dans les sph\u00e8res infra-politiques ainsi qu&rsquo;aux organisations et interventions radicales f\u00e9minines au Canada.<\/p>\n\n\n\n<div class=\"su-spoiler su-spoiler-style-default su-spoiler-icon-chevron su-spoiler-closed\" data-scroll-offset=\"0\" data-anchor-in-url=\"no\"><div class=\"su-spoiler-title\" tabindex=\"0\" role=\"button\"><span class=\"su-spoiler-icon\"><\/span>Coordonn\u00e9es<\/div><div class=\"su-spoiler-content su-u-clearfix su-u-trim\">\n\n\n\n<p><strong>Courriel :<\/strong> a.marcheterre@hotmail.com<\/div><\/div>\n\n\n\n<div class=\"su-spoiler su-spoiler-style-default su-spoiler-icon-chevron su-spoiler-closed\" data-scroll-offset=\"0\" data-anchor-in-url=\"no\"><div class=\"su-spoiler-title\" tabindex=\"0\" role=\"button\"><span class=\"su-spoiler-icon\"><\/span>Liens<\/div><div class=\"su-spoiler-content su-u-clearfix su-u-trim\">\n\n\n\n<p><a href=\"https:\/\/chrs.uqam.ca\/wp-content\/uploads\/2024\/02\/ArianaMarcheterrePina_CV_2024.pdf\" data-type=\"link\" data-id=\"https:\/\/chrs.uqam.ca\/wp-content\/uploads\/2024\/02\/KimGelinas_CV_2024.pdf\" target=\"_blank\" rel=\"noreferrer noopener\">Curriculum vitae<\/a><br><\/div><\/div>\n\n\n\n<div class=\"su-spoiler su-spoiler-style-default su-spoiler-icon-chevron\" data-scroll-offset=\"0\" data-anchor-in-url=\"no\"><div class=\"su-spoiler-title\" tabindex=\"0\" role=\"button\"><span class=\"su-spoiler-icon\"><\/span>Nouvelles<\/div><div class=\"su-spoiler-content su-u-clearfix su-u-trim\"><br><a href=\"https:\/\/chrs.uqam.ca\/index.php\/2024\/11\/04\/conference-de-zaka-toto-la-martinique-a-son-drapeau\/\">Conf\u00e9rence de Zaka Toto, \u00ab\u00a0La Martinique a son drapeau\u00a0\u00bb<\/a><br><a href=\"https:\/\/chrs.uqam.ca\/index.php\/2024\/10\/23\/colloque-decentrer-le-champ-des-etudes-noires\/\">Colloque <i>D\u00e9centrer le champ des \u00e9tudes noires<\/i><\/a><br><br><\/div><\/div>\n","protected":false},"excerpt":{"rendered":"<p>Universit\u00e9 de Montr\u00e9alD\u00e9partement d&rsquo;histoire Ariana Marcheterre-Pina est candidate \u00e0 la ma\u00eetrise en histoire, sous la co-direction de Catherine Larochelle et Meagan Wierda. Ses recherches se concentrent sur l&rsquo;histoire des r\u00e9sistances&#8230;<\/p>\n","protected":false},"author":11,"featured_media":0,"parent":455,"menu_order":0,"comment_status":"closed","ping_status":"closed","template":"","meta":{"_monsterinsights_skip_tracking":false,"_monsterinsights_sitenote_active":false,"_monsterinsights_sitenote_note":"","_monsterinsights_sitenote_category":0,"footnotes":""},"class_list":["post-12044","page","type-page","status-publish","hentry"],"_links":{"self":[{"href":"https:\/\/chrs.uqam.ca\/index.php\/wp-json\/wp\/v2\/pages\/12044","targetHints":{"allow":["GET"]}}],"collection":[{"href":"https:\/\/chrs.uqam.ca\/index.php\/wp-json\/wp\/v2\/pages"}],"about":[{"href":"https:\/\/chrs.uqam.ca\/index.php\/wp-json\/wp\/v2\/types\/page"}],"author":[{"embeddable":true,"href":"https:\/\/chrs.uqam.ca\/index.php\/wp-json\/wp\/v2\/users\/11"}],"replies":[{"embeddable":true,"href":"https:\/\/chrs.uqam.ca\/index.php\/wp-json\/wp\/v2\/comments?post=12044"}],"version-history":[{"count":3,"href":"https:\/\/chrs.uqam.ca\/index.php\/wp-json\/wp\/v2\/pages\/12044\/revisions"}],"predecessor-version":[{"id":12121,"href":"https:\/\/chrs.uqam.ca\/index.php\/wp-json\/wp\/v2\/pages\/12044\/revisions\/12121"}],"up":[{"embeddable":true,"href":"https:\/\/chrs.uqam.ca\/index.php\/wp-json\/wp\/v2\/pages\/455"}],"wp:attachment":[{"href":"https:\/\/chrs.uqam.ca\/index.php\/wp-json\/wp\/v2\/media?parent=12044"}],"curies":[{"name":"wp","href":"https:\/\/api.w.org\/{rel}","templated":true}]}}