{"id":11993,"date":"2023-02-21T15:51:00","date_gmt":"2023-02-21T19:51:00","guid":{"rendered":"https:\/\/chrs.uqam.ca\/?page_id=11993"},"modified":"2024-02-26T12:11:43","modified_gmt":"2024-02-26T16:11:43","slug":"camille-champagne-tremblay","status":"publish","type":"page","link":"https:\/\/chrs.uqam.ca\/index.php\/a-propos\/equipe\/membres-etudiants\/camille-champagne-tremblay\/","title":{"rendered":"Camille Champagne-Tremblay"},"content":{"rendered":"\n<figure class=\"wp-block-image size-full is-resized\"><img loading=\"lazy\" decoding=\"async\" width=\"657\" height=\"832\" src=\"https:\/\/chrs.uqam.ca\/wp-content\/uploads\/2024\/02\/CamilleChampagneTremblay.jpg\" alt=\"\" class=\"wp-image-11997\" style=\"width:267px;height:auto\" srcset=\"https:\/\/chrs.uqam.ca\/wp-content\/uploads\/2024\/02\/CamilleChampagneTremblay.jpg 657w, https:\/\/chrs.uqam.ca\/wp-content\/uploads\/2024\/02\/CamilleChampagneTremblay-237x300.jpg 237w\" sizes=\"auto, (max-width: 657px) 100vw, 657px\" \/><\/figure>\n\n\n\n<p><strong>Universit\u00e9 du Qu\u00e9bec \u00e0 Montr\u00e9al<br>D\u00e9partement d&rsquo;histoire<\/strong><\/p>\n\n\n\n<p>D\u00e9tentrice d\u2019un baccalaur\u00e9at en enseignement de l\u2019histoire au secondaire, Camille Champagne-Tremblay est actuellement \u00e9tudiante \u00e0 la ma\u00eetrise sous la direction de Martin Petitclerc. Ses recherches portent, entre autres, sur l\u2019histoire urbaine, la prise en charge de l\u2019itin\u00e9rance dans la ville de Montr\u00e9al et les r\u00e9novations urbaines.<\/p>\n\n\n\n<p>Son m\u00e9moire de ma\u00eetrise porte sur l\u2019histoire de la prise en charge des probl\u00e8mes sociaux dans l\u2019espace compris entre les rues Maisonneuve, Saint-Hubert, Saint-Denis et Sainte-Catherine entre 1843 et 1993. Autrefois, ce quadrilat\u00e8re appartenait aux Soeurs de la Providence et \u00e9tait un complexe institutionnel de prise en charge. Aujourd\u2019hui s\u2019y trouve la place \u00c9milie-Gamelin, reconnue pour l\u2019importante pr\u00e9sence de populations marginalis\u00e9es.&nbsp;<\/p>\n\n\n\n<div class=\"su-spoiler su-spoiler-style-default su-spoiler-icon-chevron su-spoiler-closed\" data-scroll-offset=\"0\" data-anchor-in-url=\"no\"><div class=\"su-spoiler-title\" tabindex=\"0\" role=\"button\"><span class=\"su-spoiler-icon\"><\/span>Coordonn\u00e9es<\/div><div class=\"su-spoiler-content su-u-clearfix su-u-trim\">\n\n\n\n<p><strong>Courriel :<\/strong> champagne-tremblay.camille@courrier.uqam.ca<\/div><\/div>\n\n\n\n<div class=\"su-spoiler su-spoiler-style-default su-spoiler-icon-chevron su-spoiler-closed\" data-scroll-offset=\"0\" data-anchor-in-url=\"no\"><div class=\"su-spoiler-title\" tabindex=\"0\" role=\"button\"><span class=\"su-spoiler-icon\"><\/span>Liens<\/div><div class=\"su-spoiler-content su-u-clearfix su-u-trim\">\n\n\n\n<p><a href=\"https:\/\/chrs.uqam.ca\/wp-content\/uploads\/2024\/02\/CamilleChampagneTremblay_CV_2024.pdf\" data-type=\"link\" data-id=\"https:\/\/chrs.uqam.ca\/wp-content\/uploads\/2024\/02\/KimGelinas_CV_2024.pdf\" target=\"_blank\" rel=\"noreferrer noopener\">Curriculum vitae<\/a><br><\/div><\/div>\n\n\n\n<div class=\"su-spoiler su-spoiler-style-default su-spoiler-icon-chevron su-spoiler-closed\" data-scroll-offset=\"0\" data-anchor-in-url=\"no\"><div class=\"su-spoiler-title\" tabindex=\"0\" role=\"button\"><span class=\"su-spoiler-icon\"><\/span>Bourses, prix et distinctions<\/div><div class=\"su-spoiler-content su-u-clearfix su-u-trim\">\n\n\n\n<p>Bourse d\u2019excellence de la Facult\u00e9 des sciences humaines de l\u2019UQ\u00c0M \u2013 2023<br>Bourse Madeleine-Parent en histoire Qu\u00e9bec-Canada \u2013 2023<br>Bourse du Centre d\u2019histoire des r\u00e9gulations sociales \u2013 2022<br><\/div><\/div>\n\n\n\n<div class=\"su-spoiler su-spoiler-style-default su-spoiler-icon-chevron su-spoiler-closed\" data-scroll-offset=\"0\" data-anchor-in-url=\"no\"><div class=\"su-spoiler-title\" tabindex=\"0\" role=\"button\"><span class=\"su-spoiler-icon\"><\/span>Publications<\/div><div class=\"su-spoiler-content su-u-clearfix su-u-trim\">\n\n\n\n<p><a href=\"https:\/\/chrs.uqam.ca\/wp-content\/uploads\/2024\/02\/Copie-de-Place-Emilie-Gamelin-FINAL-finito-48-\u00d7-36-po-3.pdf\" data-type=\"link\" data-id=\"https:\/\/chrs.uqam.ca\/wp-content\/uploads\/2024\/02\/Copie-de-Place-Emilie-Gamelin-FINAL-finito-48-\u00d7-36-po-3.pdf\" target=\"_blank\" rel=\"noreferrer noopener\">\u00ab La place \u00c9milie-Gamelin \u00bb, affiche scientifique pr\u00e9sent\u00e9e dans le cadre du Festival<br>d\u2019histoire de Montr\u00e9al au Complexe Desjardins (12-13 mai 2023)<\/a><br><\/div><\/div>\n\n\n\n<div class=\"su-spoiler su-spoiler-style-default su-spoiler-icon-chevron\" data-scroll-offset=\"0\" data-anchor-in-url=\"no\"><div class=\"su-spoiler-title\" tabindex=\"0\" role=\"button\"><span class=\"su-spoiler-icon\"><\/span>Nouvelles<\/div><div class=\"su-spoiler-content su-u-clearfix su-u-trim\"><br><a href=\"https:\/\/chrs.uqam.ca\/index.php\/2025\/12\/15\/entretien-avec-lhistorienne-camille-champagne-tremblay-membre-etudiante-du-chrs\/\">Entretien avec l\u2019historienne Camille Champagne-Tremblay, membre \u00e9tudiante du CHRS<\/a><br><a href=\"https:\/\/chrs.uqam.ca\/index.php\/2025\/11\/03\/retour-sur-le-congres-de-lihaf-un-prix-pour-janice-harvey-et-un-panel-fascinant-pour-lequipe-du-chrs\/\">Retour sur le Congr\u00e8s de l&rsquo;IHAF : Un prix pour Janice Harvey et un panel fascinant pour l&rsquo;\u00e9quipe du CHRS<\/a><br><a href=\"https:\/\/chrs.uqam.ca\/index.php\/2025\/10\/16\/exposition-place-emilie-gamelin-200-ans-de-cohabitation-sociale-invitation-au-vernissage\/\">Exposition Place \u00c9milie-Gamelin\u202f: 200 ans de cohabitation sociale\u00a0&#8211; Invitation au vernissage<\/a><br><a href=\"https:\/\/chrs.uqam.ca\/index.php\/2025\/10\/02\/plusieurs-membres-du-chrs-au-congres-annuel-de-lihaf\/\">Plusieurs membres du CHRS au congr\u00e8s annuel de l&rsquo;IHAF<\/a><br><a href=\"https:\/\/chrs.uqam.ca\/index.php\/2025\/09\/11\/martin-petitclerc-et-camille-champagne-tremblay-signent-un-article-sur-litinerance\/\">Martin Petitclerc et Camille Champagne-Tremblay signent un article sur l&rsquo;itin\u00e9rance<\/a><br><a href=\"https:\/\/chrs.uqam.ca\/index.php\/2025\/04\/23\/conference-de-camille-champagne-tremblay-sur-la-place-emilie-gamelin\/\">Conf\u00e9rence de Camille Champagne-Tremblay sur la place \u00c9milie-Gamelin<\/a><br><a href=\"https:\/\/chrs.uqam.ca\/index.php\/2025\/01\/15\/stage-de-camille-champagne-tremblay-a-la-presse\/\">Stage de Camille Champagne-Tremblay \u00e0 <i>La Presse<\/i><\/a><br><a href=\"https:\/\/chrs.uqam.ca\/index.php\/2024\/11\/27\/camille-champagne-tremblay-publie-un-article-sur-histoire-engagee\/\">Camille Champagne-Tremblay publie un article sur Histoire Engag\u00e9e<\/a><br><a href=\"https:\/\/chrs.uqam.ca\/index.php\/2024\/05\/16\/entretien-avec-janice-harvey\/\">Entretien avec Janice Harvey<\/a><br><a href=\"https:\/\/chrs.uqam.ca\/index.php\/2024\/03\/26\/le-chrs-au-colloque-jmf\/\">Le CHRS au colloque JMF<\/a><br><a href=\"https:\/\/chrs.uqam.ca\/index.php\/2024\/03\/20\/camille-champagne-tremblay-au-micro-dhistoire-de-passer-le-temps\/\">Camille Champagne-Tremblay au micro d&rsquo;<em>Histoire de passer le temps<\/em><\/a><br><a href=\"https:\/\/chrs.uqam.ca\/index.php\/2023\/10\/11\/midi-atelier-lutilisation-de-limage-en-histoire\/\">Midi-atelier : l&rsquo;utilisation de l&rsquo;image en histoire<\/a><br><a href=\"https:\/\/chrs.uqam.ca\/index.php\/2023\/06\/22\/entretien-avec-leila-inksetter\/\">Entretien avec Leila Inksetter<\/a><br><a href=\"https:\/\/chrs.uqam.ca\/index.php\/2023\/05\/17\/nouvelle-emission-radio-de-camille-champagne-tremblay\/\">Nouvelle \u00e9mission radio de Camille Champagne-Tremblay<\/a><br><br><\/div><\/div>\n","protected":false},"excerpt":{"rendered":"<p>Universit\u00e9 du Qu\u00e9bec \u00e0 Montr\u00e9alD\u00e9partement d&rsquo;histoire D\u00e9tentrice d\u2019un baccalaur\u00e9at en enseignement de l\u2019histoire au secondaire, Camille Champagne-Tremblay est actuellement \u00e9tudiante \u00e0 la ma\u00eetrise sous la direction de Martin Petitclerc. Ses&#8230;<\/p>\n","protected":false},"author":11,"featured_media":0,"parent":455,"menu_order":0,"comment_status":"closed","ping_status":"closed","template":"","meta":{"_monsterinsights_skip_tracking":false,"_monsterinsights_sitenote_active":false,"_monsterinsights_sitenote_note":"","_monsterinsights_sitenote_category":0,"footnotes":""},"class_list":["post-11993","page","type-page","status-publish","hentry"],"_links":{"self":[{"href":"https:\/\/chrs.uqam.ca\/index.php\/wp-json\/wp\/v2\/pages\/11993","targetHints":{"allow":["GET"]}}],"collection":[{"href":"https:\/\/chrs.uqam.ca\/index.php\/wp-json\/wp\/v2\/pages"}],"about":[{"href":"https:\/\/chrs.uqam.ca\/index.php\/wp-json\/wp\/v2\/types\/page"}],"author":[{"embeddable":true,"href":"https:\/\/chrs.uqam.ca\/index.php\/wp-json\/wp\/v2\/users\/11"}],"replies":[{"embeddable":true,"href":"https:\/\/chrs.uqam.ca\/index.php\/wp-json\/wp\/v2\/comments?post=11993"}],"version-history":[{"count":4,"href":"https:\/\/chrs.uqam.ca\/index.php\/wp-json\/wp\/v2\/pages\/11993\/revisions"}],"predecessor-version":[{"id":12030,"href":"https:\/\/chrs.uqam.ca\/index.php\/wp-json\/wp\/v2\/pages\/11993\/revisions\/12030"}],"up":[{"embeddable":true,"href":"https:\/\/chrs.uqam.ca\/index.php\/wp-json\/wp\/v2\/pages\/455"}],"wp:attachment":[{"href":"https:\/\/chrs.uqam.ca\/index.php\/wp-json\/wp\/v2\/media?parent=11993"}],"curies":[{"name":"wp","href":"https:\/\/api.w.org\/{rel}","templated":true}]}}