{"id":11973,"date":"2023-02-21T14:58:00","date_gmt":"2023-02-21T18:58:00","guid":{"rendered":"https:\/\/chrs.uqam.ca\/?page_id=11973"},"modified":"2024-02-26T12:13:08","modified_gmt":"2024-02-26T16:13:08","slug":"rebecca-desnoyers","status":"publish","type":"page","link":"https:\/\/chrs.uqam.ca\/index.php\/a-propos\/equipe\/membres-etudiants\/rebecca-desnoyers\/","title":{"rendered":"Rebecca Desnoyers"},"content":{"rendered":"\n<figure class=\"wp-block-image size-large is-resized\"><img loading=\"lazy\" decoding=\"async\" width=\"900\" height=\"1024\" src=\"https:\/\/chrs.uqam.ca\/wp-content\/uploads\/2024\/02\/RebeccaDesnoyers-900x1024.jpeg\" alt=\"\" class=\"wp-image-11974\" style=\"width:316px;height:auto\" srcset=\"https:\/\/chrs.uqam.ca\/wp-content\/uploads\/2024\/02\/RebeccaDesnoyers-900x1024.jpeg 900w, https:\/\/chrs.uqam.ca\/wp-content\/uploads\/2024\/02\/RebeccaDesnoyers-264x300.jpeg 264w, https:\/\/chrs.uqam.ca\/wp-content\/uploads\/2024\/02\/RebeccaDesnoyers-768x874.jpeg 768w, https:\/\/chrs.uqam.ca\/wp-content\/uploads\/2024\/02\/RebeccaDesnoyers-1350x1536.jpeg 1350w, https:\/\/chrs.uqam.ca\/wp-content\/uploads\/2024\/02\/RebeccaDesnoyers-1801x2048.jpeg 1801w, https:\/\/chrs.uqam.ca\/wp-content\/uploads\/2024\/02\/RebeccaDesnoyers.jpeg 1870w\" sizes=\"auto, (max-width: 900px) 100vw, 900px\" \/><\/figure>\n\n\n\n<p><strong>Universit\u00e9 d&rsquo;Ottawa<br>D\u00e9partement de sciences infirmi\u00e8res<\/strong><\/p>\n\n\n\n<p>Rebecca Desnoyers fait actuellement sa ma\u00eetrise en sciences infirmi\u00e8res \u00e0 l&rsquo;Universit\u00e9 d&rsquo;Ottawa, sous la co-direction de Marie-Claude Thifault et Sandra Harrisson. Sa recherche porte principalement sur le processus de transition des infirmi\u00e8res nouvellement qualifi\u00e9es, avec un accent particulier sur leurs exp\u00e9riences au sein du syst\u00e8me psychiatrique et leurs interactions avec les contentions m\u00e9caniques. Elle a recours \u00e0 l\u2019ethnographie afin de r\u00e9diger sa th\u00e8se, qu&rsquo;elle jum\u00e8le \u00e0 la recherche-cr\u00e9ation, afin de produire un sc\u00e9nario de court-m\u00e9trage. Le tout se cadre dans les fonctions du projet SCRIPPT, dont elle fait partie. Ayant le fran\u00e7ais comme langue maternelle, elle s\u2019int\u00e9resse d\u2019autre part \u00e0 l&rsquo;approche des probl\u00e9matiques li\u00e9es \u00e0 l&rsquo;accessibilit\u00e9 aux soins pour les populations francophones au Canada.<\/p>\n\n\n\n<div class=\"su-spoiler su-spoiler-style-default su-spoiler-icon-chevron su-spoiler-closed\" data-scroll-offset=\"0\" data-anchor-in-url=\"no\"><div class=\"su-spoiler-title\" tabindex=\"0\" role=\"button\"><span class=\"su-spoiler-icon\"><\/span>Coordonn\u00e9es<\/div><div class=\"su-spoiler-content su-u-clearfix su-u-trim\">\n\n\n\n<p><strong>Courriel : <\/strong>rdesn026@uottawa.ca<\/div><\/div>\n\n\n\n<div class=\"su-spoiler su-spoiler-style-default su-spoiler-icon-chevron su-spoiler-closed\" data-scroll-offset=\"0\" data-anchor-in-url=\"no\"><div class=\"su-spoiler-title\" tabindex=\"0\" role=\"button\"><span class=\"su-spoiler-icon\"><\/span>Liens<\/div><div class=\"su-spoiler-content su-u-clearfix su-u-trim\">\n\n\n\n<p><a href=\"https:\/\/chrs.uqam.ca\/wp-content\/uploads\/2024\/02\/RebeccaDesnoyers_CV_2024.pdf\" data-type=\"link\" data-id=\"https:\/\/chrs.uqam.ca\/wp-content\/uploads\/2024\/02\/KimGelinas_CV_2024.pdf\" target=\"_blank\" rel=\"noreferrer noopener\">Curriculum vitae<\/a><br><\/div><\/div>\n\n\n\n<div class=\"su-spoiler su-spoiler-style-default su-spoiler-icon-chevron su-spoiler-closed\" data-scroll-offset=\"0\" data-anchor-in-url=\"no\"><div class=\"su-spoiler-title\" tabindex=\"0\" role=\"button\"><span class=\"su-spoiler-icon\"><\/span>Bourses, prix et distinctions<\/div><div class=\"su-spoiler-content su-u-clearfix su-u-trim\">\n\n\n\n<p>Bourse de recherche \u00e0 financement provisoire, octroy\u00e9e par le CRSH (Project SCRIPPT) \u2013 2023-2024<br>Bourse de recherche \u00e0 financement provisoire, octroy\u00e9e par le CRSH (Project SCRIPPT) \u2013 2022-2024<strong> <\/strong><br>Bourse de recherche \u00e0 financement provisoire \u2013 2022<br><\/div><\/div>\n\n\n\n<div class=\"su-spoiler su-spoiler-style-default su-spoiler-icon-chevron\" data-scroll-offset=\"0\" data-anchor-in-url=\"no\"><div class=\"su-spoiler-title\" tabindex=\"0\" role=\"button\"><span class=\"su-spoiler-icon\"><\/span>Nouvelles<\/div><div class=\"su-spoiler-content su-u-clearfix su-u-trim\"><br><br><\/div><\/div>\n\n\n\n<p><br><\/p>\n","protected":false},"excerpt":{"rendered":"<p>Universit\u00e9 d&rsquo;OttawaD\u00e9partement de sciences infirmi\u00e8res Rebecca Desnoyers fait actuellement sa ma\u00eetrise en sciences infirmi\u00e8res \u00e0 l&rsquo;Universit\u00e9 d&rsquo;Ottawa, sous la co-direction de Marie-Claude Thifault et Sandra Harrisson. Sa recherche porte principalement&#8230;<\/p>\n","protected":false},"author":11,"featured_media":0,"parent":455,"menu_order":0,"comment_status":"closed","ping_status":"closed","template":"","meta":{"_monsterinsights_skip_tracking":false,"_monsterinsights_sitenote_active":false,"_monsterinsights_sitenote_note":"","_monsterinsights_sitenote_category":0,"footnotes":""},"class_list":["post-11973","page","type-page","status-publish","hentry"],"_links":{"self":[{"href":"https:\/\/chrs.uqam.ca\/index.php\/wp-json\/wp\/v2\/pages\/11973","targetHints":{"allow":["GET"]}}],"collection":[{"href":"https:\/\/chrs.uqam.ca\/index.php\/wp-json\/wp\/v2\/pages"}],"about":[{"href":"https:\/\/chrs.uqam.ca\/index.php\/wp-json\/wp\/v2\/types\/page"}],"author":[{"embeddable":true,"href":"https:\/\/chrs.uqam.ca\/index.php\/wp-json\/wp\/v2\/users\/11"}],"replies":[{"embeddable":true,"href":"https:\/\/chrs.uqam.ca\/index.php\/wp-json\/wp\/v2\/comments?post=11973"}],"version-history":[{"count":3,"href":"https:\/\/chrs.uqam.ca\/index.php\/wp-json\/wp\/v2\/pages\/11973\/revisions"}],"predecessor-version":[{"id":12032,"href":"https:\/\/chrs.uqam.ca\/index.php\/wp-json\/wp\/v2\/pages\/11973\/revisions\/12032"}],"up":[{"embeddable":true,"href":"https:\/\/chrs.uqam.ca\/index.php\/wp-json\/wp\/v2\/pages\/455"}],"wp:attachment":[{"href":"https:\/\/chrs.uqam.ca\/index.php\/wp-json\/wp\/v2\/media?parent=11973"}],"curies":[{"name":"wp","href":"https:\/\/api.w.org\/{rel}","templated":true}]}}