{"id":11960,"date":"2023-02-21T14:34:00","date_gmt":"2023-02-21T18:34:00","guid":{"rendered":"https:\/\/chrs.uqam.ca\/?page_id=11960"},"modified":"2024-02-26T12:13:45","modified_gmt":"2024-02-26T16:13:45","slug":"kim-gelinas","status":"publish","type":"page","link":"https:\/\/chrs.uqam.ca\/index.php\/a-propos\/equipe\/membres-etudiants\/kim-gelinas\/","title":{"rendered":"Kim G\u00e9linas"},"content":{"rendered":"\n<figure class=\"wp-block-image size-large is-resized\"><img loading=\"lazy\" decoding=\"async\" width=\"768\" height=\"1024\" src=\"https:\/\/chrs.uqam.ca\/wp-content\/uploads\/2024\/02\/KimGelinas-768x1024.jpg\" alt=\"\" class=\"wp-image-11961\" style=\"width:238px;height:auto\" srcset=\"https:\/\/chrs.uqam.ca\/wp-content\/uploads\/2024\/02\/KimGelinas-768x1024.jpg 768w, https:\/\/chrs.uqam.ca\/wp-content\/uploads\/2024\/02\/KimGelinas-225x300.jpg 225w, https:\/\/chrs.uqam.ca\/wp-content\/uploads\/2024\/02\/KimGelinas-1152x1536.jpg 1152w, https:\/\/chrs.uqam.ca\/wp-content\/uploads\/2024\/02\/KimGelinas.jpg 1380w\" sizes=\"auto, (max-width: 768px) 100vw, 768px\" \/><\/figure>\n\n\n\n<p><strong>Universit\u00e9 de Montr\u00e9al<br>D\u00e9partement d&rsquo;histoire<\/strong><\/p>\n\n\n\n<p>Apr\u00e8s avoir effectu\u00e9 un baccalaur\u00e9at multidisciplinaire combinant l\u2019histoire et l\u2019anthropologie, Kim G\u00e9linas est maintenant candidate \u00e0 la ma\u00eetrise en histoire \u00e0 l\u2019Universit\u00e9 de Montr\u00e9al, sous la direction de Catherine Larochelle. <\/p>\n\n\n\n<p>Ses int\u00e9r\u00eats se portent principalement sur l\u2019histoire des femmes, du f\u00e9minisme et de la beaut\u00e9 au Qu\u00e9bec. Plus particuli\u00e8rement, elle s\u2019int\u00e9resse \u00e0 l\u2019influence continue des m\u00e9dias dans la cr\u00e9ation et l\u2019imposition de normes corporelles aux femmes, tout en portant une attention particuli\u00e8re \u00e0 la pr\u00e9sence de diversit\u00e9 dans les m\u00e9dias canadiens francophones. Son m\u00e9moire traite de la repr\u00e9sentation des femmes dans le magazine <em>Ch\u00e2telaine<\/em> de 1960 \u00e0 1975 dans le but d\u2019identifier et d\u2019analyser les standards corporels et sexuels pr\u00e9sent\u00e9s aux femmes par le biais du magazine.<\/p>\n\n\n\n<div class=\"su-spoiler su-spoiler-style-default su-spoiler-icon-chevron su-spoiler-closed\" data-scroll-offset=\"0\" data-anchor-in-url=\"no\"><div class=\"su-spoiler-title\" tabindex=\"0\" role=\"button\"><span class=\"su-spoiler-icon\"><\/span>Coordonn\u00e9es<\/div><div class=\"su-spoiler-content su-u-clearfix su-u-trim\">\n\n\n\n<p><strong>Courriel : <\/strong>kim.gelinas.1@umontreal.ca<\/div><\/div>\n\n\n\n<div class=\"su-spoiler su-spoiler-style-default su-spoiler-icon-chevron su-spoiler-closed\" data-scroll-offset=\"0\" data-anchor-in-url=\"no\"><div class=\"su-spoiler-title\" tabindex=\"0\" role=\"button\"><span class=\"su-spoiler-icon\"><\/span>Liens<\/div><div class=\"su-spoiler-content su-u-clearfix su-u-trim\">\n\n\n\n<p><a href=\"https:\/\/chrs.uqam.ca\/wp-content\/uploads\/2024\/02\/KimGelinas_CV_2024.pdf\" data-type=\"link\" data-id=\"https:\/\/chrs.uqam.ca\/wp-content\/uploads\/2024\/02\/KimGelinas_CV_2024.pdf\" target=\"_blank\" rel=\"noreferrer noopener\">Curriculum vitae<\/a><br><\/div><\/div>\n\n\n\n<div class=\"su-spoiler su-spoiler-style-default su-spoiler-icon-chevron su-spoiler-closed\" data-scroll-offset=\"0\" data-anchor-in-url=\"no\"><div class=\"su-spoiler-title\" tabindex=\"0\" role=\"button\"><span class=\"su-spoiler-icon\"><\/span>Bourses, prix et distinctions<\/div><div class=\"su-spoiler-content su-u-clearfix su-u-trim\">\n\n\n\n<p>Bourse d\u2019\u00e9tudes sup\u00e9rieures du Canada au niveau de la maitrise (BESC M) \u2013 2023<br>Prix Madeleine Saint-Martin \u2013 2023<br>Bourse d\u2019entr\u00e9e au c\u00e9gep de la Fondation du C\u00e9gep de Saint-Hyacinthe \u2013 2018<br><\/div><\/div>\n\n\n\n<div class=\"su-spoiler su-spoiler-style-default su-spoiler-icon-chevron\" data-scroll-offset=\"0\" data-anchor-in-url=\"no\"><div class=\"su-spoiler-title\" tabindex=\"0\" role=\"button\"><span class=\"su-spoiler-icon\"><\/span>Nouvelles<\/div><div class=\"su-spoiler-content su-u-clearfix su-u-trim\"><br><br><\/div><\/div>\n","protected":false},"excerpt":{"rendered":"<p>Universit\u00e9 de Montr\u00e9alD\u00e9partement d&rsquo;histoire Apr\u00e8s avoir effectu\u00e9 un baccalaur\u00e9at multidisciplinaire combinant l\u2019histoire et l\u2019anthropologie, Kim G\u00e9linas est maintenant candidate \u00e0 la ma\u00eetrise en histoire \u00e0 l\u2019Universit\u00e9 de Montr\u00e9al, sous la&#8230;<\/p>\n","protected":false},"author":11,"featured_media":0,"parent":455,"menu_order":0,"comment_status":"closed","ping_status":"closed","template":"","meta":{"_monsterinsights_skip_tracking":false,"_monsterinsights_sitenote_active":false,"_monsterinsights_sitenote_note":"","_monsterinsights_sitenote_category":0,"footnotes":""},"class_list":["post-11960","page","type-page","status-publish","hentry"],"_links":{"self":[{"href":"https:\/\/chrs.uqam.ca\/index.php\/wp-json\/wp\/v2\/pages\/11960","targetHints":{"allow":["GET"]}}],"collection":[{"href":"https:\/\/chrs.uqam.ca\/index.php\/wp-json\/wp\/v2\/pages"}],"about":[{"href":"https:\/\/chrs.uqam.ca\/index.php\/wp-json\/wp\/v2\/types\/page"}],"author":[{"embeddable":true,"href":"https:\/\/chrs.uqam.ca\/index.php\/wp-json\/wp\/v2\/users\/11"}],"replies":[{"embeddable":true,"href":"https:\/\/chrs.uqam.ca\/index.php\/wp-json\/wp\/v2\/comments?post=11960"}],"version-history":[{"count":4,"href":"https:\/\/chrs.uqam.ca\/index.php\/wp-json\/wp\/v2\/pages\/11960\/revisions"}],"predecessor-version":[{"id":12446,"href":"https:\/\/chrs.uqam.ca\/index.php\/wp-json\/wp\/v2\/pages\/11960\/revisions\/12446"}],"up":[{"embeddable":true,"href":"https:\/\/chrs.uqam.ca\/index.php\/wp-json\/wp\/v2\/pages\/455"}],"wp:attachment":[{"href":"https:\/\/chrs.uqam.ca\/index.php\/wp-json\/wp\/v2\/media?parent=11960"}],"curies":[{"name":"wp","href":"https:\/\/api.w.org\/{rel}","templated":true}]}}