{"id":11708,"date":"2023-01-31T17:03:00","date_gmt":"2023-01-31T21:03:00","guid":{"rendered":"https:\/\/chrs.uqam.ca\/?page_id=11708"},"modified":"2024-02-26T12:15:09","modified_gmt":"2024-02-26T16:15:09","slug":"dorothee-perron","status":"publish","type":"page","link":"https:\/\/chrs.uqam.ca\/index.php\/a-propos\/equipe\/membres-etudiants\/dorothee-perron\/","title":{"rendered":"Doroth\u00e9e Perron"},"content":{"rendered":"\n<figure class=\"wp-block-image size-large is-resized\"><img loading=\"lazy\" decoding=\"async\" width=\"1024\" height=\"1024\" src=\"https:\/\/chrs.uqam.ca\/wp-content\/uploads\/2024\/01\/Photo_DorotheePerron-scaled-e1706016208820-1024x1024.jpg\" alt=\"\" class=\"wp-image-11648\" style=\"width:238px;height:auto\" srcset=\"https:\/\/chrs.uqam.ca\/wp-content\/uploads\/2024\/01\/Photo_DorotheePerron-scaled-e1706016208820-1024x1024.jpg 1024w, https:\/\/chrs.uqam.ca\/wp-content\/uploads\/2024\/01\/Photo_DorotheePerron-scaled-e1706016208820-300x300.jpg 300w, https:\/\/chrs.uqam.ca\/wp-content\/uploads\/2024\/01\/Photo_DorotheePerron-scaled-e1706016208820-150x150.jpg 150w, https:\/\/chrs.uqam.ca\/wp-content\/uploads\/2024\/01\/Photo_DorotheePerron-scaled-e1706016208820-768x768.jpg 768w, https:\/\/chrs.uqam.ca\/wp-content\/uploads\/2024\/01\/Photo_DorotheePerron-scaled-e1706016208820.jpg 1365w\" sizes=\"auto, (max-width: 1024px) 100vw, 1024px\" \/><\/figure>\n\n\n\n<p><strong>Universit\u00e9 de Sherbrooke<br>D\u00e9partement d&rsquo;histoire<\/strong><\/p>\n\n\n\n<p>Doroth\u00e9e Perron est candidate \u00e0 la ma\u00eetrise en histoire \u00e0 l\u2019Universit\u00e9 de Sherbrooke, sous la direction de Louise Bienvenue. S\u2019int\u00e9ressant aux mouvements sociaux du XX<sup>e<\/sup> si\u00e8cle, ses recherches portent plus sp\u00e9cifiquement sur la contre-culture des ann\u00e9es 1970 et le mouvement f\u00e9ministe de la \u00ab&nbsp;deuxi\u00e8me vague&nbsp;\u00bb au Qu\u00e9bec.<\/p>\n\n\n\n<p>Son projet de m\u00e9moire vise \u00e0 \u00e9valuer les rapports sociaux entre les hommes et les femmes au sein du mouvement hippie qu\u00e9b\u00e9cois (1967-1978). \u00c0 l\u2019aide de l\u2019histoire orale, cette recherche veut mettre en lumi\u00e8re la notion de l\u2019\u00e9galit\u00e9 entre les sexes d\u00e9fendue par le mouvement contre-culturel au Qu\u00e9bec et les pratiques qui en d\u00e9coulent.<\/p>\n\n\n\n<div class=\"su-spoiler su-spoiler-style-default su-spoiler-icon-chevron su-spoiler-closed\" data-scroll-offset=\"0\" data-anchor-in-url=\"no\"><div class=\"su-spoiler-title\" tabindex=\"0\" role=\"button\"><span class=\"su-spoiler-icon\"><\/span>Coordonn\u00e9es<\/div><div class=\"su-spoiler-content su-u-clearfix su-u-trim\">\n\n\n\n<p><strong>Courriel : <\/strong>Dorothee.Perron@usherbrooke.ca<\/div><\/div>\n\n\n\n<div class=\"su-spoiler su-spoiler-style-default su-spoiler-icon-chevron su-spoiler-closed\" data-scroll-offset=\"0\" data-anchor-in-url=\"no\"><div class=\"su-spoiler-title\" tabindex=\"0\" role=\"button\"><span class=\"su-spoiler-icon\"><\/span>Liens<\/div><div class=\"su-spoiler-content su-u-clearfix su-u-trim\">\n\n\n\n<p><a href=\"https:\/\/chrs.uqam.ca\/wp-content\/uploads\/2024\/01\/DorotheePerron_CV-2024.pdf\" data-type=\"link\" data-id=\"https:\/\/chrs.uqam.ca\/wp-content\/uploads\/2024\/01\/DorotheePerron_CV-2024.pdf\" target=\"_blank\" rel=\"noreferrer noopener\">Curriculum vitae<\/a><br><\/div><\/div>\n\n\n\n<div class=\"su-spoiler su-spoiler-style-default su-spoiler-icon-chevron\" data-scroll-offset=\"0\" data-anchor-in-url=\"no\"><div class=\"su-spoiler-title\" tabindex=\"0\" role=\"button\"><span class=\"su-spoiler-icon\"><\/span>Nouvelles<\/div><div class=\"su-spoiler-content su-u-clearfix su-u-trim\"><br><a href=\"https:\/\/chrs.uqam.ca\/index.php\/2025\/06\/05\/meggie-sue-cadrin-remporte-le-prix-du-livre-politique-de-lassemblee-nationale\/\">Meggie Sue Cadrin remporte le Prix du livre politique de l&rsquo;Assembl\u00e9e nationale<\/a><br><a href=\"https:\/\/chrs.uqam.ca\/index.php\/2024\/03\/26\/le-chrs-au-colloque-jmf\/\">Le CHRS au colloque JMF<\/a><br><a href=\"https:\/\/chrs.uqam.ca\/index.php\/2024\/01\/22\/entrevue-de-dorothee-perron-pour-un-article-sur-les-communes-hippies\/\">Entrevue de Doroth\u00e9e Perron pour un article sur les communes hippies<\/a><br><br><\/div><\/div>\n","protected":false},"excerpt":{"rendered":"<p>Universit\u00e9 de SherbrookeD\u00e9partement d&rsquo;histoire Doroth\u00e9e Perron est candidate \u00e0 la ma\u00eetrise en histoire \u00e0 l\u2019Universit\u00e9 de Sherbrooke, sous la direction de Louise Bienvenue. S\u2019int\u00e9ressant aux mouvements sociaux du XXe si\u00e8cle,&#8230;<\/p>\n","protected":false},"author":11,"featured_media":0,"parent":455,"menu_order":0,"comment_status":"closed","ping_status":"closed","template":"","meta":{"_monsterinsights_skip_tracking":false,"_monsterinsights_sitenote_active":false,"_monsterinsights_sitenote_note":"","_monsterinsights_sitenote_category":0,"footnotes":""},"class_list":["post-11708","page","type-page","status-publish","hentry"],"_links":{"self":[{"href":"https:\/\/chrs.uqam.ca\/index.php\/wp-json\/wp\/v2\/pages\/11708","targetHints":{"allow":["GET"]}}],"collection":[{"href":"https:\/\/chrs.uqam.ca\/index.php\/wp-json\/wp\/v2\/pages"}],"about":[{"href":"https:\/\/chrs.uqam.ca\/index.php\/wp-json\/wp\/v2\/types\/page"}],"author":[{"embeddable":true,"href":"https:\/\/chrs.uqam.ca\/index.php\/wp-json\/wp\/v2\/users\/11"}],"replies":[{"embeddable":true,"href":"https:\/\/chrs.uqam.ca\/index.php\/wp-json\/wp\/v2\/comments?post=11708"}],"version-history":[{"count":3,"href":"https:\/\/chrs.uqam.ca\/index.php\/wp-json\/wp\/v2\/pages\/11708\/revisions"}],"predecessor-version":[{"id":12035,"href":"https:\/\/chrs.uqam.ca\/index.php\/wp-json\/wp\/v2\/pages\/11708\/revisions\/12035"}],"up":[{"embeddable":true,"href":"https:\/\/chrs.uqam.ca\/index.php\/wp-json\/wp\/v2\/pages\/455"}],"wp:attachment":[{"href":"https:\/\/chrs.uqam.ca\/index.php\/wp-json\/wp\/v2\/media?parent=11708"}],"curies":[{"name":"wp","href":"https:\/\/api.w.org\/{rel}","templated":true}]}}