{"id":11,"date":"2017-01-23T00:01:55","date_gmt":"2017-01-22T23:01:55","guid":{"rendered":"http:\/\/chrs.cieq.ca\/?page_id=11"},"modified":"2026-03-26T13:55:29","modified_gmt":"2026-03-26T17:55:29","slug":"pour-nous-joindre","status":"publish","type":"page","link":"https:\/\/chrs.uqam.ca\/index.php\/a-propos\/pour-nous-joindre\/","title":{"rendered":"Pour nous joindre"},"content":{"rendered":"<p><strong>Vous avez des questions \u00e0 nous poser ?<br \/>\nUne th\u00e9matique de recherche vous int\u00e9resse plus particuli\u00e8rement ?<br \/>\nVous voulez faire appel \u00e0 l&rsquo;expertise du CHRS pour votre institution ou vos recherches ?<br \/>\nN&rsquo;h\u00e9sitez pas \u00e0 nous contacter par t\u00e9l\u00e9phone, par courriel ou par la poste.<\/strong><\/p>\n<div class=\"su-row\"><\/div><div class=\"su-column su-column-size-1-2\"><div class=\"su-column-inner su-u-clearfix su-u-trim\">\n<h3>Martin Petitclerc<\/h3>\n<p><strong> Directeur<\/strong><br \/>\n514-987-3000, poste 8305<br \/>\n<a href=\"mailto:petitclerc.martin@uqam.ca\">petitclerc.martin@uqam.ca<\/a><br \/>\n<\/div><\/div>\n<div class=\"su-column su-column-size-1-2\"><div class=\"su-column-inner su-u-clearfix su-u-trim\"><\/div><\/div>\n<h3>Adresse postale<\/h3>\n<p><strong>Centre d'histoire des r\u00e9gulations sociales (CHRS)<\/strong><br \/>\nD\u00e9partement d'histoire, local A-6270<br \/>\nUniversit\u00e9 du Qu\u00e9bec \u00e0 Montr\u00e9al<br \/>\nC.P. 8888, Succursale centre-ville<br \/>\nMontr\u00e9al (Qu\u00e9bec)<br \/>\nCANADA<br \/>\nH3C 3P8<\/p>\n<h3>Adresse civique<\/h3>\n<p><strong>Centre d'histoire des r\u00e9gulations sociales (CHRS)<\/strong><br \/>\nPavillon Hubert-Aquin<br \/>\nUniversit\u00e9 du Qu\u00e9bec \u00e0 Montr\u00e9al<br \/>\n1255, rue Saint-Denis, local A-6270<br \/>\nMontr\u00e9al (Qu\u00e9bec) H2X 3R7<\/p>\n<p><strong>T\u00e9l\u00e9phone<\/strong> : 514-987-3000, poste 6511<\/p>\n","protected":false},"excerpt":{"rendered":"<p>Vous avez des questions \u00e0 nous poser ? Une th\u00e9matique de recherche vous int\u00e9resse plus particuli\u00e8rement ? Vous voulez faire appel \u00e0 l&rsquo;expertise du CHRS pour votre institution ou vos&#8230;<\/p>\n","protected":false},"author":2,"featured_media":0,"parent":5,"menu_order":3,"comment_status":"closed","ping_status":"closed","template":"","meta":{"_monsterinsights_skip_tracking":false,"_monsterinsights_sitenote_active":false,"_monsterinsights_sitenote_note":"","_monsterinsights_sitenote_category":0,"footnotes":""},"class_list":["post-11","page","type-page","status-publish","hentry"],"_links":{"self":[{"href":"https:\/\/chrs.uqam.ca\/index.php\/wp-json\/wp\/v2\/pages\/11","targetHints":{"allow":["GET"]}}],"collection":[{"href":"https:\/\/chrs.uqam.ca\/index.php\/wp-json\/wp\/v2\/pages"}],"about":[{"href":"https:\/\/chrs.uqam.ca\/index.php\/wp-json\/wp\/v2\/types\/page"}],"author":[{"embeddable":true,"href":"https:\/\/chrs.uqam.ca\/index.php\/wp-json\/wp\/v2\/users\/2"}],"replies":[{"embeddable":true,"href":"https:\/\/chrs.uqam.ca\/index.php\/wp-json\/wp\/v2\/comments?post=11"}],"version-history":[{"count":7,"href":"https:\/\/chrs.uqam.ca\/index.php\/wp-json\/wp\/v2\/pages\/11\/revisions"}],"predecessor-version":[{"id":12643,"href":"https:\/\/chrs.uqam.ca\/index.php\/wp-json\/wp\/v2\/pages\/11\/revisions\/12643"}],"up":[{"embeddable":true,"href":"https:\/\/chrs.uqam.ca\/index.php\/wp-json\/wp\/v2\/pages\/5"}],"wp:attachment":[{"href":"https:\/\/chrs.uqam.ca\/index.php\/wp-json\/wp\/v2\/media?parent=11"}],"curies":[{"name":"wp","href":"https:\/\/api.w.org\/{rel}","templated":true}]}}