{"id":10395,"date":"2023-01-30T10:37:39","date_gmt":"2023-01-30T14:37:39","guid":{"rendered":"https:\/\/chrs.uqam.ca\/?page_id=10395"},"modified":"2024-11-13T14:38:21","modified_gmt":"2024-11-13T18:38:21","slug":"justin-chauvette","status":"publish","type":"page","link":"https:\/\/chrs.uqam.ca\/index.php\/justin-chauvette\/","title":{"rendered":"Justin Chauvette"},"content":{"rendered":"\n<p><strong>Universit\u00e9 du Qu\u00e9bec \u00e0 Montr\u00e9al<br>D\u00e9partement d&rsquo;histoire<\/strong><\/p>\n\n\n\n<figure class=\"wp-block-image size-full is-resized\"><img loading=\"lazy\" decoding=\"async\" width=\"490\" height=\"455\" src=\"https:\/\/chrs.uqam.ca\/wp-content\/uploads\/2024\/11\/Justin-Chauvette-2024-e1730839613223.jpg\" alt=\"\" class=\"wp-image-12366\" style=\"width:270px;height:270px\" srcset=\"https:\/\/chrs.uqam.ca\/wp-content\/uploads\/2024\/11\/Justin-Chauvette-2024-e1730839613223.jpg 490w, https:\/\/chrs.uqam.ca\/wp-content\/uploads\/2024\/11\/Justin-Chauvette-2024-e1730839613223-300x279.jpg 300w\" sizes=\"auto, (max-width: 490px) 100vw, 490px\" \/><\/figure>\n\n\n\n<p>Justin Chauvette est actuellement dipl\u00f4m\u00e9 d\u2019un baccalaur\u00e9at en histoire \u00e0 l\u2019UQTR. Depuis l\u2019automne 2022, il est candidat \u00e0 la ma\u00eetrise en histoire \u00e0 l\u2019UQAM sous la direction de Martin Petitclerc et de Jonas Campion. Son m\u00e9moire, <em>\u00ab En vue de prot\u00e9ger les jeunes \u00bb : Les rapports entre la police et la Cour de bien-\u00eatre social dans la r\u00e9gulation de la d\u00e9linquance juv\u00e9nile \u00e0 Trois-Rivi\u00e8res, 1950-1960<\/em>, porte sur les interactions entre les jeunes et la police dans le processus d&rsquo;arrestation et de comparution au sein de la Cour de bien-\u00eatre social de Trois-Rivi\u00e8res.<\/p>\n\n\n\n<p>Dans le cadre de ses recherches, il d\u00e9sire mettre en lumi\u00e8re les pratiques polici\u00e8res \u00e0 travers des perspectives de socio-histoire des syst\u00e8mes policiers, de construction sociale du risque et de la dangerosit\u00e9, de l\u2019organisation de l\u2019assistance publique au Qu\u00e9bec au 20e&nbsp;si\u00e8cle, d\u2019enjeux sociaux contemporains en r\u00e9gion, tout en reliant ces perspectives \u00e0 une approche en histoire de la justice pour mineurs et de ses institutions, et ce, dans le cadre th\u00e9orique des r\u00e9gulations sociales et dans la r\u00e9gion de la Mauricie.<\/p>\n\n\n<div class=\"su-spoiler su-spoiler-style-default su-spoiler-icon-chevron su-spoiler-closed\" data-scroll-offset=\"0\" data-anchor-in-url=\"no\"><div class=\"su-spoiler-title\" tabindex=\"0\" role=\"button\"><span class=\"su-spoiler-icon\"><\/span>Liens<\/div><div class=\"su-spoiler-content su-u-clearfix su-u-trim\">\n<p><a href=\"https:\/\/chrs.uqam.ca\/wp-content\/uploads\/2024\/11\/JustinChauvette-CV-automne2024.pdf\" target=\"_blank\" rel=\"noopener\">Curriculum vitae<\/a><br \/>\n<\/div><\/div>\n\n\n<div class=\"su-spoiler su-spoiler-style-default su-spoiler-icon-chevron su-spoiler-closed\" data-scroll-offset=\"0\" data-anchor-in-url=\"no\"><div class=\"su-spoiler-title\" tabindex=\"0\" role=\"button\"><span class=\"su-spoiler-icon\"><\/span>Bourses, prix et distinctions<\/div><div class=\"su-spoiler-content su-u-clearfix su-u-trim\">\n<p>Bourse du CHRS (CHRS)\u00a0: 7000$. (Automne 2024)<br \/>\nBourse pour stage en milieu de pratique (FRQSC)\u00a0: 9000$. (Printemps 2024)<br \/>\nBourse de la Facult\u00e9 des sciences humaines de l\u2019UQ\u00c0M (UQ\u00c0M)\u00a0: 4000$ (Automne 2023)<br \/>\nBourse d&rsquo;initiation \u00e0 la recherche du premier cycle (CIEQ-UQTR) : 5000$. (\u00c9t\u00e9 2022)<br \/>\nBourse pour la pers\u00e9v\u00e9rance des \u00e9tudiants (UQTR) : 1200$. (Automne 2021)<\/p>\n<\/div><\/div>\n<div class=\"su-spoiler su-spoiler-style-default su-spoiler-icon-chevron\" data-scroll-offset=\"0\" data-anchor-in-url=\"no\"><div class=\"su-spoiler-title\" tabindex=\"0\" role=\"button\"><span class=\"su-spoiler-icon\"><\/span>Nouvelles<\/div><div class=\"su-spoiler-content su-u-clearfix su-u-trim\">\n<a href=\"https:\/\/chrs.uqam.ca\/index.php\/2025\/11\/03\/retour-sur-le-congres-de-lihaf-un-prix-pour-janice-harvey-et-un-panel-fascinant-pour-lequipe-du-chrs\/\">Retour sur le Congr\u00e8s de l&rsquo;IHAF : Un prix pour Janice Harvey et un panel fascinant pour l&rsquo;\u00e9quipe du CHRS<\/a><br><a href=\"https:\/\/chrs.uqam.ca\/index.php\/2025\/10\/02\/plusieurs-membres-du-chrs-au-congres-annuel-de-lihaf\/\">Plusieurs membres du CHRS au congr\u00e8s annuel de l&rsquo;IHAF<\/a><br><a href=\"https:\/\/chrs.uqam.ca\/index.php\/2025\/09\/04\/justin-chauvette-titulaire-de-bourses-doctorales\/\">Justin Chauvette titulaire de bourses doctorales<\/a><br><a href=\"https:\/\/chrs.uqam.ca\/index.php\/2024\/11\/13\/conference-de-justin-chauvette-sur-la-centrale-de-la-gabelle\/\">Conf\u00e9rence de Justin Chauvette sur la centrale de La Gabelle<\/a><br><a href=\"https:\/\/chrs.uqam.ca\/index.php\/2024\/11\/08\/laureat-e-s-des-bourses-du-chrs-2024-2025\/\">Laur\u00e9at.e.s des bourses du CHRS 2024-2025<\/a><br><a href=\"https:\/\/chrs.uqam.ca\/index.php\/2024\/11\/05\/justin-chauvette-nomme-president-du-comite-etudiant-de-lihaf\/\">Justin Chauvette nomm\u00e9 pr\u00e9sident du comit\u00e9 \u00e9tudiant de l\u2019IHAF<\/a><br><a href=\"https:\/\/chrs.uqam.ca\/index.php\/2024\/09\/25\/justin-chauvette-participe-a-la-realisation-de-lexposition-le-centenaire-de-la-centrale-la-gabelle-1924-2024\/\">Justin Chauvette participe \u00e0 la r\u00e9alisation de l\u2019exposition <i>Le centenaire de la centrale La Gabelle 1924-2024<\/i><\/a><br><a href=\"https:\/\/chrs.uqam.ca\/index.php\/2024\/06\/26\/justin-chauvette-publie-un-article-dans-la-revue-empreintes\/\">Justin Chauvette publie un article dans la revue <i>Empreintes<\/i><\/a><br><a href=\"https:\/\/chrs.uqam.ca\/index.php\/2024\/05\/29\/des-membres-etudiant-e-s-du-chrs-remportent-une-bourse-frqsc\/\">Des membres \u00e9tudiant.e.s du CHRS remportent une bourse FRQSC<\/a><br><a href=\"https:\/\/chrs.uqam.ca\/index.php\/2024\/05\/02\/justin-chauvette-participe-au-colloque-etudiant-du-cieq\/\">Justin Chauvette participe au colloque \u00e9tudiant du CIEQ<\/a><br><a href=\"https:\/\/chrs.uqam.ca\/index.php\/2023\/09\/07\/plusieurs-de-nos-membres-au-congres-2023-de-lihaf\/\">Plusieurs de nos membres au Congr\u00e8s 2023 de l&rsquo;IHAF<\/a><br><a href=\"https:\/\/chrs.uqam.ca\/index.php\/2023\/03\/22\/des-membres-du-chrs-au-colloque-jean-marie-fecteau\/\">Des membres du CHRS au colloque Jean-Marie Fecteau<\/a><br><a href=\"https:\/\/chrs.uqam.ca\/index.php\/2023\/01\/11\/justin-chauvette-participe-a-lemission-radio-histoire-de-passe-le-temps-sur-choq\/\">Justin Chauvette participe \u00e0 l&rsquo;\u00e9mission radio <em>Histoire de passe le temps<\/em> sur CHOQ<\/a><br>\n<\/div><\/div>\n","protected":false},"excerpt":{"rendered":"<p>Universit\u00e9 du Qu\u00e9bec \u00e0 Montr\u00e9alD\u00e9partement d&rsquo;histoire Justin Chauvette est actuellement dipl\u00f4m\u00e9 d\u2019un baccalaur\u00e9at en histoire \u00e0 l\u2019UQTR. Depuis l\u2019automne 2022, il est candidat \u00e0 la ma\u00eetrise en histoire \u00e0 l\u2019UQAM&#8230;<\/p>\n","protected":false},"author":2,"featured_media":0,"parent":0,"menu_order":0,"comment_status":"closed","ping_status":"closed","template":"","meta":{"_monsterinsights_skip_tracking":false,"_monsterinsights_sitenote_active":false,"_monsterinsights_sitenote_note":"","_monsterinsights_sitenote_category":0,"footnotes":""},"class_list":["post-10395","page","type-page","status-publish","hentry"],"_links":{"self":[{"href":"https:\/\/chrs.uqam.ca\/index.php\/wp-json\/wp\/v2\/pages\/10395","targetHints":{"allow":["GET"]}}],"collection":[{"href":"https:\/\/chrs.uqam.ca\/index.php\/wp-json\/wp\/v2\/pages"}],"about":[{"href":"https:\/\/chrs.uqam.ca\/index.php\/wp-json\/wp\/v2\/types\/page"}],"author":[{"embeddable":true,"href":"https:\/\/chrs.uqam.ca\/index.php\/wp-json\/wp\/v2\/users\/2"}],"replies":[{"embeddable":true,"href":"https:\/\/chrs.uqam.ca\/index.php\/wp-json\/wp\/v2\/comments?post=10395"}],"version-history":[{"count":3,"href":"https:\/\/chrs.uqam.ca\/index.php\/wp-json\/wp\/v2\/pages\/10395\/revisions"}],"predecessor-version":[{"id":12381,"href":"https:\/\/chrs.uqam.ca\/index.php\/wp-json\/wp\/v2\/pages\/10395\/revisions\/12381"}],"wp:attachment":[{"href":"https:\/\/chrs.uqam.ca\/index.php\/wp-json\/wp\/v2\/media?parent=10395"}],"curies":[{"name":"wp","href":"https:\/\/api.w.org\/{rel}","templated":true}]}}