{"id":10246,"date":"2022-11-07T15:36:16","date_gmt":"2022-11-07T19:36:16","guid":{"rendered":"https:\/\/chrs.uqam.ca\/?page_id=10246"},"modified":"2022-11-07T15:36:17","modified_gmt":"2022-11-07T19:36:17","slug":"rania-iraqi","status":"publish","type":"page","link":"https:\/\/chrs.uqam.ca\/index.php\/a-propos\/equipe\/membres-etudiants\/rania-iraqi\/","title":{"rendered":"Rania Iraqi"},"content":{"rendered":"\n<p><strong>Universit\u00e9 de Montr\u00e9al<br>D\u00e9partement d&rsquo;histoire<\/strong><\/p>\n\n\n\n<figure class=\"wp-block-image size-full is-resized\"><img loading=\"lazy\" decoding=\"async\" src=\"https:\/\/chrs.uqam.ca\/wp-content\/uploads\/2022\/11\/rania_iraqi-edited.jpg\" alt=\"\" class=\"wp-image-10250\" width=\"209\" height=\"270\" srcset=\"https:\/\/chrs.uqam.ca\/wp-content\/uploads\/2022\/11\/rania_iraqi-edited.jpg 1570w, https:\/\/chrs.uqam.ca\/wp-content\/uploads\/2022\/11\/rania_iraqi-edited-232x300.jpg 232w, https:\/\/chrs.uqam.ca\/wp-content\/uploads\/2022\/11\/rania_iraqi-edited-792x1024.jpg 792w, https:\/\/chrs.uqam.ca\/wp-content\/uploads\/2022\/11\/rania_iraqi-edited-768x994.jpg 768w, https:\/\/chrs.uqam.ca\/wp-content\/uploads\/2022\/11\/rania_iraqi-edited-1187x1536.jpg 1187w\" sizes=\"auto, (max-width: 209px) 100vw, 209px\" \/><\/figure>\n\n\n\n<p>Je suis candidate \u00e0 la ma\u00eetrise en histoire avec option enseignement au coll\u00e9gial \u00e0 l\u2019Universit\u00e9 de Montr\u00e9al sous la direction de Catherine Larochelle.\u00a0<\/p>\n\n\n\n<p>Je r\u00e9dige un m\u00e9moire de ma\u00eetrise portant sur l\u2019influence des manuels scolaires sur les repr\u00e9sentations de l\u2019immigration arabe et juive au Qu\u00e9bec et au Canada. Cela en lien avec le conflit isra\u00e9lo-arabe et de son impact sur la cr\u00e9ation de l\u2019identit\u00e9 des immigrants au Canada \u00e0 la fin du XXe si\u00e8cle.\u00a0<\/p>\n\n\n\n<p>Je suis moi-m\u00eame une immigrante du Maroc, je suis arriv\u00e9e au Canada \u00e0 l\u2019\u00e2ge de 6 ans. Mes champs d\u2019int\u00e9r\u00eat historique reposent sur la double identit\u00e9 que les immigrants vivent, ainsi que l\u2019alt\u00e9rit\u00e9, l\u2019orientalisme, les id\u00e9ologies raciales et genr\u00e9es au Qu\u00e9bec et au Canada.<\/p>\n\n\n<div class=\"su-spoiler su-spoiler-style-default su-spoiler-icon-chevron su-spoiler-closed\" data-scroll-offset=\"0\" data-anchor-in-url=\"no\"><div class=\"su-spoiler-title\" tabindex=\"0\" role=\"button\"><span class=\"su-spoiler-icon\"><\/span>Liens<\/div><div class=\"su-spoiler-content su-u-clearfix su-u-trim\">\n<p><a href=https:\/\/chrs.uqam.ca\/wp-content\/uploads\/2022\/11\/IRAQI_Rania_C.V-copie.pdf\" target=\"_blank\" rel=\"noopener\">Curriculum vitae<\/a><br \/>\n<\/div><\/div>\n\n\n<div class=\"su-spoiler su-spoiler-style-default su-spoiler-icon-chevron\" data-scroll-offset=\"0\" data-anchor-in-url=\"no\"><div class=\"su-spoiler-title\" tabindex=\"0\" role=\"button\"><span class=\"su-spoiler-icon\"><\/span>Nouvelles<\/div><div class=\"su-spoiler-content su-u-clearfix su-u-trim\">\n\n<\/div><\/div>\n","protected":false},"excerpt":{"rendered":"<p>Universit\u00e9 de Montr\u00e9alD\u00e9partement d&rsquo;histoire Je suis candidate \u00e0 la ma\u00eetrise en histoire avec option enseignement au coll\u00e9gial \u00e0 l\u2019Universit\u00e9 de Montr\u00e9al sous la direction de Catherine Larochelle.\u00a0 Je r\u00e9dige un&#8230;<\/p>\n","protected":false},"author":2,"featured_media":0,"parent":455,"menu_order":0,"comment_status":"closed","ping_status":"closed","template":"","meta":{"_monsterinsights_skip_tracking":false,"_monsterinsights_sitenote_active":false,"_monsterinsights_sitenote_note":"","_monsterinsights_sitenote_category":0,"footnotes":""},"class_list":["post-10246","page","type-page","status-publish","hentry"],"_links":{"self":[{"href":"https:\/\/chrs.uqam.ca\/index.php\/wp-json\/wp\/v2\/pages\/10246","targetHints":{"allow":["GET"]}}],"collection":[{"href":"https:\/\/chrs.uqam.ca\/index.php\/wp-json\/wp\/v2\/pages"}],"about":[{"href":"https:\/\/chrs.uqam.ca\/index.php\/wp-json\/wp\/v2\/types\/page"}],"author":[{"embeddable":true,"href":"https:\/\/chrs.uqam.ca\/index.php\/wp-json\/wp\/v2\/users\/2"}],"replies":[{"embeddable":true,"href":"https:\/\/chrs.uqam.ca\/index.php\/wp-json\/wp\/v2\/comments?post=10246"}],"version-history":[{"count":0,"href":"https:\/\/chrs.uqam.ca\/index.php\/wp-json\/wp\/v2\/pages\/10246\/revisions"}],"up":[{"embeddable":true,"href":"https:\/\/chrs.uqam.ca\/index.php\/wp-json\/wp\/v2\/pages\/455"}],"wp:attachment":[{"href":"https:\/\/chrs.uqam.ca\/index.php\/wp-json\/wp\/v2\/media?parent=10246"}],"curies":[{"name":"wp","href":"https:\/\/api.w.org\/{rel}","templated":true}]}}